{"id":1187,"date":"2012-04-21T12:28:36","date_gmt":"2012-04-21T11:28:36","guid":{"rendered":"http:\/\/www.optimal-banking.de\/news\/?page_id=1187"},"modified":"2012-04-21T12:28:36","modified_gmt":"2012-04-21T11:28:36","slug":"tan-verfahren","status":"publish","type":"page","link":"https:\/\/www.optimal-banking.de\/news\/tan-verfahren\/","title":{"rendered":"Tagesgeldkonten und ihre TAN-Verfahren"},"content":{"rendered":"<h2 style=\"margin-top:0px\">Welche Tagesgeldkonten kann man mittels Bankingsoftware steuern?<\/h2>\n<p><strong>Wo gebe es eine \u00dcbersicht von Tagesgeldbanken, bei denen man das Konto bequem mittels Bankingsoftware (beispielsweise <a href=\"\/bank\/starmoney.php\">StarMoney<\/a> oder <a href=\"\/info\/windata-soho.php\">Windata<\/a>) verwalten k\u00f6nne, fragte uns ein Leser.<\/strong><br \/>\n<div id=\"attachment_1203\" style=\"width: 210px\" class=\"wp-caption alignright\"><img loading=\"lazy\" decoding=\"async\" aria-describedby=\"caption-attachment-1203\" src=\"https:\/\/www.optimal-banking.de\/news\/wp-content\/uploads\/sites\/2\/2012\/04\/bankingsoftware.jpg\" alt=\"Bankingsoftware\" title=\"Bankingsoftware\" width=\"200\" height=\"131\" class=\"size-full wp-image-1203\" \/><p id=\"caption-attachment-1203\" class=\"wp-caption-text\">Alle Tagesgeldkonten in einer Software bequem verwalten<\/p><\/div><br \/>\nSolch eine \u00dcbersicht kannten wir nicht. Au\u00dferdem vermuteten wir, dass es nicht viele Menschen geben w\u00fcrde, die sich f\u00fcr so etwas interessieren.<\/p>\n<blockquote><p>42 % w\u00fcrden gerne Tagesgeldkonten mit Software verwalten<\/p><\/blockquote>\n<p>Die schnell organisierte <a href=\"\/data\/voting.php\">Leserumfrage<\/a> ergab, dass 42 % die M\u00f6glichkeit der Integration der verschiedenen Tagesgeldkonten in eine professionelle Bankingsoftware begr\u00fc\u00dfen w\u00fcrden. Hier unsere \u00dcbersicht von geeigneten <a href=\"\/info\/homebanking-software.php\">Softwareprogrammen mit Preis und Leistung<\/a>.<\/p>\n<h2>Diese Tagesgeldbanken bieten die Steuerung \u00fcber Software-Banking an<\/h2>\n<p>Aus der folgenden Tabelle kann man entnehmen, mit welchem Tagesgeldanbieter ein Softwarebanking m\u00f6glich ist und welches Sicherheitsverfahren bei der Auftragsbest\u00e4tigung verwendet wird.<\/p>\n<table>\n<thead>\n<tr>\n<td colspan=\"2\"><strong>Bank und Tagesgeldinfos<\/strong><\/td>\n<td><strong>Softwarebanking?<\/strong><\/td>\n<td><strong>HBCI-Chipkarte?<\/strong><\/td>\n<td><strong>TAN-Verfahren?<\/strong><\/td>\n<\/tr>\n<\/thead>\n<tbody>\n<tr class=\"hover\">\n<td><img decoding=\"async\" src=\"\/images\/1822direkt_88x31.gif\" alt=\"1822direkt\" \/><\/td>\n<td><a href=\"\/bank\/1822direkt.php\">1822direkt<\/a><\/td>\n<td><img decoding=\"async\" src=\"\/x210\/gruener-haken.png\" alt=\"ja\" \/><\/td>\n<td><img decoding=\"async\" src=\"\/x210\/gruener-haken.png\" alt=\"ja\" \/><\/td>\n<td>iTAN, mTAN<\/td>\n<\/tr>\n<tr class=\"hover\">\n<td><img decoding=\"async\" src=\"\/images\/autobank-88x31.png\" alt=\"AutoBank\" \/><\/td>\n<td><a href=\"\/erfahrungen\/autobank-tagesgeld.php\">AutoBank<\/a><\/td>\n<td><img decoding=\"async\" src=\"\/x210\/rotes-kreuz.png\" alt=\"nein\" \/><\/td>\n<td><img decoding=\"async\" src=\"\/x210\/rotes-kreuz.png\" alt=\"nein\" \/><\/td>\n<td>nur mit PIN<\/td>\n<\/tr>\n<tr class=\"hover\">\n<td><img decoding=\"async\" src=\"\/thema\/2009\/bos-88x31.gif\" alt=\"Bank of Scotland\" \/><\/td>\n<td><a href=\"\/bank\/of-scotland-tagesgeld.php\">Bank of Scotland<\/a><\/td>\n<td><img decoding=\"async\" src=\"\/x210\/rotes-kreuz.png\" alt=\"nein\" \/><\/td>\n<td><img decoding=\"async\" src=\"\/x210\/rotes-kreuz.png\" alt=\"nein\" \/><\/td>\n<td>mTAN<\/td>\n<\/tr>\n<tr class=\"hover\">\n<td><img decoding=\"async\" src=\"\/x210\/barclays-88x31.png\" alt=\"Barclays Bank\" \/><\/td>\n<td><a href=\"\/bank\/barclays-tagesgeld.php\">Barclays Bank<\/a><\/td>\n<td><img decoding=\"async\" src=\"\/x210\/rotes-kreuz.png\" alt=\"nein\" \/><\/td>\n<td><img decoding=\"async\" src=\"\/x210\/rotes-kreuz.png\" alt=\"nein\" \/><\/td>\n<td>mTAN<\/td>\n<\/tr>\n<tr class=\"hover\">\n<td><img decoding=\"async\" src=\"\/images\/comdirect_logo_88x31.png\" alt=\"Comdirect\" \/><\/td>\n<td><a href=\"\/bank\/diba-tagesgeldkonto.php\">Comdirect<\/a><\/td>\n<td><img decoding=\"async\" src=\"\/x210\/gruener-haken.png\" alt=\"ja\" \/><\/td>\n<td><img decoding=\"async\" src=\"\/x210\/rotes-kreuz.png\" alt=\"nein\" \/><\/td>\n<td>iTAN<\/td>\n<\/tr>\n<tr class=\"hover\">\n<td><img decoding=\"async\" src=\"\/images\/cortal-consors-88x31.png\" alt=\"Cortal-Consors\" \/><\/td>\n<td><a href=\"\/bank\/cortal-consors-depot.php\">Comdirect<\/a><\/td>\n<td><img decoding=\"async\" src=\"\/x210\/gruener-haken.png\" alt=\"ja\" \/><\/td>\n<td><img decoding=\"async\" src=\"\/x210\/rotes-kreuz.png\" alt=\"nein\" \/><\/td>\n<td>mTAN, eTAN plus<\/td>\n<p>&lt;\/tr<\/p>\n<tr class=\"hover\">\n<td><img decoding=\"async\" src=\"\/images\/dkb_logo_88x31.png\" alt=\"DKB\" \/><\/td>\n<td><a href=\"\/bank\/dkb-tagesgeld.php\">DKB<\/a><\/td>\n<td><img decoding=\"async\" src=\"\/x210\/gruener-haken.png\" alt=\"ja\" \/><\/td>\n<td><img decoding=\"async\" src=\"\/x210\/gruener-haken.png\" alt=\"ja\" \/><\/td>\n<td>iTAN<\/td>\n<\/tr>\n<tr class=\"hover\">\n<td><img decoding=\"async\" src=\"\/x210\/gefa-bank-88x31.png\" alt=\"GEFA Bank\" \/><\/td>\n<td><a href=\"\/bank\/gefa-tagesgeld.php\">GEFA Bank<\/a><\/td>\n<td><img decoding=\"async\" src=\"\/x210\/rotes-kreuz.png\" alt=\"nein\" \/><\/td>\n<td><img decoding=\"async\" src=\"\/x210\/rotes-kreuz.png\" alt=\"nein\" \/><\/td>\n<td>mTAN<\/td>\n<\/tr>\n<tr class=\"hover\">\n<td><img decoding=\"async\" src=\"\/x210\/ikb-direkt-88x31.png\" alt=\"IKB direkt\" \/><\/td>\n<td><a href=\"\/bank\/ikb-direkt.php\">IKB direkt<\/a><\/td>\n<td><img decoding=\"async\" src=\"\/x210\/rotes-kreuz.png\" alt=\"nein\" \/><\/td>\n<td><img decoding=\"async\" src=\"\/x210\/rotes-kreuz.png\" alt=\"nein\" \/><\/td>\n<td>iTAN<\/td>\n<\/tr>\n<tr class=\"hover\">\n<td><img decoding=\"async\" src=\"\/images\/ing-diba_logo_88x31.png\" alt=\"ING-DiBa\" \/><\/td>\n<td><a href=\"\/bank\/diba-tagesgeldkonto.php\">ING-DiBa<\/a><\/td>\n<td><img decoding=\"async\" src=\"\/x210\/gruener-haken.png\" alt=\"ja\" \/><\/td>\n<td><img decoding=\"async\" src=\"\/x210\/rotes-kreuz.png\" alt=\"nein\" \/><\/td>\n<td>iTAN<\/td>\n<\/tr>\n<tr class=\"hover\">\n<td><img decoding=\"async\" src=\"\/x210\/moneyou-88x31.png\" alt=\"MoneYou\" \/><\/td>\n<td><a href=\"\/bank\/moneyou.php\">MoneYou<\/a><\/td>\n<td><img decoding=\"async\" src=\"\/x210\/rotes-kreuz.png\" alt=\"nein\" \/><\/td>\n<td><img decoding=\"async\" src=\"\/x210\/rotes-kreuz.png\" alt=\"nein\" \/><\/td>\n<td>mTAN<\/td>\n<\/tr>\n<tr class=\"hover\">\n<td><img decoding=\"async\" src=\"\/x210\/nibc-88x31.png\" alt=\"NIBC direct\" \/><\/td>\n<td><a href=\"\/bank\/nibc.php\">NIBC direct<\/a><\/td>\n<td><img decoding=\"async\" src=\"\/x210\/gruener-haken.png\" alt=\"ja\" \/><\/td>\n<td><img decoding=\"async\" src=\"\/x210\/rotes-kreuz.png\" alt=\"nein\" \/><\/td>\n<td>mTAN<\/td>\n<\/tr>\n<tr class=\"hover\">\n<td><img decoding=\"async\" src=\"\/images\/postbank_logo_88x31.png\" alt=\"Postbank\" \/><\/td>\n<td><a href=\"\/bank\/postbank.php\">Postbank<\/a><\/td>\n<td><img decoding=\"async\" src=\"\/x210\/gruener-haken.png\" alt=\"ja\" \/><\/td>\n<td><img decoding=\"async\" src=\"\/x210\/rotes-kreuz.png\" alt=\"nein\" \/><\/td>\n<td>mTAN, iTAN<\/td>\n<\/tr>\n<tr class=\"hover\">\n<td><img decoding=\"async\" src=\"\/x210\/rabodirect-88x31.png\" alt=\"RaboDirect\" \/><\/td>\n<td><a href=\"\/bank\/rabo-tagesgeld.php\">RaboDirect<\/a><\/td>\n<td><img decoding=\"async\" src=\"\/x210\/rotes-kreuz.png\" alt=\"nein\" \/><\/td>\n<td><img decoding=\"async\" src=\"\/x210\/rotes-kreuz.png\" alt=\"nein\" \/><\/td>\n<td>TAN-Generator (kostenlos)<\/td>\n<\/tr>\n<tr class=\"hover\">\n<td><img decoding=\"async\" src=\"\/x210\/renault-bank-88x31.png\" alt=\"Renault Bank Direkt\" \/><\/td>\n<td><a href=\"\/bank\/renault-direkt.php\">Renault Bank Direkt<\/a><\/td>\n<td><img decoding=\"async\" src=\"\/x210\/gruener-haken.png\" alt=\"ja\" \/><\/td>\n<td><img decoding=\"async\" src=\"\/x210\/rotes-kreuz.png\" alt=\"nein\" \/><\/td>\n<td>mTAN<\/td>\n<\/tr>\n<tr class=\"hover\">\n<td><img decoding=\"async\" src=\"\/images\/volkswagen-bank_logo_88x31.png\" alt=\"Volkswagen Bank\" \/><\/td>\n<td><a href=\"\/bank\/volkswagen-tagesgeldkonto.php\">Volkswagen Bank<\/a><\/td>\n<td><img decoding=\"async\" src=\"\/x210\/rotes-kreuz.png\" alt=\"nein\" \/><\/td>\n<td><img decoding=\"async\" src=\"\/x210\/rotes-kreuz.png\" alt=\"nein\" \/><\/td>\n<td>iTAN<\/td>\n<\/tr>\n<tr class=\"hover\">\n<td><img decoding=\"async\" src=\"\/x210\/vtb-88x31.png\" alt=\"VTB Direkt\" \/><\/td>\n<td><a href=\"\/bank\/vtb-tagesgeld.php\">VTB Direkt<\/a><\/td>\n<td><img decoding=\"async\" src=\"\/x210\/gruener-haken.png\" alt=\"ja\" \/><\/td>\n<td><img decoding=\"async\" src=\"\/x210\/rotes-kreuz.png\" alt=\"nein\" \/><\/td>\n<td>mTAN<\/td>\n<\/tr>\n<tr class=\"hover\">\n<td colspan=\"5\">Alle Tagesgeldkonten in der <a href=\"\/info\/tagesgeldkonten.php\">Zins\u00fcbersicht<\/a>.<\/td>\n<\/tr>\n<\/tbody>\n<\/table>\n<h3>Welche Tagesgeldbank fehlt?<\/h3>\n<p>Erstaunlicherweise sind einige Banken nicht besonders auskunftsfreudig, so dass die Liste noch nicht den gesamten Markt abdeckt. <strong>Bitte helfen Sie mit<\/strong> und posten Sie ihre Erfahrungen und Erkenntnisse als Kommentar. Gerne erweitern wir zum Nutzen aller die Tabelle. Vielen Dank!<\/p>\n<h2>TAN-Verfahren &ndash; was man wissen muss!<\/h2>\n<p>&lt;h3TAN-Verfahren klassisch<\/h3>\n<p>Das TAN-Verfahren, bei dem jede TAN (meist 6-stellige Zahlenkombination) auf der Liste ein Mal g\u00fcltig war, wurde bei fast allen Banken aus Sicherheitsgr\u00fcnden abgeschafft.<br \/>\n<div id=\"attachment_1199\" style=\"width: 210px\" class=\"wp-caption alignright\"><img loading=\"lazy\" decoding=\"async\" aria-describedby=\"caption-attachment-1199\" src=\"https:\/\/www.optimal-banking.de\/news\/wp-content\/uploads\/sites\/2\/2012\/04\/tan-verfahren.jpg\" alt=\"TAN-Verfahren iTAN\" title=\"TAN-Verfahren iTAN\" width=\"200\" height=\"210\" class=\"size-full wp-image-1199\" \/><p id=\"caption-attachment-1199\" class=\"wp-caption-text\">iTAN-Liste<\/p><\/div><br \/>\nEs sind einfach zu viele gutgl\u00e4ubige Menschen auf Phishing-Mails und gefakte Webseiten reingefallen, auf denen sie ihre Daten eingegeben haben. Betr\u00fcger konnten so die Konten abr\u00e4umen.<\/p>\n<h3>iTAN-Verfahren<\/h3>\n<p>Beim iTAN-Verfahren gibt es ebenfalls ein Papierdokument mit einer Auflistung von Transaktionsnummern. Im Unterschied zum reinen TAN-Verfahren sind sie nummeriert (indexiert, deswegen das \u201ei\u201c vor dem \u201eTAN\u201c). Es ist jeweils nur eine TAN g\u00fcltig. Welche es ist, zeigt die Bank beim Absendevorgang des Auftrags an.<br \/>\nDas iTAN-Verfahren ist ziemlich sicher. Allerdings entstehen der Bank st\u00e4ndig Kosten f\u00fcr den Versand der Listen mit den iTANs. Denn jede gilt nur ein einziges Mal. Ist die Liste abgearbeitet, muss postalisch eine neue versandt werden.<br \/>\nDem Bankkunden werden keine Geb\u00fchren f\u00fcr die Zusendung der iTAN-Liste berechnet.<br \/>\n<div style=\"width: 210px\" class=\"wp-caption alignright\"><img loading=\"lazy\" decoding=\"async\" alt=\"mTAN\" src=\"\/news\/wp-content\/uploads\/2012\/03\/mtan-barclays-bank.jpg\" title=\"mTAN\" width=\"200\" height=\"237\" \/><p class=\"wp-caption-text\">mTAN auch smsTAN genannt<\/p><\/div><\/p>\n<h3>mTAN-Verfahren<\/h3>\n<p>Dieses Verfahren wird auch <strong>smsTAN-Verfahren<\/strong> genannt, weil der Kontoinhaber die TAN auf sein Handy per SMS gesendet bekommt. Gerade f\u00fcr das Banking von unterwegs ist das bequem (man muss seine TAN-Liste nicht mitnehmen) und sicher (da ein zweites unabh\u00e4ngiges Ger\u00e4t genutzt wird).<\/p>\n<blockquote><p>mTAN ist bequem und sicher<\/p><\/blockquote>\n<p>Kritiker geben zu bedenken, dass beim mobilen Banking mit einem Smartphone der Sicherheitsvorteil \u201ezweites unabh\u00e4ngiges Ger\u00e4t\u201c entf\u00e4llt.<br \/>\nDer Versand von smsTANs ist ziemlich kosteng\u00fcnstig und umweltvertr\u00e4glich (es wird kein Papier verbraucht). Vermutlich bieten deswegen viele <strong>Tagesgeldbanken diesen Service kostenlos<\/strong> an.<br \/>\n<div id=\"attachment_1193\" style=\"width: 210px\" class=\"wp-caption alignright\"><img loading=\"lazy\" decoding=\"async\" aria-describedby=\"caption-attachment-1193\" src=\"https:\/\/www.optimal-banking.de\/news\/wp-content\/uploads\/sites\/2\/2012\/04\/hbci-chipkarte-mit-lesegeraet.jpg\" alt=\"HBCI-Chipkarte mit Leseger\u00e4t\" title=\"HBCI-Chipkarte mit Leseger\u00e4t\" width=\"200\" height=\"200\" class=\"size-full wp-image-1193\" srcset=\"https:\/\/www.optimal-banking.de\/news\/wp-content\/uploads\/sites\/2\/2012\/04\/hbci-chipkarte-mit-lesegeraet.jpg 200w, https:\/\/www.optimal-banking.de\/news\/wp-content\/uploads\/sites\/2\/2012\/04\/hbci-chipkarte-mit-lesegeraet-150x150.jpg 150w, https:\/\/www.optimal-banking.de\/news\/wp-content\/uploads\/sites\/2\/2012\/04\/hbci-chipkarte-mit-lesegeraet-100x100.jpg 100w\" sizes=\"(max-width: 200px) 100vw, 200px\" \/><p id=\"caption-attachment-1193\" class=\"wp-caption-text\">HBCI-Chipkarte mit Leseger\u00e4t<\/p><\/div><\/p>\n<h3>HBCI-Chipkarte und Leseger\u00e4t<\/h3>\n<p>Eine HBCI-Chipkarte sieht aus wie eine Girocard. Auf ihrem Chip sind die Sicherheitsdaten f\u00fcr die Autorisierung von Auftragen (z.\u00a0B. \u00dcberweisungen) hinterlegt. Eine TAN-Eingabe ist mit Verwendung der <a href=\"\/info\/hbci.php\">HBCI<\/a>-Chipkartentechnologie nicht mehr erforderlich.<br \/>\nDieses Verfahren eignet sich vor allem, wenn man einen hohen Zahlungsverkehr hat. Beispielsweise k\u00f6nnte es interessant f\u00fcr Menschen sein, die sehr viel bei eBay oder in anderen Online-Shops kaufen. Allerdings ist daf\u00fcr ein <strong>Chipkartenleseger\u00e4t mit USB-Anschluss<\/strong> erforderlich. Daf\u00fcr und f\u00fcr die Karte fallen einmalig Kosten an.<br \/>\nIm Gegenzug entfallen Geb\u00fchren f\u00fcr jede mTAN. Gl\u00fccklicherweise erheben nur wenige Online-Banken Geb\u00fchren f\u00fcr mTANs. Bei den meisten Filialbanken sind die Geb\u00fchren f\u00fcr mTANs bereits zur festen Einnahmequelle geworden.<br \/>\n<small>Bildmaterial: creativ von fotolia.com &#183; optimal-banking &ndash; <a rel=\"author\" href=\"https:\/\/plus.google.com\/108340504961629763396\/\">Google+<\/a><\/small><\/p>\n<div style='text-align:left' class='yasr-auto-insert-visitor'><\/div>","protected":false},"excerpt":{"rendered":"<p>Welche Tagesgeldkonten kann man mittels Bankingsoftware steuern? Wo gebe es eine \u00dcbersicht von Tagesgeldbanken, bei denen man das Konto bequem mittels Bankingsoftware (beispielsweise StarMoney oder Windata) verwalten k\u00f6nne, fragte uns ein Leser. Solch eine \u00dcbersicht kannten wir nicht. Au\u00dferdem vermuteten &hellip; <a href=\"https:\/\/www.optimal-banking.de\/news\/tan-verfahren\/\">Weiterlesen <span class=\"meta-nav\">&rarr;<\/span><\/a><\/p>\n","protected":false},"author":4,"featured_media":0,"parent":0,"menu_order":0,"comment_status":"open","ping_status":"closed","template":"","meta":{"yasr_overall_rating":0,"yasr_post_is_review":"","yasr_auto_insert_disabled":"","yasr_review_type":"","footnotes":""},"class_list":["post-1187","page","type-page","status-publish","hentry"],"aioseo_notices":[],"yasr_visitor_votes":{"stars_attributes":{"read_only":false,"span_bottom":false},"number_of_votes":5,"sum_votes":21},"_links":{"self":[{"href":"https:\/\/www.optimal-banking.de\/news\/wp-json\/wp\/v2\/pages\/1187"}],"collection":[{"href":"https:\/\/www.optimal-banking.de\/news\/wp-json\/wp\/v2\/pages"}],"about":[{"href":"https:\/\/www.optimal-banking.de\/news\/wp-json\/wp\/v2\/types\/page"}],"author":[{"embeddable":true,"href":"https:\/\/www.optimal-banking.de\/news\/wp-json\/wp\/v2\/users\/4"}],"replies":[{"embeddable":true,"href":"https:\/\/www.optimal-banking.de\/news\/wp-json\/wp\/v2\/comments?post=1187"}],"version-history":[{"count":0,"href":"https:\/\/www.optimal-banking.de\/news\/wp-json\/wp\/v2\/pages\/1187\/revisions"}],"wp:attachment":[{"href":"https:\/\/www.optimal-banking.de\/news\/wp-json\/wp\/v2\/media?parent=1187"}],"curies":[{"name":"wp","href":"https:\/\/api.w.org\/{rel}","templated":true}]}}