{"id":1468,"date":"2012-05-15T09:38:31","date_gmt":"2012-05-15T08:38:31","guid":{"rendered":"http:\/\/www.optimal-banking.de\/news\/?page_id=1468"},"modified":"2012-05-15T09:38:31","modified_gmt":"2012-05-15T08:38:31","slug":"dauerauftrag-ausland","status":"publish","type":"page","link":"https:\/\/www.optimal-banking.de\/news\/dauerauftrag-ausland\/","title":{"rendered":"Dauerauftrag ins Ausland"},"content":{"rendered":"<p><strong>Es gibt Situationen, in denen das Bed\u00fcrfnis entsteht, regelm\u00e4\u00dfig einen Geldbetrag ins Ausland zu schicken.<\/strong><br \/>\n<div id=\"attachment_1458\" style=\"width: 210px\" class=\"wp-caption alignright\"><img loading=\"lazy\" decoding=\"async\" aria-describedby=\"caption-attachment-1458\" src=\"https:\/\/www.optimal-banking.de\/news\/wp-content\/uploads\/sites\/2\/2012\/05\/romanshorn-schweiz.jpg\" alt=\"Romanshorn \/ Schweiz\" title=\"Romanshorn \/ Schweiz\" width=\"200\" height=\"240\" class=\"size-full wp-image-1458\" \/><p id=\"caption-attachment-1458\" class=\"wp-caption-text\">Schweiz: f\u00fcr einige der Studienort, f\u00fcr andere ein sicherer Hafen f\u00fcr ein Teil des Ersparten.<\/p><\/div><br \/>\nBeispielsweise, weil der Sohn oder die Tochter im Ausland studiert und die Eltern den Lebensunterhalt mitfinanzieren oder wenn man ein Konto in der Schweiz unterh\u00e4lt und dieses regelm\u00e4\u00dfig besparen will. Quasi als Teil einer Strategie zur regionalen Risikostreuung.<\/p>\n<blockquote><p>Grafische Anleitung im 2. Teil dieser Seite.<\/p><\/blockquote>\n<h2>\u00dcberweisungen dank SEPA kostenlos oder g\u00fcnstig<\/h2>\n<p>In der Europ\u00e4ischen Union (inklusive ihrer \u00dcberseegebiete wie zum Beispiel Martinique oder die kanarischen Inseln) sowie in die wirtschaftlich eng vernetzten Staaten Schweiz, Liechtenstein, Norwegen und Island ist das \u00dcberweisen gar kein Problem.<br \/>\nDank der j\u00fcngeren EU-Gesetzgebung dauert eine <a href=\"http:\/\/de.wikipedia.org\/wiki\/Einheitlicher_Euro-Zahlungsverkehrsraum\">SEPA<\/a>-\u00dcber&shy;weis&shy;ung nicht l\u00e4nger als eine Inlands\u00fcberweisung und ist auch nicht teurer. Bietet eine Bank kostenlose Inlands\u00fcberweisungen an, sind auch die SEPA-\u00dcberweisungen kostenlos.<\/p>\n<div style=\"float:right;margin-right:-105px\">\n<div style=\"background-color:#FFF4EA;border:solid 1px #FFDCB9;padding:5px 7px;float:right;margin:0 0 1px 5px;width:215px\">\n<h5 style=\"margin-bottom:2px\">Navigation netbank<\/h5>\n<ul style=\"margin-bottom:2px;margin-top:0\">\n<li><a href=\"\/bank\/netbank.php\">\u00dcbersicht<\/a><\/li>\n<li><a href=\"\/bank\/netbank-konto.php\">Girokonto im Detail<\/a><\/li>\n<li><a href=\"\/bank\/netbank-bargeld-einzahlen.php\">Bargeld einzahlen<\/a><\/li>\n<\/ul><\/div>\n<\/div>\n<h3>Zahlungsauftrag via Online-Banking<\/h3>\n<p>\u00dcberweisungen im SEPA-Raum k\u00f6nnen bei jeder Bank via Online-Banking beauftragt werden. Dazu muss man meist nur die automatische Auswahl von \u201e\u00dcberweisung\u201c auf \u201eSEPA-\u00dcberweisung\u201c ab\u00e4ndern.<br \/>\nZur \u00dcberweisung ben\u00f6tigt man die <strong>IBAN<\/strong>. Diese setzt sich aus der nationalen Kontonummer und Bankleitzahl, der L\u00e4nderkennung und zwei Pr\u00fcfziffern zusammen. Das ist quasi die internationale Bankkontonummer. Als zweites muss man den <strong>BIC<\/strong> wissen. Das ist die internationale Bankleitzahl.<\/p>\n<h3>Dauerauftrag f\u00fcr Auslandszahlung einrichten<\/h3>\n<p>Nicht bei jeder Bank kann man den Dauerauftrag selbstst\u00e4ndig einrichten. Selbst einige Direktbanken wie die <a href=\"\/bank\/dkb.php\">DKB<\/a> arbeiten noch mit schlecht lesbaren Uraltvordrucken. Es werden gl\u00fccklicherweise stets mehr Banken, die diese Funktion ins Online-Banking integriert haben.<br \/>\nWie einfach das Einrichten eines Dauerauftrags ins Ausland sein kann, zeigen wir anhand der netbank:<br \/>\n<div id=\"attachment_1453\" style=\"width: 210px\" class=\"wp-caption alignright\"><a href=\"\/bank\/netbank-konto.php\"><img loading=\"lazy\" decoding=\"async\" aria-describedby=\"caption-attachment-1453\" src=\"https:\/\/www.optimal-banking.de\/news\/wp-content\/uploads\/sites\/2\/2012\/05\/netbank-test.png\" alt=\"Netbank von uns getestet\" title=\"netbank test\" width=\"200\" height=\"116\" class=\"size-full wp-image-1453\" \/><\/a><p id=\"caption-attachment-1453\" class=\"wp-caption-text\">Seit 2005 sind wir selbst Kunde der netbank!<\/p><\/div><\/p>\n<h2>Auslands-Dauerauftrag genauso einfach wie im Inland (<span style=\"font-weight:normal\">Beispiel netbank<\/span>)<\/h2>\n<p>Ein Konto bei der netbank empfehlen wir \u00fcbrigens schon seit Jahren als praktisches und kostenloses Nebenkonto. Gerade, wenn es um Zahlungsvorg\u00e4nge geht, welche die Hausbank nichts angehen, kann es sinnvoll sein, ein \u201eanonymes\u201c Internetkonto zu benutzen.<br \/>\nDas Konto bei der netbank ist nat\u00fcrlich nicht im rechtlichen Sinne anonym. Jedoch wird sich dort kaum ein Mitarbeiter f\u00fcr die Kontobewegungen der Kunden interessieren. Bei der \u00f6rtlichen Hausbank, die einen vielleicht noch in Finanzangelegenheiten ber\u00e4t, kann das anders sein.<\/p>\n<h3>Login bei der netbank<\/h3>\n<div id=\"attachment_1438\" style=\"width: 660px\" class=\"wp-caption alignleft\"><img loading=\"lazy\" decoding=\"async\" aria-describedby=\"caption-attachment-1438\" src=\"https:\/\/www.optimal-banking.de\/news\/wp-content\/uploads\/sites\/2\/2012\/05\/netbank-konto-login.jpg\" alt=\"Konto bei der netbank \u2013 login\" title=\"Konto bei der netbank \u2013 login\" width=\"650\" height=\"568\" class=\"size-full wp-image-1438\" srcset=\"https:\/\/www.optimal-banking.de\/news\/wp-content\/uploads\/sites\/2\/2012\/05\/netbank-konto-login.jpg 650w, https:\/\/www.optimal-banking.de\/news\/wp-content\/uploads\/sites\/2\/2012\/05\/netbank-konto-login-300x262.jpg 300w\" sizes=\"(max-width: 650px) 100vw, 650px\" \/><p id=\"caption-attachment-1438\" class=\"wp-caption-text\">So modern sieht das netbank-Konto nach dem Login aus.<\/p><\/div>\n<h3>SEPA-Dauerauftrag ausw\u00e4hlen<\/h3>\n<div id=\"attachment_1440\" style=\"width: 660px\" class=\"wp-caption alignleft\"><img loading=\"lazy\" decoding=\"async\" aria-describedby=\"caption-attachment-1440\" src=\"https:\/\/www.optimal-banking.de\/news\/wp-content\/uploads\/sites\/2\/2012\/05\/sepa-dauerauftrag.jpg\" alt=\"SEPA-Dauerauftrag\" title=\"SEPA-Dauerauftrag\" width=\"650\" height=\"368\" class=\"size-full wp-image-1440\" srcset=\"https:\/\/www.optimal-banking.de\/news\/wp-content\/uploads\/sites\/2\/2012\/05\/sepa-dauerauftrag.jpg 650w, https:\/\/www.optimal-banking.de\/news\/wp-content\/uploads\/sites\/2\/2012\/05\/sepa-dauerauftrag-300x170.jpg 300w\" sizes=\"(max-width: 650px) 100vw, 650px\" \/><p id=\"caption-attachment-1440\" class=\"wp-caption-text\">1. Von Inlands-Dauerauftrag auf SEPA-Dauerauftrag wechseln.<br \/>2. Ausf\u00fchrungsdatum und -intervall festlegen.<\/p><\/div>\n<h3>Es \u00f6ffnet sich ein neues Fenster<\/h3>\n<div id=\"attachment_1442\" style=\"width: 660px\" class=\"wp-caption alignleft\"><img loading=\"lazy\" decoding=\"async\" aria-describedby=\"caption-attachment-1442\" src=\"https:\/\/www.optimal-banking.de\/news\/wp-content\/uploads\/sites\/2\/2012\/05\/datum-auswaehlen.jpg\" alt=\"Datum ausw\u00e4hlen\" title=\"Datum ausw\u00e4hlen\" width=\"650\" height=\"366\" class=\"size-full wp-image-1442\" srcset=\"https:\/\/www.optimal-banking.de\/news\/wp-content\/uploads\/sites\/2\/2012\/05\/datum-auswaehlen.jpg 650w, https:\/\/www.optimal-banking.de\/news\/wp-content\/uploads\/sites\/2\/2012\/05\/datum-auswaehlen-300x169.jpg 300w\" sizes=\"(max-width: 650px) 100vw, 650px\" \/><p id=\"caption-attachment-1442\" class=\"wp-caption-text\">Hier kann bequem im Kalender gebl\u00e4ttert werden.<\/p><\/div>\n<h3>Zahlungsempf\u00e4nger eintragen<\/h3>\n<div id=\"attachment_1445\" style=\"width: 660px\" class=\"wp-caption alignleft\"><img loading=\"lazy\" decoding=\"async\" aria-describedby=\"caption-attachment-1445\" src=\"https:\/\/www.optimal-banking.de\/news\/wp-content\/uploads\/sites\/2\/2012\/05\/auslandsueberweisung.jpg\" alt=\"Auslands\u00fcberweisung \u2013 Zahlungsempf\u00e4nger\" title=\"Auslands\u00fcberweisung \u2013 Zahlungsempf\u00e4nger\" width=\"650\" height=\"366\" class=\"size-full wp-image-1445\" srcset=\"https:\/\/www.optimal-banking.de\/news\/wp-content\/uploads\/sites\/2\/2012\/05\/auslandsueberweisung.jpg 650w, https:\/\/www.optimal-banking.de\/news\/wp-content\/uploads\/sites\/2\/2012\/05\/auslandsueberweisung-300x169.jpg 300w\" sizes=\"(max-width: 650px) 100vw, 650px\" \/><p id=\"caption-attachment-1445\" class=\"wp-caption-text\">Eintragen der internationalen Bankverbindung des Empf\u00e4ngers.<\/p><\/div>\n<h3>Best\u00e4tigen mit einer TAN<\/h3>\n<div id=\"attachment_1447\" style=\"width: 660px\" class=\"wp-caption alignleft\"><img loading=\"lazy\" decoding=\"async\" aria-describedby=\"caption-attachment-1447\" src=\"https:\/\/www.optimal-banking.de\/news\/wp-content\/uploads\/sites\/2\/2012\/05\/auslands-dauerauftrag.jpg\" alt=\"Dauerauftrag ins Ausland\" title=\"Auslandsdauerauftrag\" width=\"650\" height=\"431\" class=\"size-full wp-image-1447\" srcset=\"https:\/\/www.optimal-banking.de\/news\/wp-content\/uploads\/sites\/2\/2012\/05\/auslands-dauerauftrag.jpg 650w, https:\/\/www.optimal-banking.de\/news\/wp-content\/uploads\/sites\/2\/2012\/05\/auslands-dauerauftrag-300x199.jpg 300w\" sizes=\"(max-width: 650px) 100vw, 650px\" \/><p id=\"caption-attachment-1447\" class=\"wp-caption-text\">Alle Daten korrekt eingegeben? Dann mit einer TAN das Einrichten des Dauerauftrags ins Ausland best\u00e4tigen.<\/p><\/div>\n<h3>Fertig!<\/h3>\n<div id=\"attachment_1449\" style=\"width: 660px\" class=\"wp-caption alignleft\"><img loading=\"lazy\" decoding=\"async\" aria-describedby=\"caption-attachment-1449\" src=\"https:\/\/www.optimal-banking.de\/news\/wp-content\/uploads\/sites\/2\/2012\/05\/netbank-fertig.jpg\" alt=\"netbank \u2013 Dauerauftrag erfolgreich eingerichtet\" title=\"netbank \u2013 Dauerauftrag erfolgreich eingerichtet\" width=\"650\" height=\"230\" class=\"size-full wp-image-1449\" srcset=\"https:\/\/www.optimal-banking.de\/news\/wp-content\/uploads\/sites\/2\/2012\/05\/netbank-fertig.jpg 650w, https:\/\/www.optimal-banking.de\/news\/wp-content\/uploads\/sites\/2\/2012\/05\/netbank-fertig-300x106.jpg 300w\" sizes=\"(max-width: 650px) 100vw, 650px\" \/><p id=\"caption-attachment-1449\" class=\"wp-caption-text\">Fertig, Dauerauftrag erfolgreich eingerichtet.<\/p><\/div>\n<h4>Verwandte Themen<\/h4>\n<ul>\n<li><a href=\"\/info\/geschaeftskonto-kostenlos.php\">Konto der netbank f\u00fcr nebenberuflich Selbstst\u00e4ndige<\/a><\/li>\n<li><a href=\"\/wissen\/bargeld-transport.php\">Bargeld \u00fcber die Grenze &ndash; was muss man wissen?<\/a><\/li>\n<\/ul>\n<div style='text-align:left' class='yasr-auto-insert-visitor'><\/div>","protected":false},"excerpt":{"rendered":"<p>Es gibt Situationen, in denen das Bed\u00fcrfnis entsteht, regelm\u00e4\u00dfig einen Geldbetrag ins Ausland zu schicken. Beispielsweise, weil der Sohn oder die Tochter im Ausland studiert und die Eltern den Lebensunterhalt mitfinanzieren oder wenn man ein Konto in der Schweiz unterh\u00e4lt &hellip; <a href=\"https:\/\/www.optimal-banking.de\/news\/dauerauftrag-ausland\/\">Weiterlesen <span class=\"meta-nav\">&rarr;<\/span><\/a><\/p>\n","protected":false},"author":4,"featured_media":0,"parent":0,"menu_order":0,"comment_status":"open","ping_status":"closed","template":"","meta":{"yasr_overall_rating":0,"yasr_post_is_review":"","yasr_auto_insert_disabled":"","yasr_review_type":"","footnotes":""},"class_list":["post-1468","page","type-page","status-publish","hentry"],"aioseo_notices":[],"yasr_visitor_votes":{"stars_attributes":{"read_only":false,"span_bottom":false},"number_of_votes":4,"sum_votes":13},"_links":{"self":[{"href":"https:\/\/www.optimal-banking.de\/news\/wp-json\/wp\/v2\/pages\/1468"}],"collection":[{"href":"https:\/\/www.optimal-banking.de\/news\/wp-json\/wp\/v2\/pages"}],"about":[{"href":"https:\/\/www.optimal-banking.de\/news\/wp-json\/wp\/v2\/types\/page"}],"author":[{"embeddable":true,"href":"https:\/\/www.optimal-banking.de\/news\/wp-json\/wp\/v2\/users\/4"}],"replies":[{"embeddable":true,"href":"https:\/\/www.optimal-banking.de\/news\/wp-json\/wp\/v2\/comments?post=1468"}],"version-history":[{"count":0,"href":"https:\/\/www.optimal-banking.de\/news\/wp-json\/wp\/v2\/pages\/1468\/revisions"}],"wp:attachment":[{"href":"https:\/\/www.optimal-banking.de\/news\/wp-json\/wp\/v2\/media?parent=1468"}],"curies":[{"name":"wp","href":"https:\/\/api.w.org\/{rel}","templated":true}]}}