{"id":2228,"date":"2012-07-28T17:45:27","date_gmt":"2012-07-28T16:45:27","guid":{"rendered":"http:\/\/www.optimal-banking.de\/news\/?page_id=2228"},"modified":"2012-07-28T17:45:27","modified_gmt":"2012-07-28T16:45:27","slug":"priority-pass-2","status":"publish","type":"page","link":"https:\/\/www.optimal-banking.de\/news\/priority-pass-2\/","title":{"rendered":"Priority Pass"},"content":{"rendered":"<p><div id=\"attachment_2242\" style=\"width: 410px\" class=\"wp-caption alignright\"><img loading=\"lazy\" decoding=\"async\" aria-describedby=\"caption-attachment-2242\" src=\"https:\/\/www.optimal-banking.de\/news\/wp-content\/uploads\/sites\/2\/2012\/07\/priority-pass.jpg\" alt=\"Priority Pass in der Airport-Lounge\" title=\"Priority Pass in der Airport-Lounge\" width=\"400\" height=\"290\" class=\"size-full wp-image-2242\" srcset=\"https:\/\/www.optimal-banking.de\/news\/wp-content\/uploads\/sites\/2\/2012\/07\/priority-pass.jpg 400w, https:\/\/www.optimal-banking.de\/news\/wp-content\/uploads\/sites\/2\/2012\/07\/priority-pass-300x218.jpg 300w\" sizes=\"(max-width: 400px) 100vw, 400px\" \/><p id=\"caption-attachment-2242\" class=\"wp-caption-text\">Der Priority Pass macht Flugreisen angenehm und luxuri\u00f6s.<\/p><\/div><br \/>\nGleich vorneweg: Es gibt zwei M\u00f6glichkeiten, Inhaber eines Priority Passes zu werden:<\/p>\n<ul>\n<li>\u00fcber die <strong>American Express<\/strong> Platinum Card<br \/>(2&nbsp;Prestige-P\u00e4sse kostenlos inklusive, <a href=\"\/go.php?id=amex_platin\" target=\"_blank\" rel=\"nofollow\">www.amex-kreditkarten.de\/platinum<\/a>)<\/li>\n<li>Direktbestellung bei der <strong>Priority Pass Limited<\/strong><br \/>(3 Preiskategorien zur Auswahl, <a href=\"\/go2.php?id=priority-pass\" target=\"_blank\" rel=\"nofollow\">www.prioritypass.com\/de<\/a>)<\/li>\n<\/ul>\n<h2>Das ist der Priority Pass<\/h2>\n<p>Der Priority Pass ist die Eintrittskarte in exklusive Flughafen-Lounges.<br \/>\nBesonders gefragt ist er bei Flug&shy;reisenden, die umsteigen m\u00fcssen oder aber lieber mit zeitlichem Puffer am Abflughafen sind, jedoch nicht auf der \u201eHolzbank\u201c bis zum Boarding warten m\u00f6chten.<br \/>\nF\u00fcr First-Class-Reisende ist der Priority Pass nichts. In deren Flugticket ist grunds\u00e4tzlich der Aufenthalt in einer Flughafen- oder Airlinie-Lounge inkludiert. Daf\u00fcr und nat\u00fcrlich f\u00fcr die bessere Beinfreiheit zahlen First-Class-Passagiere je nach Flugstrecke und Airlinie den doppelten bis achtfachen Preis.<\/p>\n<blockquote><p>Priority Pass ist Luxus zum vertretbaren Preis.<\/p><\/blockquote>\n<p><div id=\"attachment_2249\" style=\"width: 410px\" class=\"wp-caption alignright\"><img loading=\"lazy\" decoding=\"async\" aria-describedby=\"caption-attachment-2249\" src=\"https:\/\/www.optimal-banking.de\/news\/wp-content\/uploads\/sites\/2\/2012\/07\/airport-lounges.jpg\" alt=\"Beispiele f\u00fcr Airport-Lounges\" title=\"Beispiele f\u00fcr Airport-Lounges\" width=\"400\" height=\"580\" class=\"size-full wp-image-2249\" srcset=\"https:\/\/www.optimal-banking.de\/news\/wp-content\/uploads\/sites\/2\/2012\/07\/airport-lounges.jpg 400w, https:\/\/www.optimal-banking.de\/news\/wp-content\/uploads\/sites\/2\/2012\/07\/airport-lounges-207x300.jpg 207w\" sizes=\"(max-width: 400px) 100vw, 400px\" \/><p id=\"caption-attachment-2249\" class=\"wp-caption-text\">In allen Airport-Lounges, die man mit dem Priority Pass nutzen kann, findet man eine gro\u00dfe Auswahl an kostenlosen Hard- und Softdrinks sowie Snacks, die teils ganze Mahlzeiten ersetzen. In einigen gibt es Ruher\u00e4ume oder sogar abschlie\u00dfbare Duschen mit frischen Handt\u00fcchern.<\/p><\/div><br \/>\nWer in der Economy-Class reist, jedoch denselben \u201e<strong>Luxus<\/strong>\u201c wie ein First-Class-Passagier vor, zwischen und bei einigen Lounges auch nach dem Flug genie\u00dfen m\u00f6chte, kann f\u00fcr verh\u00e4ltnism\u00e4\u00dfig kleines Geld dem Priority Club beitreten.<br \/>\nInhaber des Priority Pass k\u00f6nnen unabh\u00e4ngig von der Airline bzw. der gebuchten Ticketklasse das volle Programm in \u00fcber <strong>600 Airport-Lounges<\/strong> an <strong>300 Flugh\u00e4fen<\/strong> in <strong>100 L\u00e4ndern<\/strong> nutzen.<\/p>\n<h2>3 Arten von Mitgliedschaften<\/h2>\n<h3>Standard-Mitgliedschaft<\/h3>\n<p>Die Standard-Mitgliedschaft umfasst lediglich den Clubbeitrag. F\u00fcr jede Nutzung einer Lounge wird ein Entgelt erhoben. Ohne Mitgliedschaft kommt man n\u00e4mlich h\u00e4ufig \u00fcberhaupt nicht in die Lounge oder der Eintrittspreis w\u00e4re h\u00f6her. Diese Mitgliedschaft w\u00e4re etwas f\u00fcr wenig Reisende, die trotzdem Komfort sch\u00e4tzen.<\/p>\n<h3>Standard-Plus-Mitgliedschaft<\/h3>\n<p>Neben dem Jahresbeitrag sind 10 Lounge-Eintritte pro Jahr inklusive. Weitere werden separat abgerechnet.<\/p>\n<h3>Prestige-Mitgliedschaft<\/h3>\n<p>Dieses Angebot wird f\u00fcr Vielflieger interessant sein, denn als Prestige-Mitglied sind alle Nutzungen unlimitiert kostenfrei! Bei American Express sind zwei Prestige-P\u00e4sse inklusive.<\/p>\n<h3>Gilt f\u00fcr alle Mitgliedschaften<\/h3>\n<p>Gerne darf man <strong>G\u00e4ste<\/strong>, beispielsweise Gesch\u00e4ftspartner oder Freunde, mit in die Lounges nehmen. Diese werden dann pro Person abgerechnet (derzeit 24 Euro). Die aktuellen Preise findet man hier: <a href=\"\/go2.php?id=priority-pass\" target=\"_blank\" rel=\"nofollow\">www.prioritypass.com\/de<\/a>.<br \/>\n<script type=\"text\/javascript\"><!--\ngoogle_ad_client = \"pub-6379011477030435\";\n\/* 468x60, Erstellt 04.08.10 *\/\ngoogle_ad_slot = \"4098484902\";\ngoogle_ad_width = 468;\ngoogle_ad_height = 60;\n\/\/-->\n<\/script>\n<script type=\"text\/javascript\"\nsrc=\"https:\/\/pagead2.googlesyndication.com\/pagead\/show_ads.js\">\n<\/script><br \/>\nBei einigen Lounges kann man <strong>Konferenzr\u00e4ume<\/strong> inklusive Technik dazubuchen. Gesch\u00e4ftsreisende, die zeitsparend Meetings durchf\u00fchren, nutzen gerne diesen effektiven Service.<br \/>\n<div id=\"attachment_2252\" style=\"width: 410px\" class=\"wp-caption alignright\"><a href=\"\/go2.php?id=priority-pass\" target=\"_blank\" rel=\"nofollow\"><img loading=\"lazy\" decoding=\"async\" aria-describedby=\"caption-attachment-2252\" src=\"https:\/\/www.optimal-banking.de\/news\/wp-content\/uploads\/sites\/2\/2012\/07\/priority-pass-online.jpg\" alt=\"Online Site vom Priority Pass\" title=\"Der Priority Pass ist online bestellbar.\" width=\"400\" height=\"394\" class=\"size-full wp-image-2252\" srcset=\"https:\/\/www.optimal-banking.de\/news\/wp-content\/uploads\/sites\/2\/2012\/07\/priority-pass-online.jpg 400w, https:\/\/www.optimal-banking.de\/news\/wp-content\/uploads\/sites\/2\/2012\/07\/priority-pass-online-300x296.jpg 300w, https:\/\/www.optimal-banking.de\/news\/wp-content\/uploads\/sites\/2\/2012\/07\/priority-pass-online-100x100.jpg 100w\" sizes=\"(max-width: 400px) 100vw, 400px\" \/><\/a><p id=\"caption-attachment-2252\" class=\"wp-caption-text\">Die Online-Registrierung f\u00fcr den Pass ist einfach.<\/p><\/div><\/p>\n<h2>Bestellung des Priority Pass<\/h2>\n<p>Der Priority Pass kann direkt unter <a href=\"\/go2.php?id=priority-pass\" target=\"_blank\" rel=\"nofollow\"><strong>www.prioritypass.com\/de<\/strong><\/a> bestellt werden. Dazu gibt man die erforderlichen pers\u00f6nlichen Daten in das Online-Formular ein. Wenige Tage sp\u00e4ter wird man die <a href=\"\/info\/priority-card.php\">Mitgliedskarte<\/a> in der Post vorfinden.<br \/>\nInteressenten, die so wie ich den Priority Pass kostenlos inklusive ebenfalls kostenloser Partnerkarte erhalten wollen, beantragen ihn \u00fcber die Platinum Card von <a href=\"\/bank\/american-express-karten.php\">American Express<\/a>.<br \/>\nAllerdings erhebt American Express f\u00fcr die Platinum Card eine saftige Jahresgeb\u00fchr. Daf\u00fcr ist es ein exklusives Zahlungsmittel, das nicht jeder hat. Und es stecken in dieser Card noch viele weitere interessante Services sowie Versicherungen.<br \/>\nDer Priority Pass kann erst ausgestellt werden, wenn die Kreditkarte bewilligt ist.<br \/>\nWeitere Infos dazu: <a href=\"\/go.php?id=amex_platin\" target=\"_blank\" rel=\"nofollow\"><strong>www.amex-kreditkarten.de\/platinum<\/strong><\/a>.<br \/>\n<div style=\"width: 210px\" class=\"wp-caption alignright\"><a href=\"\/go.php?id=amex_platin\" target=\"_blank\" rel=\"nofollow\"><img loading=\"lazy\" decoding=\"async\" alt=\"AMEX Platinum\" src=\"\/x210\/amex-platinum-card-200.jpg\" title=\"AMEX Platinum\" width=\"200\" height=\"125\" \/><\/a><p class=\"wp-caption-text\">Bei dieser Kreditkarte sind zwei Priority P\u00e4sse inklusive.<\/p><\/div><\/p>\n<h2>Zusammenfassung<\/h2>\n<p>Die Priority Pass (unabh\u00e4ngig ob direkt bestellt oder via American Express erhalten) wird sich nicht f\u00fcr jeden wirtschaftlich lohnen.<br \/>\nDoch wenn man nach einem aufregenden Langstreckenflug mehrere Stunden auf den Anschlussflug warten muss, steigt automatisch der Wert von gek\u00fchlten <strong>Getr\u00e4nken<\/strong>, leckeren <strong>Snacks<\/strong>, kostenlosem <strong>WLAN<\/strong> bzw. die Nutzungsm\u00f6glichkeit von Computern, eine saubere <strong>Dusche<\/strong> und ein <strong>Ruhe- bzw. Schlafraum<\/strong>.<\/p>\n<h4>In Deutschland kann man diese Lounges an folgenden Flugh\u00e4fen mit dem Priority Pass nutzen<\/h3>\n<ul>\n<li>Berlin<br \/>(demn\u00e4chst Update mit dem internationalen Flughafen BER)<\/li>\n<li>Bremen-Airport (BRE)<br \/>AHS Lounge (Terminal 1)<\/li>\n<li>K\u00f6ln\/Bonn International (CGN)<br \/>Airport Business Lounge (Terminal 2)<\/li>\n<li>D\u00fcsseldorf-International (DUS)<br \/>Hugo Junkers Lounge (Terminal B)<br \/>Open Sky Lounge (Terminal C)<br \/>Air Berlin Lounge (Terminal C)<\/li>\n<li>Frankfurt-Main (FRA)<br \/><a href=\"\/news\/priority-pass\/luxxlounge-frankfurt\/\">LuxxLounge<\/a> (Terminal 1)<br \/>Skylounge (Terminal 2)<\/li>\n<li>Hamburg-Fuhlsb\u00fcttel (HAM)<br \/>Airport Lounge<\/li>\n<li>Hannover (HAJ)<br \/>Karl-Jatho Lounge<\/li>\n<li>Leipzig-Halle (LEJ)<br \/>Aviation Lounge<\/li>\n<li>L\u00fcbeck (LBC)<br \/>Airport Lounge<\/li>\n<li>M\u00fcnchen Franz-Josef-Strau\u00df (MUC)<br \/>Atlantic Lounge (Terminal 1)<br \/>Europa Lounge (Terminal 1)<\/li>\n<li>M\u00fcnster-Osnabr\u00fcck (FMO)<br \/>Relax-Lounge<\/li>\n<li>N\u00fcrnberg (NUE)<br \/>Noris Sky Lounge (Terminal 1)<\/li>\n<li>Stuttgart (STR)<br \/>Elli-Beinhorn Lounge (Terminal 1)<\/li>\n<\/ul>\n<p>Vor dem Aufenthalt in einer dieser Lounges ist es empfehlenswert, sich auf der Website von Priority \u00fcber die \u00d6ffnungszeiten und ggf. \u00fcber aktuelle Besonderheiten zu informieren. Alle Infos nach bestem Gewissen zusammengestellt &ndash; jedoch ohne Gew\u00e4hr.<\/p>\n<h4>Folgende weitere internationale Lounges habe ich schon selbst besucht<\/h4>\n<ul>\n<li>Singapur, Terminal 1 &ndash; The Skyview Lounge<\/li>\n<li>Singapur, Terminal 1 &ndash; Rainforest by sats<\/li>\n<\/ul>\n<h4>Verwandte Themen<\/h4>\n<ul>\n<li><a href=\"\/news\/dkb-auslandseinsatz\/\">kostenloses DKB VISA Card im Ausland getestet<\/a><\/li>\n<li><a href=\"\/bank\/barclaycard-green.php\">Barclaycard Green &ndash; Kreditkarte mit Klimaschutz<\/a><\/li>\n<\/ul>\n<p><script type=\"text\/javascript\"><!--\ngoogle_ad_client = \"pub-6379011477030435\";\n\/* 468x60, Erstellt 04.08.10 *\/\ngoogle_ad_slot = \"4098484902\";\ngoogle_ad_width = 468;\ngoogle_ad_height = 60;\n\/\/-->\n<\/script>\n<script type=\"text\/javascript\"\nsrc=\"https:\/\/pagead2.googlesyndication.com\/pagead\/show_ads.js\">\n<\/script><br \/>\n<br \/>\nF\u00fcr europ\u00e4ische Kunden ist das Priority-B\u00fcro in London zust\u00e4ndig. Unter der Telefonnummer: +44.2086801338 kann man auch Ausk\u00fcnfte in deutscher Sprache erhalten. Postanschrift: Priority Pass Limited &#183; PO BOX 120 &#183; Croydon CR9 4NU &#183; England.<img loading=\"lazy\" decoding=\"async\" src=\"http:\/\/vg09.met.vgwort.de\/na\/9ecd6392957045468932ff202912fd4b\" width=\"1\" height=\"1\" alt=\"\" \/><\/p>\n<div style='text-align:left' class='yasr-auto-insert-visitor'><\/div>","protected":false},"excerpt":{"rendered":"<p>Gleich vorneweg: Es gibt zwei M\u00f6glichkeiten, Inhaber eines Priority Passes zu werden: \u00fcber die American Express Platinum Card(2&nbsp;Prestige-P\u00e4sse kostenlos inklusive, www.amex-kreditkarten.de\/platinum) Direktbestellung bei der Priority Pass Limited(3 Preiskategorien zur Auswahl, www.prioritypass.com\/de) Das ist der Priority Pass Der Priority Pass ist &hellip; <a href=\"https:\/\/www.optimal-banking.de\/news\/priority-pass-2\/\">Weiterlesen <span class=\"meta-nav\">&rarr;<\/span><\/a><\/p>\n","protected":false},"author":2,"featured_media":0,"parent":0,"menu_order":0,"comment_status":"open","ping_status":"closed","template":"","meta":{"yasr_overall_rating":0,"yasr_post_is_review":"","yasr_auto_insert_disabled":"","yasr_review_type":"","footnotes":""},"class_list":["post-2228","page","type-page","status-publish","hentry"],"aioseo_notices":[],"yasr_visitor_votes":{"stars_attributes":{"read_only":false,"span_bottom":false},"number_of_votes":17,"sum_votes":71},"_links":{"self":[{"href":"https:\/\/www.optimal-banking.de\/news\/wp-json\/wp\/v2\/pages\/2228"}],"collection":[{"href":"https:\/\/www.optimal-banking.de\/news\/wp-json\/wp\/v2\/pages"}],"about":[{"href":"https:\/\/www.optimal-banking.de\/news\/wp-json\/wp\/v2\/types\/page"}],"author":[{"embeddable":true,"href":"https:\/\/www.optimal-banking.de\/news\/wp-json\/wp\/v2\/users\/2"}],"replies":[{"embeddable":true,"href":"https:\/\/www.optimal-banking.de\/news\/wp-json\/wp\/v2\/comments?post=2228"}],"version-history":[{"count":0,"href":"https:\/\/www.optimal-banking.de\/news\/wp-json\/wp\/v2\/pages\/2228\/revisions"}],"wp:attachment":[{"href":"https:\/\/www.optimal-banking.de\/news\/wp-json\/wp\/v2\/media?parent=2228"}],"curies":[{"name":"wp","href":"https:\/\/api.w.org\/{rel}","templated":true}]}}