{"id":2584,"date":"2012-08-30T15:41:59","date_gmt":"2012-08-30T14:41:59","guid":{"rendered":"http:\/\/www.optimal-banking.de\/news\/?page_id=2584"},"modified":"2012-08-30T15:41:59","modified_gmt":"2012-08-30T14:41:59","slug":"tagesgeld-kinder","status":"publish","type":"page","link":"https:\/\/www.optimal-banking.de\/news\/tagesgeld-kinder\/","title":{"rendered":"Welche Banken bieten ein Kinder-Tagesgeldkonto an?"},"content":{"rendered":"<p><img loading=\"lazy\" decoding=\"async\" src=\"https:\/\/www.optimal-banking.de\/news\/wp-content\/uploads\/sites\/2\/2012\/08\/tagesgeld-kinder-konto.jpg\" alt=\"Tagesgeld-Kinder-Konto\" title=\"Bei welcher Bank kann ich meine Ersparnisse anlegen?\" width=\"400\" height=\"345\" class=\"alignright size-full wp-image-2600\" style=\"border:none;padding:0px\" srcset=\"https:\/\/www.optimal-banking.de\/news\/wp-content\/uploads\/sites\/2\/2012\/08\/tagesgeld-kinder-konto.jpg 400w, https:\/\/www.optimal-banking.de\/news\/wp-content\/uploads\/sites\/2\/2012\/08\/tagesgeld-kinder-konto-300x259.jpg 300w\" sizes=\"(max-width: 400px) 100vw, 400px\" \/><br \/>\nEs ist \u00e4rgerlich: Schaut man sich die <a href=\"\/info\/tagesgeldkonten.php\">Tagesgeldvergleiche<\/a> an, findet man Banken mit hervorragenden Zinsen.<br \/>\nNimmt man Kontakt mit dem Kunden&shy;service der Bank auf, um sich nach den Kontoer\u00f6ffnungsformularen f\u00fcr ein <strong>Minderj\u00e4hrigenkonto<\/strong> zu erkundigen, bekommt man h\u00e4ufig die Antwort: \u201eF\u00fcr eine Kontoer\u00f6ffnung ist die Vollj\u00e4hrigkeit Voraussetzung.\u201c<br \/>\nDamit Sie sich Zeit sparen, haben wir die Recherchearbeit \u00fcbernommen und ver\u00f6ffentlichen hier unsere Liste von Banken, die Tagesgeld speziell f\u00fcr Kinder anbieten. Ebenso finden Sie die Banken, die Kindern kein Konto er\u00f6ffnen. So sparen Sie sich wieder Zeit.<\/p>\n<table>\n<thead>\n<tr>\n<td colspan=\"2\"><strong>Anbieter und Logo<\/strong><\/td>\n<td><strong>Minderj\u00e4hrigenkonto?<\/strong><\/td>\n<td><strong>Hinweise der Redaktion<\/strong><\/td>\n<\/tr>\n<\/thead>\n<tbody>\n<tr class=\"hover\">\n<td><img decoding=\"async\" src=\"\/images\/1822direkt_88x31.gif\" alt=\"1822direkt\" \/><\/td>\n<td><a href=\"\/bank\/1822direkt.php\">1822direkt<\/a><\/td>\n<td><img decoding=\"async\" src=\"\/x210\/gruener-haken.png\" alt=\"ja\" \/><\/td>\n<td>bei der Eingabe des Geburtstages des Kindes in den normalen Kontoer\u00f6ffnungsantrag (online) erweitert sich das Formular automatisch um die Felder &#x201e;Mutter&#x201c; und &#x201e;Vater&#x201c; &#183; <a href=\"\/go.php?id=1822direkt_tagesgeld\" target=\"_blank\" rel=\"nofollow\">zum Online-Antrag<\/a><\/td>\n<\/tr>\n<tr class=\"hover\">\n<td><img decoding=\"async\" src=\"\/images\/comdirect_logo_88x31.png\" alt=\"Comdirect\" \/><\/td>\n<td><a href=\"\/bank\/comdirect.php\">Comdirect<\/a><\/td>\n<td><img decoding=\"async\" src=\"\/x210\/gruener-haken.png\" alt=\"ja\" \/><\/td>\n<td>Antragsformular kann per E-Mail angefordert werden<\/td>\n<\/tr>\n<tr class=\"hover\">\n<td><img decoding=\"async\" src=\"\/images\/mbb-logo-88x31.png\" alt=\"Mercedes-Benz Bank\" \/><\/td>\n<td><a href=\"\/bank\/mercedes-benz.php\">Mercedes-Benz Bank<\/a><\/td>\n<td><img decoding=\"async\" src=\"\/x210\/gruener-haken.png\" alt=\"ja\" \/><\/td>\n<td>beim Kontoantrag Tagesgeld gibt es den Men\u00fcpunkt Minderj\u00e4hrigenkonto<\/td>\n<\/tr>\n<tr class=\"hover\">\n<td><img decoding=\"async\" src=\"\/x210\/rabodirect-88x31.png\" alt=\"RaboDirect\" \/><\/td>\n<td><a href=\"\/bank\/rabo-tagesgeld.php\">RaboDirect<\/a><\/td>\n<td><img decoding=\"async\" src=\"\/x210\/gruener-haken.png\" alt=\"ja\" \/><\/td>\n<td>derzeit lange Wartezeiten<\/td>\n<\/tr>\n<tr class=\"hover\">\n<td><img decoding=\"async\" src=\"\/images\/ing-diba_logo_88x31.png\" alt=\"ING-DiBa\" \/><\/td>\n<td><a href=\"\/bank\/diba-tagesgeldkonto.php\">ING-DiBa<\/a><\/td>\n<td><img decoding=\"async\" src=\"\/x210\/gruener-haken.png\" alt=\"ja\" \/><\/td>\n<td>Bestandskunden k\u00f6nnen das eigene Kind als Neukunde werben und so sogar eine Pr\u00e4mie bekommen!<\/td>\n<\/tr>\n<tr class=\"hover\">\n<td><img decoding=\"async\" src=\"\/x210\/wustenrot_logo_88x31.png\" alt=\"W\u00fcstenrot\" \/><\/td>\n<td><a href=\"\/bank\/wuestenrot.php\">W\u00fcstenrot<\/a><\/td>\n<td><img decoding=\"async\" src=\"\/x210\/gruener-haken.png\" alt=\"ja\" \/><\/td>\n<td>online beantragen und bei unter 16j\u00e4hrigen einen W\u00fcstenrotberater zur Legitimation in der N\u00e4he aufsuchen<\/td>\n<\/tr>\n<tr class=\"hover\">\n<td><img decoding=\"async\" src=\"\/x210\/akf-bank-88x31.png\" alt=\"AKF Bank\" \/><\/td>\n<td><a href=\"\/bank\/akf.php\">AKF Bank<\/a><\/td>\n<td><img decoding=\"async\" src=\"\/x210\/rotes-kreuz.png\" alt=\"nein\" \/><\/td>\n<td><\/td>\n<\/tr>\n<tr class=\"hover\">\n<td><img decoding=\"async\" src=\"\/thema\/2009\/bos-88x31.gif\" alt=\"Bank of Scotland\" \/><\/td>\n<td><a href=\"\/bank\/of-scotland-tagesgeld.php\">Bank of Scotland<\/a><\/td>\n<td><img decoding=\"async\" src=\"\/x210\/rotes-kreuz.png\" alt=\"nein\" \/><\/td>\n<td><\/td>\n<\/tr>\n<tr class=\"hover\">\n<td><img decoding=\"async\" src=\"\/x210\/barclays-88x31.png\" alt=\"Barclays Bank\" \/><\/td>\n<td><a href=\"\/bank\/barclays-tagesgeld.php\">Barclays Bank<\/a><\/td>\n<td><img decoding=\"async\" src=\"\/x210\/rotes-kreuz.png\" alt=\"nein\" \/><\/td>\n<td><\/td>\n<\/tr>\n<tr class=\"hover\">\n<td><img decoding=\"async\" src=\"\/images\/denizbank-88x31.png\" alt=\"DenizBank\" \/><\/td>\n<td><a href=\"\/bank\/denizbank.php\">DenizBank<\/a><\/td>\n<td><img decoding=\"async\" src=\"\/x210\/rotes-kreuz.png\" alt=\"nein\" \/><\/td>\n<td>das &#x201e;Classic Sparen&#x201c; (Festgeldkonto ohne Online-Kontof\u00fchrung) kann f\u00fcr Minderj\u00e4hrige eingerichtet werden<\/td>\n<\/tr>\n<tr class=\"hover\">\n<td><img decoding=\"async\" src=\"\/x210\/gefa-bank-88x31.png\" alt=\"GEFA Bank\" \/><\/td>\n<td><a href=\"\/bank\/gefa-tagesgeld.php\">GEFA Bank<\/a><\/td>\n<td><img decoding=\"async\" src=\"\/x210\/rotes-kreuz.png\" alt=\"nein\" \/><\/td>\n<td>Kontoer\u00f6ffnungen f\u00fcr Minderj\u00e4hrige sind ausschlie\u00dflich in der Filiale in Wuppertal, Robert-Daum-Platz 7 m\u00f6glich.<\/td>\n<\/tr>\n<tr class=\"hover\">\n<td><img decoding=\"async\" src=\"\/x210\/ikb-direkt-88x31.png\" alt=\"IKB direkt\" \/><\/td>\n<td><a href=\"\/bank\/ikb-direkt.php\">IKB direkt<\/a><\/td>\n<td><img decoding=\"async\" src=\"\/x210\/gruener-haken.png\" alt=\"nein\" \/><\/td>\n<td><\/td>\n<\/tr>\n<tr class=\"hover\">\n<td><img decoding=\"async\" src=\"\/x210\/moneyou-88x31.png\" alt=\"MoneYou\" \/><\/td>\n<td><a href=\"\/bank\/moneyou.php\">MoneYou<\/a><\/td>\n<td><img decoding=\"async\" src=\"\/x210\/rotes-kreuz.png\" alt=\"nein\" \/><\/td>\n<td><\/td>\n<\/tr>\n<tr class=\"hover\">\n<td><img decoding=\"async\" src=\"\/x210\/nibc-88x31.png\" alt=\"NIBC direct\" \/><\/td>\n<td><a href=\"\/bank\/nibc.php\">NIBC direct<\/a><\/td>\n<td><img decoding=\"async\" src=\"\/x210\/rotes-kreuz.png\" alt=\"nein\" \/><\/td>\n<td>zwar bekamen wir erst die Auskunft, dass es gehe &ndash; unser Selbsttest zeigte jedoch, dass es nur in Verbindung mit einem Jugend-Festgeld (1.000 Euro Mindesteinlage) klappt<\/td>\n<\/tr>\n<tr class=\"hover\">\n<td><img decoding=\"async\" src=\"\/images\/volkswagen-bank_logo_88x31.png\" alt=\"Volkswagen Bank\" \/><\/td>\n<td><a href=\"\/bank\/volkswagen-tagesgeldkonto.php\">Volkswagen Bank<\/a><\/td>\n<td><img decoding=\"async\" src=\"\/x210\/rotes-kreuz.png\" alt=\"nein\" \/><\/td>\n<td><\/td>\n<\/tr>\n<tr class=\"hover\">\n<td><img decoding=\"async\" src=\"\/x210\/vtb-88x31.png\" alt=\"VTB Direkt\" \/><\/td>\n<td><a href=\"\/bank\/vtb-tagesgeld.php\">VTB Direkt<\/a><\/td>\n<td><img decoding=\"async\" src=\"\/x210\/rotes-kreuz.png\" alt=\"nein\" \/><\/td>\n<td><\/td>\n<\/tr>\n<tr class=\"hover\">\n<td colspan=\"4\">Fehlt Ihnen ein attraktiver Anbieter? Dann schreiben Sie uns bitte. Kontaktdaten im <a href=\"\/data\/impressum.php\">Impressum<\/a>.<\/td>\n<\/tr>\n<\/tbody>\n<\/table>\n<div style=\"width: 210px\" class=\"wp-caption alignright\"><a href=\"\/data\/tagesgeld-newsletter.php\"><img loading=\"lazy\" decoding=\"async\" alt=\"Abbildung vom Tagesgeldkonto Update\" src=\"\/x210\/tagesgeld-newsletter-200.jpg\" title=\"Tagesgeld-Newsletter\" width=\"200\" height=\"280\" \/><\/a><p class=\"wp-caption-text\">Um nichts Wichtiges beim Tagesgeld zu verpassen, empfiehlt es sich, unseren <a href=\"\/data\/tagesgeld-newsletter.php\">Tagesgeld-Newsletter<\/a> monatlich zu empfangen.<\/p><\/div>\n<h2>Beachtenswertes zum Kinder-Tagesgeld<\/h2>\n<h3>Schenkungssteuer<\/h3>\n<p>Eltern k\u00f6nnen jedem Kind ein Verm\u00f6gen in H\u00f6he von bis zu 400.000 Euro (Stand: August 2012) steuerfrei \u00fcbertragen.<\/p>\n<h3>Einkommenssteuer<\/h3>\n<p>Die Zinsen, die das Tagesgeld erwirtschaftet, werden dann beim Kind besteuert. Oder eben nicht, da jedes Kind wie jeder Erwachsene einen Steuerfreibetrag von 8.841 Euro (Stand: August 2012) hat. Wenn jemand weniger als 8.841 Euro an Einnahmen hat, unterliegt er nicht der Einkommensteuer.<br \/>\nDamit die Bank keinen automatischen Steuerabzug vornimmt, sollte eine <strong>Nichtveranlagungsbescheinigung<\/strong> (NV-Bescheinigung, <a href=\"http:\/\/de.wikipedia.org\/wiki\/Nichtveranlagungsbescheinigung\" target=\"_blank\">Infos dazu auf Wikipedia<\/a>) bei der Bank eingereicht werden.<\/p>\n<h3>Abgeltungssteuer, Sparerpauschbetrag<\/h3>\n<p>Sind Zinseinnahmen von nicht mehr als 801 Euro im Kalenderjahr zu erwarten, gen\u00fcgt die Abgabe des <strong>Freistellungsauftrags<\/strong>. Zinsen in H\u00f6he von 801 Euro sind dank des Sparerpauschbetrags steuerfrei.<br \/>\nDer Freistellungsauftrag muss vor der Zinsgutschrift eingereicht werden. Dies sollte besonders bei monatlicher oder quartalsweiser Zinsgutschrift beachtet werden.<\/p>\n<h3>Spargedanke<\/h3>\n<p>Kinder oder Jugendliche mit dem Sparen vertraut zu machen, ist eine gro\u00dfartige Sache und m\u00f6glicherweise das Fundament f\u00fcr sp\u00e4teren Wohlstand. Tagesgeldkonten eignen sich daf\u00fcr besonders, da sie:<\/p>\n<ul>\n<li>keinerlei Geb\u00fchren verschlingen<\/li>\n<li>meist ohne Mindesteinlage eingerichtet werden k\u00f6nnen<\/li>\n<li>eine jederzeitige Verf\u00fcgbarkeit besteht<\/li>\n<li>keine Kurs- oder andere Schwankungsrisiken bestehen<\/li>\n<li>und je nach Anbieter einen vern\u00fcnftigen Zins zahlen<\/li>\n<\/ul>\n<p>Der einzige Feind zum langfristigen Verm\u00f6gensaufbau in der Anlageklasse Tagesgeld ist die <a href=\"\/data\/inflation-charts.php\">Inflation<\/a>. Diese ist jedoch kein Grund, nicht mit dem Sparen anzufangen. Einem Menschen, der auf Ziele hinspart, wird es immer finanziell besser gehen als jemandem, der sein Geld schnell ausgibt.<br \/>\n<div id=\"attachment_869\" style=\"width: 210px\" class=\"wp-caption alignright\"><script type=\"text\/javascript\"><!--\ngoogle_ad_client = \"pub-6379011477030435\";\n\/* 200x200, Erstellt 09.08.09 *\/\ngoogle_ad_slot = \"8497114941\";\ngoogle_ad_width = 200;\ngoogle_ad_height = 200;\n\/\/-->\n<\/script>\n<script type=\"text\/javascript\"\nsrc=\"https:\/\/pagead2.googlesyndication.com\/pagead\/show_ads.js\">\n<\/script>\n<p id=\"caption-attachment-869\" class=\"wp-caption-text\">Automatisierte Google-Werbung.<\/p><\/div><\/p>\n<h3>Er\u00f6ffnung eines Tagesgeldkontos f\u00fcr Minderj\u00e4hrige<\/h3>\n<p>F\u00fcr die Er\u00f6ffnung des Kontos m\u00fcssen grunds\u00e4tzlich <strong>alle<\/strong> Erziehungs&shy;berechtigten unterschreiben. Jeder Erziehungs&shy;berechtigte wei\u00dft seine Identit\u00e4t mittels <a href=\"\/info\/postident.php\">PostIdent<\/a> nach. Sobald der Minderj\u00e4hrige einen eigenen Personalausweis hat (\u00fcblich ab dem 16. Lebensjahr), erfolgt die Identit\u00e4tsfeststellung ebenfalls via PostIdent.<br \/>\nBei J\u00fcngeren muss eine beglaubigte Kopie der Geburtsurkunde eingereicht werden.<\/p>\n<h3>Helfen Sie mit!<\/h3>\n<p>Helfen Sie diese Seite zu verbessern und posten Sie Ihre Erfahrungen und Tipps direkt unter diesen Artikel. Vielen Dank.<\/p>\n<h4>Das k\u00f6nnte Sie auch interessieren<\/h4>\n<ul>\n<li><a href=\"\/data\/tagesgeld-video.php\">Video zum Tagesgeld-Newsletter<\/a><\/li>\n<li><a href=\"\/news\/tan-verfahren\/\">Mit welchen TAN-Verfahren arbeitet welche Tagesgeldbank?<\/a><\/li>\n<\/ul>\n<p><small>Bilder: creativ und sparkia (beide fotolia.com)<\/small><\/p>\n<div style='text-align:left' class='yasr-auto-insert-visitor'><\/div>","protected":false},"excerpt":{"rendered":"<p>Es ist \u00e4rgerlich: Schaut man sich die Tagesgeldvergleiche an, findet man Banken mit hervorragenden Zinsen. Nimmt man Kontakt mit dem Kunden&shy;service der Bank auf, um sich nach den Kontoer\u00f6ffnungsformularen f\u00fcr ein Minderj\u00e4hrigenkonto zu erkundigen, bekommt man h\u00e4ufig die Antwort: \u201eF\u00fcr &hellip; <a href=\"https:\/\/www.optimal-banking.de\/news\/tagesgeld-kinder\/\">Weiterlesen <span class=\"meta-nav\">&rarr;<\/span><\/a><\/p>\n","protected":false},"author":4,"featured_media":0,"parent":0,"menu_order":0,"comment_status":"open","ping_status":"closed","template":"","meta":{"yasr_overall_rating":0,"yasr_post_is_review":"","yasr_auto_insert_disabled":"","yasr_review_type":"","footnotes":""},"class_list":["post-2584","page","type-page","status-publish","hentry"],"aioseo_notices":[],"yasr_visitor_votes":{"stars_attributes":{"read_only":false,"span_bottom":false},"number_of_votes":2,"sum_votes":10},"_links":{"self":[{"href":"https:\/\/www.optimal-banking.de\/news\/wp-json\/wp\/v2\/pages\/2584"}],"collection":[{"href":"https:\/\/www.optimal-banking.de\/news\/wp-json\/wp\/v2\/pages"}],"about":[{"href":"https:\/\/www.optimal-banking.de\/news\/wp-json\/wp\/v2\/types\/page"}],"author":[{"embeddable":true,"href":"https:\/\/www.optimal-banking.de\/news\/wp-json\/wp\/v2\/users\/4"}],"replies":[{"embeddable":true,"href":"https:\/\/www.optimal-banking.de\/news\/wp-json\/wp\/v2\/comments?post=2584"}],"version-history":[{"count":0,"href":"https:\/\/www.optimal-banking.de\/news\/wp-json\/wp\/v2\/pages\/2584\/revisions"}],"wp:attachment":[{"href":"https:\/\/www.optimal-banking.de\/news\/wp-json\/wp\/v2\/media?parent=2584"}],"curies":[{"name":"wp","href":"https:\/\/api.w.org\/{rel}","templated":true}]}}