{"id":2627,"date":"2012-09-07T16:52:52","date_gmt":"2012-09-07T15:52:52","guid":{"rendered":"http:\/\/www.optimal-banking.de\/news\/?page_id=2627"},"modified":"2012-09-07T16:52:52","modified_gmt":"2012-09-07T15:52:52","slug":"postkarte","status":"publish","type":"page","link":"https:\/\/www.optimal-banking.de\/news\/police-car\/postkarte\/","title":{"rendered":"Postkarte &#8211; Bankstern auf der Spur"},"content":{"rendered":"<p><div id=\"attachment_2635\" style=\"width: 410px\" class=\"wp-caption alignright\"><img loading=\"lazy\" decoding=\"async\" aria-describedby=\"caption-attachment-2635\" src=\"https:\/\/www.optimal-banking.de\/news\/wp-content\/uploads\/sites\/2\/2012\/09\/police-car-postkarte-400.jpg\" alt=\"Bankstern auf der Spur - Postkarte\" title=\"Bankstern auf der Spur - Postkarte\" width=\"400\" height=\"258\" class=\"size-full wp-image-2635\" srcset=\"https:\/\/www.optimal-banking.de\/news\/wp-content\/uploads\/sites\/2\/2012\/09\/police-car-postkarte-400.jpg 400w, https:\/\/www.optimal-banking.de\/news\/wp-content\/uploads\/sites\/2\/2012\/09\/police-car-postkarte-400-300x194.jpg 300w\" sizes=\"(max-width: 400px) 100vw, 400px\" \/><p id=\"caption-attachment-2635\" class=\"wp-caption-text\">Diese Postkarte ist  <a href=\"#bestellen\">bestellbar<\/a>.<\/p><\/div><br \/>\nDiese Seite dokumentiert das <strong>Making-of<\/strong> der Motiv-Postkarte \u201eBankstern auf der Spur\u201c.<br \/>\nMehr \u00fcber uns als \u201eBankster-J\u00e4ger\u201c findet man auf dieser Seite: <a href=\"http:\/\/www.optimal-banking.de\/911\">www.optimal-banking.de\/911<\/a><\/p>\n<blockquote><p>Diese Postkarte kann man sich nach Hause schicken lassen!<\/p><\/blockquote>\n<p>Am Ende dieser Seite gibt es eine Bestellm\u00f6glichkeit. Per \u00dcberweisung kann man sich bequem eine oder mehrere dieser Postkarten zuschicken lassen.<\/p>\n<h3>1. Geeignetes Fahrzeug ausfindig machen und zum Bankster-J\u00e4ger-Mobil umr\u00fcsten<\/h3>\n<div id=\"attachment_2646\" style=\"width: 660px\" class=\"wp-caption alignleft\"><img loading=\"lazy\" decoding=\"async\" aria-describedby=\"caption-attachment-2646\" src=\"https:\/\/www.optimal-banking.de\/news\/wp-content\/uploads\/sites\/2\/2012\/09\/police-car-umruestung.jpg\" alt=\"Umr\u00fcstung vom Police Car zum Bankster-J\u00e4ger-Mobil\" title=\"Umr\u00fcstung vom Police Car zum Bankster-J\u00e4ger-Mobil\" width=\"650\" height=\"442\" class=\"size-full wp-image-2646\" srcset=\"https:\/\/www.optimal-banking.de\/news\/wp-content\/uploads\/sites\/2\/2012\/09\/police-car-umruestung.jpg 650w, https:\/\/www.optimal-banking.de\/news\/wp-content\/uploads\/sites\/2\/2012\/09\/police-car-umruestung-300x204.jpg 300w\" sizes=\"(max-width: 650px) 100vw, 650px\" \/><p id=\"caption-attachment-2646\" class=\"wp-caption-text\">Beispielsweise wurde die Leuchtbalken-Attrappe ersetzt sowie die erforderliche Innenausstattung nachger\u00fcstet.<\/p><\/div>\n<h3>2. Wenn man selbst nicht fotogen ist, jemand organisieren, der wesentlich besser aussieht<\/h3>\n<div id=\"attachment_2668\" style=\"width: 660px\" class=\"wp-caption alignleft\"><img loading=\"lazy\" decoding=\"async\" aria-describedby=\"caption-attachment-2668\" src=\"https:\/\/www.optimal-banking.de\/news\/wp-content\/uploads\/sites\/2\/2012\/09\/police-car-models.jpg\" alt=\"Rebecca, enigma und T\u00e4nsch\" title=\"Models vom Police-Car-Shooting\" width=\"650\" height=\"321\" class=\"size-full wp-image-2668\" srcset=\"https:\/\/www.optimal-banking.de\/news\/wp-content\/uploads\/sites\/2\/2012\/09\/police-car-models.jpg 650w, https:\/\/www.optimal-banking.de\/news\/wp-content\/uploads\/sites\/2\/2012\/09\/police-car-models-300x148.jpg 300w\" sizes=\"(max-width: 650px) 100vw, 650px\" \/><p id=\"caption-attachment-2668\" class=\"wp-caption-text\">Gro\u00dfen Dank an unsere lieben Models, die sich super auf das Shooting vorbereitet und klasse mitgemacht haben. Von links nach rechts: Rebecca (19), enigma (30) und T\u00e4nsch (18). Demn\u00e4chst stellen wir weitere geniale Bilder in hoher Aufl\u00f6sung online!<\/p><\/div>\n<h4 style=\"clear:both;font-size:110%;width:200px;background-color:yellow\">Weitere Bilder von:<\/h4>\n<ul>\n<li><a href=\"\/news\/police-car\/postkarte\/bankster-jagerin-rebecca\/\">Rebecca<\/a><\/li>\n<li><a href=\"\/news\/police-car\/postkarte\/enigma-ist-den-bankstern-auf-der-spur\/\">enigma<\/a><\/li>\n<li><a href=\"\/news\/police-car\/postkarte\/bankster-jagerin-tansch\/\">T\u00e4nsch<\/a><\/li>\n<\/ul>\n<h3>3. Wenn man selbst keine gescheiten Fotos schie\u00dfen kann, auch so jemanden organisieren<\/h3>\n<div id=\"attachment_2643\" style=\"width: 660px\" class=\"wp-caption alignleft\"><img loading=\"lazy\" decoding=\"async\" aria-describedby=\"caption-attachment-2643\" src=\"https:\/\/www.optimal-banking.de\/news\/wp-content\/uploads\/sites\/2\/2012\/09\/police-car-shooting-alexander-metzger.jpg\" alt=\"Professioneller Fotograf\" title=\"Professioneller Fotograf\" width=\"650\" height=\"450\" class=\"size-full wp-image-2643\" srcset=\"https:\/\/www.optimal-banking.de\/news\/wp-content\/uploads\/sites\/2\/2012\/09\/police-car-shooting-alexander-metzger.jpg 650w, https:\/\/www.optimal-banking.de\/news\/wp-content\/uploads\/sites\/2\/2012\/09\/police-car-shooting-alexander-metzger-300x208.jpg 300w\" sizes=\"(max-width: 650px) 100vw, 650px\" \/><p id=\"caption-attachment-2643\" class=\"wp-caption-text\">Alexander Metzger vom Fotostudio gr\u00fcnhinterdenohren.de \u00fcbernahm<\/p><\/div>\n<h3>4. Geeignete Location ausfindig machen <span style=\"font-weight:normal\">(m\u00f6glichst etwas Besonderes)<\/span><\/h3>\n<div id=\"attachment_2654\" style=\"width: 660px\" class=\"wp-caption alignleft\"><img loading=\"lazy\" decoding=\"async\" aria-describedby=\"caption-attachment-2654\" src=\"https:\/\/www.optimal-banking.de\/news\/wp-content\/uploads\/sites\/2\/2012\/09\/memminger-brauerei.jpg\" alt=\"Police Car in Memminger Brauerei\" title=\"Ladehalle der Memminger Brauerei als Shooting-Location\" width=\"650\" height=\"401\" class=\"size-full wp-image-2654\" srcset=\"https:\/\/www.optimal-banking.de\/news\/wp-content\/uploads\/sites\/2\/2012\/09\/memminger-brauerei.jpg 650w, https:\/\/www.optimal-banking.de\/news\/wp-content\/uploads\/sites\/2\/2012\/09\/memminger-brauerei-300x185.jpg 300w\" sizes=\"(max-width: 650px) 100vw, 650px\" \/><p id=\"caption-attachment-2654\" class=\"wp-caption-text\">Die Aufnahmen entstanden in der Ladehalle der unter Bierkennern weltbekannten Memminger Brauerei (gebraut mit nat\u00fcrlichem Gebirgswasser).<\/p><\/div>\n<h3>5. Bearbeitung des Rohmaterials bis hin zum Postkartenentwurf<\/h3>\n<div id=\"attachment_2665\" style=\"width: 660px\" class=\"wp-caption alignleft\"><img loading=\"lazy\" decoding=\"async\" aria-describedby=\"caption-attachment-2665\" src=\"https:\/\/www.optimal-banking.de\/news\/wp-content\/uploads\/sites\/2\/2012\/09\/police-car-bearbeitung.jpg\" alt=\"Vor- und nach der Bearbeitung: 2x Police Car \" title=\"So entstand aus einem Foto die Postkarte \" width=\"650\" height=\"223\" class=\"size-full wp-image-2665\" srcset=\"https:\/\/www.optimal-banking.de\/news\/wp-content\/uploads\/sites\/2\/2012\/09\/police-car-bearbeitung.jpg 650w, https:\/\/www.optimal-banking.de\/news\/wp-content\/uploads\/sites\/2\/2012\/09\/police-car-bearbeitung-300x103.jpg 300w\" sizes=\"(max-width: 650px) 100vw, 650px\" \/><p id=\"caption-attachment-2665\" class=\"wp-caption-text\">1. Zuerst musste das Logo \u201eBankstern auf der Spur\u201c eingef\u00fcgt werden, denn es gab Verz\u00f6gerungen beim Grafiker, so dass der Foliendruck nicht rechtzeitig fertig war.<br \/> 2. Ebenfalls gab es eine Verz\u00f6gerung bei der Lieferung der roten Kappe vom Lichterbalken, so dass die orange \u00dcbergangsbeleuchtung nachtr\u00e4glich rot gef\u00e4rbt werden musste.<br \/> 3. Die Wand musste nachtr\u00e4glich gereinigt werden (damit niemand anf\u00e4ngt auf der Karte einen Fleck wegkratzen zu wollen).<br \/>Nat\u00fcrlich gab es noch weitere Bearbeitungsschritte, um eine nahezu perfekte Postkarte anbieten zu k\u00f6nnen, doch diese bleiben ein Geheimnis.<\/p><\/div>\n<h3>6. Druckerei finden, die in h\u00f6chster Qualit\u00e4t die Postkarte produziert<\/h3>\n<div id=\"attachment_2657\" style=\"width: 660px\" class=\"wp-caption alignleft\"><img loading=\"lazy\" decoding=\"async\" aria-describedby=\"caption-attachment-2657\" src=\"https:\/\/www.optimal-banking.de\/news\/wp-content\/uploads\/sites\/2\/2012\/09\/druckerei-uhl.jpg\" alt=\"Gesch\u00e4ftsf\u00fchrer Andreas Uhl vor Druckmaschine\" title=\"Andreas Uhl mit druckfrischem Bogen\" width=\"650\" height=\"477\" class=\"size-full wp-image-2657\" srcset=\"https:\/\/www.optimal-banking.de\/news\/wp-content\/uploads\/sites\/2\/2012\/09\/druckerei-uhl.jpg 650w, https:\/\/www.optimal-banking.de\/news\/wp-content\/uploads\/sites\/2\/2012\/09\/druckerei-uhl-300x220.jpg 300w\" sizes=\"(max-width: 650px) 100vw, 650px\" \/><p id=\"caption-attachment-2657\" class=\"wp-caption-text\">Andreas Uhl, Gesch\u00e4ftsf\u00fchrer der Uhl Media GmbH, mit einem druckfrischen Postkartenbogen. Hergestellt wurde unsere Postkarte in h\u00f6chster Papier- und Farbqualit\u00e4t und obendrein noch \u00f6kologisch sauber.<br \/>Die Druckerei Uhl verwendete \u00d6kodruckfarben, das Papier stammt aus nachhaltiger Forstwirtschaft oder Recycling, die verwendete Energie kam aus \u00d6kostrom. Nachhaltigkeitsfans finden unter <a href=\"http:\/\/uhl-media.de\/umwelt\/eco-print-information-und-download.html\" target=\"_blank\">http:\/\/uhl-media.de\/umwelt\/eco-print-information-und-download.html<\/a> noch weitere nennenswerte Details. Uhl Media nimmt bundesweit Auftr\u00e4ge an. Kleines Bild: beim Beratungsgespr\u00e4ch.<\/p><\/div>\n<h3>7. An viele Freunde den Link versenden, damit sich der ganze Aufwand gelohnt hat und m\u00f6glichst viele Menschen das Ergebnis sehen und bewerten k\u00f6nnen<\/h3>\n<div id=\"fb-root\"><\/div>\n<p>(function(d, s, id) {<br \/>\n  var js, fjs = d.getElementsByTagName(s)[0];<br \/>\n  if (d.getElementById(id)) return;<br \/>\n  js = d.createElement(s); js.id = id;<br \/>\n  js.src = &#8222;\/\/connect.facebook.net\/de_DE\/all.js#xfbml=1&amp;appId=262355443882560&#8220;;<br \/>\n  fjs.parentNode.insertBefore(js, fjs);<br \/>\n}(document, &#8217;script&#8216;, &#8218;facebook-jssdk&#8216;));<\/p>\n<div class=\"fb-like-box\" style=\"margin-left:15px;margin-right:20px;float:right\"><\/div>\n<p>Die ersten Schritte sind getan, die Seite ist in wirklich m\u00fchevoller Grob- und Miniatur&shy;arbeit entstanden und die ersten Besucher haben wir pers\u00f6nlich geladen. Vielleicht wurden Sie durch einen Freund, Arbeits&shy;kollegen oder Posting in einem \u00f6ffentlichen Forum auf diese Seite aufmerksam!?<br \/>\nWenn Ihnen die Arbeit des gesamten Teams, von der Autowerkstatt \u00fcber Fotograf und Druckerei, und nat\u00fcrlich die Models gefallen haben, dann empfehlen Sie bitte diese Seite anderen zum Ansehen. Das kann mittels E-Mail oder Postings bei Facebook, Foren und Co. geschehen.<br \/>\nWas Sie bitte nicht machen sollten, ist die Bilder kopieren und f\u00fcr andere Zwecke verwenden. Hier steckt wirklich so viel Arbeit und Energie drin, dass es nicht fair w\u00e4re (ganz zu schweigen vom Urheberrecht!). Verlinken Sie einfach auf unsere Bilder, so k\u00f6nnen Sie diese immer wieder ansehen.<\/p>\n<h3 id=\"bestellen\">Postkarte(n) bestellen<\/h3>\n<p>Gerne k\u00f6nnen Sie eine oder mehrere Postkarten mit dem Motiv \u201eBankstern auf der Spur\u201c bestellen. Und das geht so:<\/p>\n<ol>\n<li style=\"padding-bottom:10px\">F\u00fcllen Sie einen \u00dcberweisungsauftrag an:<br \/><em>Optimal Banking Media UG<br \/>Konto: 4460120<br \/>BLZ: 83065410<br \/>Institut: Deutsche Skatbank<\/em> aus<\/li>\n<li style=\"padding-bottom:10px\">Tragen Sie dort unbedingt die Kartenanzahl und Ihre vollst\u00e4ndige Postadresse ein<\/li>\n<li style=\"padding-bottom:10px\">Zum Schluss einen \u201efairen\u201c Preis, den Sie selbst festlegen (also was Ihnen die Karte wert ist)<\/li>\n<\/ol>\n<h4>Das kann beispielsweise so aussehen:<\/h4>\n<p><div id=\"attachment_2628\" style=\"width: 660px\" class=\"wp-caption alignleft\"><img loading=\"lazy\" decoding=\"async\" aria-describedby=\"caption-attachment-2628\" src=\"https:\/\/www.optimal-banking.de\/news\/wp-content\/uploads\/sites\/2\/2012\/09\/postkarte-anfordern.jpg\" alt=\"Bildschirmdruck vom Konto DKB mit Postkartenanforderung\" title=\"So fordert man Postkarten an.\" width=\"650\" height=\"508\" class=\"size-full wp-image-2628\" srcset=\"https:\/\/www.optimal-banking.de\/news\/wp-content\/uploads\/sites\/2\/2012\/09\/postkarte-anfordern.jpg 650w, https:\/\/www.optimal-banking.de\/news\/wp-content\/uploads\/sites\/2\/2012\/09\/postkarte-anfordern-300x234.jpg 300w\" sizes=\"(max-width: 650px) 100vw, 650px\" \/><p id=\"caption-attachment-2628\" class=\"wp-caption-text\">Bildschirmdruck von meinem eigenen <a href=\"\/bank\/dkb-girokonto.php\">DKB-Konto<\/a>.<\/p><\/div><br \/>\nSobald Ihre \u00dcberweisung eingegangen ist, machen wir die Bestellung versandfertig.<\/p>\n<h3>Danke!<\/h3>\n<p>Danke f\u00fcr Ihr Interesse, dass Sie diese Seite bis zum Ende angesehen haben. Und gro\u00dfen Dank an alle Mitwirkenden der ersten Motiv-Postkarte von Optimal-Banking.<br \/>\n<div id=\"attachment_2648\" style=\"width: 660px\" class=\"wp-caption alignleft\"><img loading=\"lazy\" decoding=\"async\" aria-describedby=\"caption-attachment-2648\" src=\"https:\/\/www.optimal-banking.de\/news\/wp-content\/uploads\/sites\/2\/2012\/09\/produzent-bankerjaeger.jpg\" alt=\"Produzent der Bankster-J\u00e4ger...\" title=\"Produzent der Bankster-J\u00e4ger...\" width=\"650\" height=\"243\" class=\"size-full wp-image-2648\" srcset=\"https:\/\/www.optimal-banking.de\/news\/wp-content\/uploads\/sites\/2\/2012\/09\/produzent-bankerjaeger.jpg 650w, https:\/\/www.optimal-banking.de\/news\/wp-content\/uploads\/sites\/2\/2012\/09\/produzent-bankerjaeger-300x112.jpg 300w\" sizes=\"(max-width: 650px) 100vw, 650px\" \/><p id=\"caption-attachment-2648\" class=\"wp-caption-text\">Links: Stolzer Produzent der ersten Motiv-Postkarte.<br \/>Rechts: Ein zweiter Banksterj\u00e4ger gesellt sich dazu.<br \/><\/p><\/div><\/p>\n<h4>Das k\u00f6nnte Sie auch interessieren<\/h4>\n<ul>\n<li><a href=\"\/news\/australien-reise\/\">Bilder von der Australienreise<\/a><\/li>\n<li><a href=\"\/data\/7-gute-gruende.php\">7 gute Gr\u00fcnde \u2013 oder warum Optimal-Banking!?<\/a><\/li>\n<\/ul>\n<p><small>Bilder: Fotograf Alexander Metzger &#183; Grafiker Carsten G\u00e4nserich &#183; Produzent Gregor Janecke<\/small><\/p>\n<div style='text-align:left' class='yasr-auto-insert-visitor'><\/div>","protected":false},"excerpt":{"rendered":"<p>Diese Seite dokumentiert das Making-of der Motiv-Postkarte \u201eBankstern auf der Spur\u201c. Mehr \u00fcber uns als \u201eBankster-J\u00e4ger\u201c findet man auf dieser Seite: www.optimal-banking.de\/911 Diese Postkarte kann man sich nach Hause schicken lassen! Am Ende dieser Seite gibt es eine Bestellm\u00f6glichkeit. Per &hellip; <a href=\"https:\/\/www.optimal-banking.de\/news\/police-car\/postkarte\/\">Weiterlesen <span class=\"meta-nav\">&rarr;<\/span><\/a><\/p>\n","protected":false},"author":2,"featured_media":0,"parent":2625,"menu_order":0,"comment_status":"open","ping_status":"closed","template":"","meta":{"yasr_overall_rating":0,"yasr_post_is_review":"","yasr_auto_insert_disabled":"","yasr_review_type":"","footnotes":""},"class_list":["post-2627","page","type-page","status-publish","hentry"],"aioseo_notices":[],"yasr_visitor_votes":{"stars_attributes":{"read_only":false,"span_bottom":false},"number_of_votes":2,"sum_votes":10},"_links":{"self":[{"href":"https:\/\/www.optimal-banking.de\/news\/wp-json\/wp\/v2\/pages\/2627"}],"collection":[{"href":"https:\/\/www.optimal-banking.de\/news\/wp-json\/wp\/v2\/pages"}],"about":[{"href":"https:\/\/www.optimal-banking.de\/news\/wp-json\/wp\/v2\/types\/page"}],"author":[{"embeddable":true,"href":"https:\/\/www.optimal-banking.de\/news\/wp-json\/wp\/v2\/users\/2"}],"replies":[{"embeddable":true,"href":"https:\/\/www.optimal-banking.de\/news\/wp-json\/wp\/v2\/comments?post=2627"}],"version-history":[{"count":0,"href":"https:\/\/www.optimal-banking.de\/news\/wp-json\/wp\/v2\/pages\/2627\/revisions"}],"up":[{"embeddable":true,"href":"https:\/\/www.optimal-banking.de\/news\/wp-json\/wp\/v2\/pages\/2625"}],"wp:attachment":[{"href":"https:\/\/www.optimal-banking.de\/news\/wp-json\/wp\/v2\/media?parent=2627"}],"curies":[{"name":"wp","href":"https:\/\/api.w.org\/{rel}","templated":true}]}}