{"id":2780,"date":"2012-09-24T20:28:20","date_gmt":"2012-09-24T19:28:20","guid":{"rendered":"http:\/\/www.optimal-banking.de\/news\/?page_id=2780"},"modified":"2012-09-24T20:28:20","modified_gmt":"2012-09-24T19:28:20","slug":"enigma-ist-den-bankstern-auf-der-spur","status":"publish","type":"page","link":"https:\/\/www.optimal-banking.de\/news\/police-car\/postkarte\/enigma-ist-den-bankstern-auf-der-spur\/","title":{"rendered":"enigma ist den Bankstern auf der Spur"},"content":{"rendered":"<p><div id=\"attachment_2781\" style=\"width: 410px\" class=\"wp-caption alignright\"><img loading=\"lazy\" decoding=\"async\" aria-describedby=\"caption-attachment-2781\" src=\"https:\/\/www.optimal-banking.de\/news\/wp-content\/uploads\/sites\/2\/2012\/09\/enigma-police-car.jpg\" alt=\"Model breitbeinig auf der Motorhaube\" title=\"enigma auf dem Police Car\" width=\"400\" height=\"267\" class=\"size-full wp-image-2781\" srcset=\"https:\/\/www.optimal-banking.de\/news\/wp-content\/uploads\/sites\/2\/2012\/09\/enigma-police-car.jpg 400w, https:\/\/www.optimal-banking.de\/news\/wp-content\/uploads\/sites\/2\/2012\/09\/enigma-police-car-300x200.jpg 300w\" sizes=\"(max-width: 400px) 100vw, 400px\" \/><p id=\"caption-attachment-2781\" class=\"wp-caption-text\">Wer m\u00f6chte daneben Platz nehmen?<\/p><\/div><br \/>\nEnigma war bei unserem ersten Fotoshooting am 2.9. eine von drei <a href=\"\/911\">Bankerster<\/a>-J\u00e4gerinnen.<br \/>\nAuf dieser Seite findet man bisher unver\u00f6ffentlichte Fotos von enigma im klasse US-Police-Kost\u00fcm. Ebenso gibt die Making-Of-Bilder gleich dazu.<\/p>\n<h3>Das ist enigma<\/h3>\n<p>Alter: 30<br \/>\nBH:  75 C<br \/>\nMa\u00dfe: 88-67-94<br \/>\nTechnische Daten um Einsatzwagen gibt es <a href=\"\/auto.php\">hier<\/a>.<\/p>\n<h3 style=\"clear:both\">&hellip; und es spielt sich noch mehr auf der Motorhaube ab!<\/h3>\n<div id=\"attachment_2784\" style=\"width: 660px\" class=\"wp-caption alignleft\"><img loading=\"lazy\" decoding=\"async\" aria-describedby=\"caption-attachment-2784\" src=\"https:\/\/www.optimal-banking.de\/news\/wp-content\/uploads\/sites\/2\/2012\/09\/auf-der-motorhaube1.jpg\" alt=\"Was und wie es auf der Motorhaube geschau\" title=\"auf der Motorhaube\" width=\"650\" height=\"701\" class=\"size-full wp-image-2784\" srcset=\"https:\/\/www.optimal-banking.de\/news\/wp-content\/uploads\/sites\/2\/2012\/09\/auf-der-motorhaube1.jpg 650w, https:\/\/www.optimal-banking.de\/news\/wp-content\/uploads\/sites\/2\/2012\/09\/auf-der-motorhaube1-278x300.jpg 278w\" sizes=\"(max-width: 650px) 100vw, 650px\" \/><p id=\"caption-attachment-2784\" class=\"wp-caption-text\">Motorhaubenbild und wie es entstand<\/p><\/div>\n<h3>To serve and protect<\/h3>\n<div id=\"attachment_2785\" style=\"width: 660px\" class=\"wp-caption alignleft\"><img loading=\"lazy\" decoding=\"async\" aria-describedby=\"caption-attachment-2785\" src=\"https:\/\/www.optimal-banking.de\/news\/wp-content\/uploads\/sites\/2\/2012\/09\/police-geil.jpg\" alt=\"To serve and protect with sunclasses\" title=\"To serve and protect with sunclasses\" width=\"650\" height=\"984\" class=\"size-full wp-image-2785\" srcset=\"https:\/\/www.optimal-banking.de\/news\/wp-content\/uploads\/sites\/2\/2012\/09\/police-geil.jpg 650w, https:\/\/www.optimal-banking.de\/news\/wp-content\/uploads\/sites\/2\/2012\/09\/police-geil-198x300.jpg 198w\" sizes=\"(max-width: 650px) 100vw, 650px\" \/><p id=\"caption-attachment-2785\" class=\"wp-caption-text\">To serve and protect with sunclasses<\/p><\/div>\n<h3>Es sind auch Bilder jenseits Motorhaube entstanden<\/h3>\n<div id=\"attachment_2786\" style=\"width: 660px\" class=\"wp-caption alignleft\"><img loading=\"lazy\" decoding=\"async\" aria-describedby=\"caption-attachment-2786\" src=\"https:\/\/www.optimal-banking.de\/news\/wp-content\/uploads\/sites\/2\/2012\/09\/weitere-shooting-fotos-enigma.jpg\" alt=\"Weitere Shooting-Fotos von enigma und dem Police Car\" title=\"Weitere Shooting-Fotos von enigma und dem Police Car\" width=\"650\" height=\"244\" class=\"size-full wp-image-2786\" srcset=\"https:\/\/www.optimal-banking.de\/news\/wp-content\/uploads\/sites\/2\/2012\/09\/weitere-shooting-fotos-enigma.jpg 650w, https:\/\/www.optimal-banking.de\/news\/wp-content\/uploads\/sites\/2\/2012\/09\/weitere-shooting-fotos-enigma-300x113.jpg 300w\" sizes=\"(max-width: 650px) 100vw, 650px\" \/><p id=\"caption-attachment-2786\" class=\"wp-caption-text\">Weitere Shooting-Fotos von enigma und dem Police Car<\/p><\/div>\n<h4>Das k\u00f6nnte Sie auch interessieren<\/h4>\n<ul>\n<li><a href=\"\/news\/police-car\/postkarte\/bankster-jagerin-tansch\/\">Postkarte zum Banksterj\u00e4ger-Mobil<\/a><\/li>\n<li><a href=\"\/news\/police-car\/postkarte\/bankster-jagerin-rebecca\/\">Rebecca als Banksterj\u00e4gerin (4 Bilder)<\/a><\/li>\n<\/ul>\n<div style='text-align:left' class='yasr-auto-insert-visitor'><\/div>","protected":false},"excerpt":{"rendered":"<p>Enigma war bei unserem ersten Fotoshooting am 2.9. eine von drei Bankerster-J\u00e4gerinnen. Auf dieser Seite findet man bisher unver\u00f6ffentlichte Fotos von enigma im klasse US-Police-Kost\u00fcm. Ebenso gibt die Making-Of-Bilder gleich dazu. Das ist enigma Alter: 30 BH: 75 C Ma\u00dfe: &hellip; <a href=\"https:\/\/www.optimal-banking.de\/news\/police-car\/postkarte\/enigma-ist-den-bankstern-auf-der-spur\/\">Weiterlesen <span class=\"meta-nav\">&rarr;<\/span><\/a><\/p>\n","protected":false},"author":2,"featured_media":0,"parent":2627,"menu_order":0,"comment_status":"open","ping_status":"closed","template":"","meta":{"yasr_overall_rating":0,"yasr_post_is_review":"","yasr_auto_insert_disabled":"","yasr_review_type":"","footnotes":""},"class_list":["post-2780","page","type-page","status-publish","hentry"],"aioseo_notices":[],"yasr_visitor_votes":{"stars_attributes":{"read_only":false,"span_bottom":false},"number_of_votes":1,"sum_votes":4},"_links":{"self":[{"href":"https:\/\/www.optimal-banking.de\/news\/wp-json\/wp\/v2\/pages\/2780"}],"collection":[{"href":"https:\/\/www.optimal-banking.de\/news\/wp-json\/wp\/v2\/pages"}],"about":[{"href":"https:\/\/www.optimal-banking.de\/news\/wp-json\/wp\/v2\/types\/page"}],"author":[{"embeddable":true,"href":"https:\/\/www.optimal-banking.de\/news\/wp-json\/wp\/v2\/users\/2"}],"replies":[{"embeddable":true,"href":"https:\/\/www.optimal-banking.de\/news\/wp-json\/wp\/v2\/comments?post=2780"}],"version-history":[{"count":0,"href":"https:\/\/www.optimal-banking.de\/news\/wp-json\/wp\/v2\/pages\/2780\/revisions"}],"up":[{"embeddable":true,"href":"https:\/\/www.optimal-banking.de\/news\/wp-json\/wp\/v2\/pages\/2627"}],"wp:attachment":[{"href":"https:\/\/www.optimal-banking.de\/news\/wp-json\/wp\/v2\/media?parent=2780"}],"curies":[{"name":"wp","href":"https:\/\/api.w.org\/{rel}","templated":true}]}}