{"id":3811,"date":"2013-04-24T18:41:49","date_gmt":"2013-04-24T17:41:49","guid":{"rendered":"http:\/\/www.optimal-banking.de\/news\/?page_id=3811"},"modified":"2013-04-24T18:41:49","modified_gmt":"2013-04-24T17:41:49","slug":"schwerin","status":"publish","type":"page","link":"https:\/\/www.optimal-banking.de\/news\/dkb\/schwerin\/","title":{"rendered":"DKB Schwerin"},"content":{"rendered":"<p><img loading=\"lazy\" decoding=\"async\" src=\"\/x210\/dkb-160.png\" width=\"160\" height=\"35\" alt=\"DKB AG\" class=\"alignright\" \/><img loading=\"lazy\" decoding=\"async\" src=\"\/x210\/dkb-testsiegel-160.jpg\" width=\"160\" height=\"92\" alt=\"DKB ist ausgezeichnet\" class=\"alignleft\" \/><\/p>\n<h3>Kontakt zur DKB<\/h3>\n<p>Wismarsche Str. 154<br \/>\n19053 Schwerin<br \/>\nTelefon: 030.12030000 (Zentrale Hotline)<br \/>\nTelefax: 0385.5969-199 (Schwerin)<br \/>\n<img loading=\"lazy\" decoding=\"async\" src=\"\/x210\/dkb-karten.jpg\" width=\"160\" height=\"101\" alt=\"DKB Karten\" class=\"alignleft\" \/><br \/>\nE-Mail: info@dkb.de<br \/>\nInternet: <a href=\"\/go.php?id=dkb_giro_navi\" target=\"_blank\" rel=\"nofollow\">www.dkb.de<\/a><br \/>\nBLZ: 120 300 00<br \/>\nBIC: BYLADEM 1001<br \/>\nInfos zum Bestseller <a href=\"\/bank\/dkb-cash.php\">DKB Cash<\/a> &#x2714;<\/p>\n<h3 style=\"clear:both\">Die DKB Filiale befindet sich zwischen Pfaffenteich und Hauptbahnhof in Schwerin<\/h3>\n<p><small><a href=\"https:\/\/maps.google.de\/maps?f=q&amp;source=embed&amp;hl=de&amp;geocode=&amp;q=Wismarsche+Stra%C3%9Fe+154,+19053,+Schwerin&amp;aq=0&amp;oq=Wismarsche+Str.+154+19053+Schwerin&amp;sll=54.0884,12.13933&amp;sspn=0.010559,0.027874&amp;gl=de&amp;g=Neuer+Markt+11%E2%80%8E,+18055+Rostock&amp;ie=UTF8&amp;hq=&amp;hnear=Wismarsche+Stra%C3%9Fe+154,+19053+Schwerin,+Mecklenburg-Vorpommern&amp;t=m&amp;ll=53.63044,11.408916&amp;spn=0.008907,0.029612&amp;z=15&amp;iwloc=A\" style=\"color:#0000FF;text-align:left\">Gr\u00f6\u00dfere Kartenansicht<\/a><\/small><\/p>\n<h2>DKB Grundbesitzvermittlung GmbH<\/h2>\n<p>Die DKB Grundbesitzvermittlung GmbH ist quasi der hauseigene Immobilienmakler der Bank. Neben den bekannten Internet-Girokonto <a href=\"\/bank\/dkb-cash.php\">DKB Cash<\/a> ist die DKB auch im Bereich der Immobilien-Finanzierungen stark. Auch bei Finanzierungen von Umbauten mit sehr g\u00fcnstigen Zinss\u00e4tzen bei \u00d6ko-Standards.<br \/>\nTelefon: 0385.5969-161<\/p>\n<h4>Verwandte Themen<\/h4>\n<ul>\n<li><a href=\"\/bank\/dkb-girokonto.php\">Wichtige Infos zum DKB Girokonto (kostenlos)<\/a><\/li>\n<li><a href=\"\/news\/dkb\/rostock\/\">DKB Rostock und Arena<\/a><\/li>\n<\/ul>\n<div style='text-align:left' class='yasr-auto-insert-visitor'><\/div>","protected":false},"excerpt":{"rendered":"<p>Kontakt zur DKB Wismarsche Str. 154 19053 Schwerin Telefon: 030.12030000 (Zentrale Hotline) Telefax: 0385.5969-199 (Schwerin) E-Mail: info@dkb.de Internet: www.dkb.de BLZ: 120 300 00 BIC: BYLADEM 1001 Infos zum Bestseller DKB Cash &#x2714; Die DKB Filiale befindet sich zwischen Pfaffenteich und &hellip; <a href=\"https:\/\/www.optimal-banking.de\/news\/dkb\/schwerin\/\">Weiterlesen <span class=\"meta-nav\">&rarr;<\/span><\/a><\/p>\n","protected":false},"author":4,"featured_media":0,"parent":3789,"menu_order":0,"comment_status":"open","ping_status":"closed","template":"","meta":{"yasr_overall_rating":0,"yasr_post_is_review":"","yasr_auto_insert_disabled":"","yasr_review_type":"","footnotes":""},"class_list":["post-3811","page","type-page","status-publish","hentry"],"aioseo_notices":[],"yasr_visitor_votes":{"stars_attributes":{"read_only":false,"span_bottom":false},"number_of_votes":48,"sum_votes":136},"_links":{"self":[{"href":"https:\/\/www.optimal-banking.de\/news\/wp-json\/wp\/v2\/pages\/3811"}],"collection":[{"href":"https:\/\/www.optimal-banking.de\/news\/wp-json\/wp\/v2\/pages"}],"about":[{"href":"https:\/\/www.optimal-banking.de\/news\/wp-json\/wp\/v2\/types\/page"}],"author":[{"embeddable":true,"href":"https:\/\/www.optimal-banking.de\/news\/wp-json\/wp\/v2\/users\/4"}],"replies":[{"embeddable":true,"href":"https:\/\/www.optimal-banking.de\/news\/wp-json\/wp\/v2\/comments?post=3811"}],"version-history":[{"count":0,"href":"https:\/\/www.optimal-banking.de\/news\/wp-json\/wp\/v2\/pages\/3811\/revisions"}],"up":[{"embeddable":true,"href":"https:\/\/www.optimal-banking.de\/news\/wp-json\/wp\/v2\/pages\/3789"}],"wp:attachment":[{"href":"https:\/\/www.optimal-banking.de\/news\/wp-json\/wp\/v2\/media?parent=3811"}],"curies":[{"name":"wp","href":"https:\/\/api.w.org\/{rel}","templated":true}]}}