{"id":3890,"date":"2013-04-27T07:21:37","date_gmt":"2013-04-27T06:21:37","guid":{"rendered":"http:\/\/www.optimal-banking.de\/news\/?page_id=3890"},"modified":"2013-04-27T07:21:37","modified_gmt":"2013-04-27T06:21:37","slug":"konto-schweiz-steuer","status":"publish","type":"page","link":"https:\/\/www.optimal-banking.de\/news\/konto-schweiz-steuer\/","title":{"rendered":"Konto Schweiz: Steuer-Experte Dr. Andreas Mayer kl\u00e4rt auf!"},"content":{"rendered":"<p>Dr. Andreas Mayer &ndash; Partner bei der renommierten Rechtsanwalts- und Steuerkanzlei Menz und Partner &ndash; hat derzeit guten Zulauf von Mandanten, die ihr \u201evernachl\u00e4ssigtes\u201c <strong>Auslandskonto<\/strong> ins Reine bringen wollen.<\/p>\n<div>Dass ein Auslandskonto &ndash; in der Schweiz oder sonst wo &ndash; absolut <strong>legal<\/strong> gef\u00fchrt sowie durchaus sinnvoll sein kann, erfahren Sie ebenfalls im Videoclip.<\/div>\n<h2>Diese Fragen beantwortete Dr. Andreas Mayer im Videoclip:<\/h2>\n<div style=\"float:right;margin-right:0px\">\n<div style=\"background-color:#FFF4EA;border:solid 1px #FFDCB9;padding:5px 7px;float:right;margin:0 0 1px 5px;width:200px\">\n<h5 style=\"margin-bottom:2px\">Navigation Auslandskonto<\/h5>\n<ul style=\"margin-bottom:2px;margin-top:0\">\n<li><a href=\"\/info\/konto-schweiz-legal.php\">legales Konto Schweiz<\/a><\/li>\n<li><a href=\"\/info\/konto-schweiz-eroeffnen.php\">Kontoer\u00f6ffnung Schweiz<\/a><\/li>\n<li><a href=\"\/info\/konto-schweiz-gold-schliessfach.php\">legal \u201estille Reserven\u201c bilden<\/a><\/li>\n<li>Interview Steuer-Experte<\/li>\n<\/ul><\/div>\n<\/div>\n<ul style=\"line-height:1.4em\">\n<li>Ist es <strong>legal<\/strong>, ein <strong>Konto im Ausland<\/strong> zu haben bzw. Verm\u00f6gen au\u00dferhalb Deutschlands zu deponieren?<\/li>\n<li>Wann wird ein <strong>Auslandskonto illegal<\/strong> bzw. wo liegt die Schwelle zwischen legalem Auslandsverm\u00f6gen und gesetzeswidrigem? <\/li>\n<li>Der Artikel \u201e<a href=\"\/info\/konto-schweiz-gold-schliessfach.php\"><strong>Legal im Ausland stille Reserven schaffen<\/strong><\/a>\u201c stellt die Idee vor, Sachwerte wie <strong>Edelmetalle<\/strong> im Ausland zu halten, die w\u00e4hrend der gesamten Haltedauer keine Ertr\u00e4ge erwirtschaften. Keine Ertr\u00e4ge bedeuten keine Einnahmen und somit keine Angaben in der Steuererkl\u00e4rung. Ist diese These richtig? Und steuerrechtlich sauber?<\/li>\n<li>Ist es legal im Ausland ein <strong>Schlie\u00dffach<\/strong> zu unterhalten?<\/li>\n<li>Was sind nach Ihren Erfahrungen die <strong>Gr\u00fcnde<\/strong>, weswegen Deutsche Verm\u00f6genswerte im Ausland halten?<\/li>\n<li>Was sollte jemand tun, der bereits Verm\u00f6gen im Ausland h\u00e4lt, aber Zinsen und Dividenden bisher nicht in der <strong>Steuererkl\u00e4rung<\/strong> angegeben hat?<\/li>\n<li>Gilt das auch f\u00fcr Leute, die im Ausland <strong>nur Verluste<\/strong> gemacht haben?<\/li>\n<\/ul>\n<p><img loading=\"lazy\" decoding=\"async\" src=\"\/x210\/fragezeichen-2.png\" width=\"100\" height=\"87\" class=\"alignleft\" \/><\/p>\n<h3>Haben Sie weitere Fragen?<\/h3>\n<p>Bitte stellen Sie diese als Kommentar am Ende der Seite! <strong>Wir sorgen f\u00fcr Antworten<\/strong>, um Ihnen bei Ihren Ideen zu helfen.<br \/>\nM\u00f6chten Sie Dr. Andreas Mayer direkt kontaktieren? Hier die Internetseite der Kanzlei: <a href=\"http:\/\/www.menzundpartner.de\/\" target=\"_blank\">www.menzundpartner.de<\/a>.<br \/>\n<small>Bilder: ioannis kounadeas (fotolia)<\/small><img loading=\"lazy\" decoding=\"async\" src=\"http:\/\/vg09.met.vgwort.de\/na\/6515d4dd69984b158464eb3b375a6da0\" width=\"1\" height=\"1\" alt=\"\" \/><\/p>\n<div style='text-align:left' class='yasr-auto-insert-visitor'><\/div>","protected":false},"excerpt":{"rendered":"<p>Dr. Andreas Mayer &ndash; Partner bei der renommierten Rechtsanwalts- und Steuerkanzlei Menz und Partner &ndash; hat derzeit guten Zulauf von Mandanten, die ihr \u201evernachl\u00e4ssigtes\u201c Auslandskonto ins Reine bringen wollen. Dass ein Auslandskonto &ndash; in der Schweiz oder sonst wo &ndash; &hellip; <a href=\"https:\/\/www.optimal-banking.de\/news\/konto-schweiz-steuer\/\">Weiterlesen <span class=\"meta-nav\">&rarr;<\/span><\/a><\/p>\n","protected":false},"author":2,"featured_media":0,"parent":0,"menu_order":0,"comment_status":"open","ping_status":"closed","template":"","meta":{"yasr_overall_rating":0,"yasr_post_is_review":"","yasr_auto_insert_disabled":"","yasr_review_type":"","footnotes":""},"class_list":["post-3890","page","type-page","status-publish","hentry"],"aioseo_notices":[],"yasr_visitor_votes":{"stars_attributes":{"read_only":false,"span_bottom":false},"number_of_votes":5,"sum_votes":21},"_links":{"self":[{"href":"https:\/\/www.optimal-banking.de\/news\/wp-json\/wp\/v2\/pages\/3890"}],"collection":[{"href":"https:\/\/www.optimal-banking.de\/news\/wp-json\/wp\/v2\/pages"}],"about":[{"href":"https:\/\/www.optimal-banking.de\/news\/wp-json\/wp\/v2\/types\/page"}],"author":[{"embeddable":true,"href":"https:\/\/www.optimal-banking.de\/news\/wp-json\/wp\/v2\/users\/2"}],"replies":[{"embeddable":true,"href":"https:\/\/www.optimal-banking.de\/news\/wp-json\/wp\/v2\/comments?post=3890"}],"version-history":[{"count":0,"href":"https:\/\/www.optimal-banking.de\/news\/wp-json\/wp\/v2\/pages\/3890\/revisions"}],"wp:attachment":[{"href":"https:\/\/www.optimal-banking.de\/news\/wp-json\/wp\/v2\/media?parent=3890"}],"curies":[{"name":"wp","href":"https:\/\/api.w.org\/{rel}","templated":true}]}}