{"id":3959,"date":"2013-05-14T13:50:52","date_gmt":"2013-05-14T12:50:52","guid":{"rendered":"http:\/\/www.optimal-banking.de\/news\/?page_id=3959"},"modified":"2013-05-14T13:50:52","modified_gmt":"2013-05-14T12:50:52","slug":"fidor-sparbrief-komisch","status":"publish","type":"page","link":"https:\/\/www.optimal-banking.de\/news\/fidor-sparbrief-komisch\/","title":{"rendered":"Fidor-Sparbrief komisch!?"},"content":{"rendered":"<p><b>Alternative Geldanlage in einem neuartigen Banknetwork der Fidor Bank<\/b><br \/>\n<em>&#8211; ein Erfahrungsbericht von Jochen Dr\u00f6\u00dfiger, 14.5.2013 &#8211;<\/em><br \/>\nDie <a href=\"\/bank\/fidor.php\">Fidor Bank<\/a> ist mir schon seit einigen Monaten gel\u00e4ufig, daher habe ich nun auch meinen <strong>ersten Sparbrief<\/strong> dort er\u00f6ffnet.<br \/>\n<div id=\"attachment_3964\" style=\"width: 270px\" class=\"wp-caption alignright\"><img loading=\"lazy\" decoding=\"async\" aria-describedby=\"caption-attachment-3964\" src=\"https:\/\/www.optimal-banking.de\/news\/wp-content\/uploads\/sites\/2\/2013\/05\/fidor-sparbrief-anleitung.jpg\" alt=\"Anleitung zum Fidor Sparbrief\" width=\"260\" height=\"159\" class=\"size-full wp-image-3964\" \/><p id=\"caption-attachment-3964\" class=\"wp-caption-text\">Video-Anleitung am Ende dieser Seite!<\/p><\/div><br \/>\nDas Prozedere ist ein wenig anders als bei anderen Kreditinstituten, weshalb ich gerne von meiner <strong>Erfahrung<\/strong> berichten m\u00f6chte.<\/p>\n<h2>Registrierung und PostIdent<\/h2>\n<p>Zun\u00e4chst einmal ist die Bank etwas anders, da man nur mit einem <strong>Benutzernamen<\/strong> Zutritt zu den bankeigenen Dienstleistungen erh\u00e4lt. Somit ist zun\u00e4chst eine Registrierung notwendig und eine Legitimation mittels <a href=\"\/info\/postident.php\">Post-Ident<\/a> stellt sicher, dass man alle Dienstleistungen auch nutzen kann.<br \/>\nDa ich mich f\u00fcr den Sparbrief interessierte, war das f\u00fcr mich ohnehin notwendig, somit f\u00fchrte ich das bereits mit der Registrierung durch.<\/p>\n<h3>Fidor Pay Konto = Verrechnungskonto<\/h3>\n<p>Anschlie\u00dfend konnte ich Geld auf das Fidor Pay Konto einzahlen, was als eine Art Verrechnungskonto fungiert.<\/p>\n<h3>Sparbrief muss man online selbstst\u00e4ndig anlegen<\/h3>\n<p>Den Sparbrief kann man dann aus der Verwaltung ganz bequem anlegen. Ich w\u00e4hlte also den Anlagebetrag als auch die Laufzeit aus und best\u00e4tigte den Auftrag mit einer TAN, welche man auf das Handy zugeschickt bekommt.<br \/>\nAm n\u00e4chsten Tag bereits war der Anlagebetrag von meinem Fidor Pay Konto eingezogen und in den Ums\u00e4tzen als Sparbriefanlage sichtbar.<br \/>\nWenig sp\u00e4ter erhielt ich auch noch eine Systemnachricht per E-mail, dass mein Sparbrief angelegt wurde. In der Kontoverwaltung bei Fidor ist dieser nun auch separat sichtbar.<\/p>\n<blockquote><p>Erwirtschaftete Zinsen werden tagesaktuell angezeigt.<\/p><\/blockquote>\n<p>Ganz nettes Feature ist wohl, dass ich mir jeweils tagesaktuell den Betrag bereits erwirtschafteter Zinsen ansehen kann, auch wenn mein Sparbrief erst einige Zeit sp\u00e4ter zur Auszahlung gebracht wird.<\/p>\n<h3>Sparbrief-K\u00fcndigung findet automatisch statt<\/h3>\n<p>Diese geschieht hier automatisch, so dass ich auch keine K\u00fcndigung vergessen kann. Kundenfreundlich ist das aus meiner Sicht.<\/p>\n<h3>Online-Freistellungsauftrag<\/h3>\n<p>Ein Freistellungsauftrag kann auch auf elektronischem Wege gestellt werden, was man unbedingt machen sollte, wenn dieser noch nicht ersch\u00f6pft ist.<\/p>\n<h2>Mein Fazit zum Fidor-Sparbrief<\/h2>\n<p>Grunds\u00e4tzlich ist die Handhabung der Kontoer\u00f6ffnung somit bei der Fidor Bank schon etwas neuartig, woran man sich erst einmal gew\u00f6hnen muss. Aber neu hei\u00dft nicht schlechter, sondern nur anders. Daher bin ich sehr zufrieden mit der Er\u00f6ffnung und freue mich bereits auf die Sparbriefauszahlung, schlie\u00dflich ist es unser Geld!<\/p>\n<h3>Matthias Kr\u00f6ner (Vorstand der Fidor Bank AG) stellt den Fidor-Sparbrief pers\u00f6nlich vor<\/h3>\n<script type=\"text\/javascript\"><!--\ngoogle_ad_client = \"pub-6379011477030435\";\n\/* 468x60, Erstellt 04.08.10 *\/\ngoogle_ad_slot = \"4098484902\";\ngoogle_ad_width = 468;\ngoogle_ad_height = 60;\n\/\/-->\n<\/script>\n<script type=\"text\/javascript\"\nsrc=\"https:\/\/pagead2.googlesyndication.com\/pagead\/show_ads.js\">\n<\/script>\n<h4>Verwandte Themen<\/h4>\n<ul>\n<li><a href=\"\/erfahrungen\/fidor-online-sparbrief.php\">Weitere Erfahrungsberichte zum Fidor-Sparbrief<\/a><\/li>\n<li><a href=\"\/news\/dividendenrendite-contra-festgeldzinsen\/\">Sachwert-Dividenden statt Bankzinsen?<\/a><\/li>\n<\/ul>\n<p><small>Bildmaterial: Fidor Sparbrief<\/small><\/p>\n<div style='text-align:left' class='yasr-auto-insert-visitor'><\/div>","protected":false},"excerpt":{"rendered":"<p>Alternative Geldanlage in einem neuartigen Banknetwork der Fidor Bank &#8211; ein Erfahrungsbericht von Jochen Dr\u00f6\u00dfiger, 14.5.2013 &#8211; Die Fidor Bank ist mir schon seit einigen Monaten gel\u00e4ufig, daher habe ich nun auch meinen ersten Sparbrief dort er\u00f6ffnet. Das Prozedere ist &hellip; <a href=\"https:\/\/www.optimal-banking.de\/news\/fidor-sparbrief-komisch\/\">Weiterlesen <span class=\"meta-nav\">&rarr;<\/span><\/a><\/p>\n","protected":false},"author":5,"featured_media":0,"parent":0,"menu_order":0,"comment_status":"open","ping_status":"closed","template":"","meta":{"yasr_overall_rating":0,"yasr_post_is_review":"","yasr_auto_insert_disabled":"","yasr_review_type":"","footnotes":""},"class_list":["post-3959","page","type-page","status-publish","hentry"],"aioseo_notices":[],"yasr_visitor_votes":{"stars_attributes":{"read_only":false,"span_bottom":false},"number_of_votes":0,"sum_votes":0},"_links":{"self":[{"href":"https:\/\/www.optimal-banking.de\/news\/wp-json\/wp\/v2\/pages\/3959"}],"collection":[{"href":"https:\/\/www.optimal-banking.de\/news\/wp-json\/wp\/v2\/pages"}],"about":[{"href":"https:\/\/www.optimal-banking.de\/news\/wp-json\/wp\/v2\/types\/page"}],"author":[{"embeddable":true,"href":"https:\/\/www.optimal-banking.de\/news\/wp-json\/wp\/v2\/users\/5"}],"replies":[{"embeddable":true,"href":"https:\/\/www.optimal-banking.de\/news\/wp-json\/wp\/v2\/comments?post=3959"}],"version-history":[{"count":0,"href":"https:\/\/www.optimal-banking.de\/news\/wp-json\/wp\/v2\/pages\/3959\/revisions"}],"wp:attachment":[{"href":"https:\/\/www.optimal-banking.de\/news\/wp-json\/wp\/v2\/media?parent=3959"}],"curies":[{"name":"wp","href":"https:\/\/api.w.org\/{rel}","templated":true}]}}