{"id":3973,"date":"2013-05-15T10:07:50","date_gmt":"2013-05-15T09:07:50","guid":{"rendered":"http:\/\/www.optimal-banking.de\/news\/?page_id=3973"},"modified":"2013-05-15T10:07:50","modified_gmt":"2013-05-15T09:07:50","slug":"rabobank-tagesgeld-erfahrung","status":"publish","type":"page","link":"https:\/\/www.optimal-banking.de\/news\/rabobank-tagesgeld-erfahrung\/","title":{"rendered":"Rabobank Tagesgeld \u25ba Erfahrung und Bewertung"},"content":{"rendered":"<p><div id=\"attachment_3975\" style=\"width: 270px\" class=\"wp-caption alignright\"><img loading=\"lazy\" decoding=\"async\" aria-describedby=\"caption-attachment-3975\" src=\"https:\/\/www.optimal-banking.de\/news\/wp-content\/uploads\/sites\/2\/2013\/05\/autorin-petra-niedung.jpg\" alt=\"Autorin und Bankkunden Petra Niedung\" width=\"260\" height=\"347\" class=\"size-full wp-image-3975\" srcset=\"https:\/\/www.optimal-banking.de\/news\/wp-content\/uploads\/sites\/2\/2013\/05\/autorin-petra-niedung.jpg 260w, https:\/\/www.optimal-banking.de\/news\/wp-content\/uploads\/sites\/2\/2013\/05\/autorin-petra-niedung-225x300.jpg 225w\" sizes=\"(max-width: 260px) 100vw, 260px\" \/><p id=\"caption-attachment-3975\" class=\"wp-caption-text\">Autorin und Bankkundin Petra Niedung<\/p><\/div><br \/>\n<b>Einfach verwaltbares, empfehlenswertes Konto<\/b><br \/>\n<em>&#8211; ein Erfahrungsbericht von Petra Niedung, 15.5.2013 &#8211;<\/em><br \/>\nSeit einiger Zeit verfolge ich die guten Tagesgeld&shy;angebote aus den Niederlanden und dabei bin ich insbesondere auf die <a href=\"\/bank\/rabo-direct.php\">Rabobank<\/a> aufmerksam geworden.<br \/>\n<a href=\"\/bank\/rabo-tagesgeld.php\"><img loading=\"lazy\" decoding=\"async\" src=\"\/x210\/rabodirect-100.png\" width=\"100\" height=\"26\" alt=\"RaboDirect\" class=\"alignleft\" \/><\/a><\/p>\n<h3>Rabobank kenne ich bereits aus dem Urlaub<\/h3>\n<p>Kenne ich diese Bank doch bereits aus <strong>Holland-Urlauben<\/strong>, kam mir das Tagesgeldangebot von 1,65&nbsp;%&nbsp;p.a. gerade recht, da aus einem Erl\u00f6s ein kleinerer Anlagebetrag geschaffen wurde, den ich irgendwo verwahren muss.<\/p>\n<h3>So verlief die Kontoer\u00f6ffnung<\/h3>\n<p>Die Kontoer\u00f6ffnung war mir daher nach einer Sichtung des Angebots ein gro\u00dfer Wunsch und diesem kam ich nach. \u00dcber das Internet erfolgte die Er\u00f6ffnung und dann gab es auch direkt postwendend die ersten Unterlagen der Bank.<br \/>\nNebst den Zugangsdaten traf auch ein <strong>TAN Generator<\/strong> ein, ein kleiner Computer, mit dem sich f\u00fcr Login und Transaktion eine sogenannte TAN, also eine Art Einmalpasswort, generieren l\u00e4sst.<br \/>\nSo l\u00e4sst sich das Tagesgeld gut verwalten und das Plus: <strong>Man f\u00fchlt sich zumindest auch etwas sicherer damit.<\/strong><\/p>\n<blockquote><p>Eins der besseren Angebote auf dem niedrigen Zinsmarkt.<\/p><\/blockquote>\n<p>Ansonsten ist das Tagesgeld wie \u00e4hnliche Konten auch, das Geld liegt bei der Bank und wird ordentlich verzinst. Leider sind die Zinsen derzeit allgemein im Sinkflug, da lohnt es sich dann schon, bei den Angeboten etwas genauer hinzusehen.<br \/>\nDie Er\u00f6ffnung des Tagesgeldkontos verlief absolut reibungslos und war einfach. Kostenfrei ist die Er\u00f6ffnung eines Kontos sowieso zumeist und f\u00fcr das Wechseln entsteht daher auch ein eher nur mittelm\u00e4\u00dfig gro\u00dfer Aufwand.<\/p>\n<h3>Zinsgutschriften und Kontoausz\u00fcge gibt es nur elektronisch<\/h3>\n<p>Zinsgutschrift ist selbstverst\u00e4ndlich und erfolgt meiner Erfahrung nach <strong>p\u00fcnktlich<\/strong>. Kontoausz\u00fcge braucht man sich hier nicht zusenden lassen, was ich als sehr umweltfreundlich empfinde.<br \/>\nDie Zeiten dicker Bankordner sollten ohnehin allm\u00e4hlich vorbei sein, finde ich.<\/p>\n<h2>Meine Bewertung: Rabobank-Tagesgeld ist empfehlenswert<\/h2>\n<p>Insgesamt als Fazit besteht aus meiner Sicht ein sehr gut zu verwaltendes Konto mit angemessener Verzinsung. Das ist wohl ein gutes Rezept f\u00fcr eine <strong>erfolgreiche Marktbest\u00e4ndigkeit<\/strong>. Ich kann daher das Tagesgeld der Rabobank nur empfehlen.<br \/>\n<b>&rArr; <a href=\"\/erfahrungen\/rabodirect-tagesgeld.php\">Weitere Erfahrungen zum Rabobank-Tagesgeld hier lesen<\/a><\/b>.<\/p>\n<h4>Verwandte Themen<\/h4>\n<ul>\n<li><a href=\"\/data\/zinsmelder.php\">Zinsmelder &ndash; kostenloses Servicetool f\u00fcr Bankkunden<\/a><\/li>\n<li><a href=\"\/bank\/maxblue-depot.php\">Tipps wie man das Maxblue-Depot clever nutzt<\/a><\/li>\n<\/ul>\n<p><small>Bildmaterial: Petra Niedung &#183; Rabobank<\/small><\/p>\n<div style='text-align:left' class='yasr-auto-insert-visitor'><\/div>","protected":false},"excerpt":{"rendered":"<p>Einfach verwaltbares, empfehlenswertes Konto &#8211; ein Erfahrungsbericht von Petra Niedung, 15.5.2013 &#8211; Seit einiger Zeit verfolge ich die guten Tagesgeld&shy;angebote aus den Niederlanden und dabei bin ich insbesondere auf die Rabobank aufmerksam geworden. Rabobank kenne ich bereits aus dem Urlaub &hellip; <a href=\"https:\/\/www.optimal-banking.de\/news\/rabobank-tagesgeld-erfahrung\/\">Weiterlesen <span class=\"meta-nav\">&rarr;<\/span><\/a><\/p>\n","protected":false},"author":4,"featured_media":0,"parent":0,"menu_order":0,"comment_status":"open","ping_status":"closed","template":"","meta":{"yasr_overall_rating":0,"yasr_post_is_review":"","yasr_auto_insert_disabled":"","yasr_review_type":"","footnotes":""},"class_list":["post-3973","page","type-page","status-publish","hentry"],"aioseo_notices":[],"yasr_visitor_votes":{"stars_attributes":{"read_only":false,"span_bottom":false},"number_of_votes":0,"sum_votes":0},"_links":{"self":[{"href":"https:\/\/www.optimal-banking.de\/news\/wp-json\/wp\/v2\/pages\/3973"}],"collection":[{"href":"https:\/\/www.optimal-banking.de\/news\/wp-json\/wp\/v2\/pages"}],"about":[{"href":"https:\/\/www.optimal-banking.de\/news\/wp-json\/wp\/v2\/types\/page"}],"author":[{"embeddable":true,"href":"https:\/\/www.optimal-banking.de\/news\/wp-json\/wp\/v2\/users\/4"}],"replies":[{"embeddable":true,"href":"https:\/\/www.optimal-banking.de\/news\/wp-json\/wp\/v2\/comments?post=3973"}],"version-history":[{"count":0,"href":"https:\/\/www.optimal-banking.de\/news\/wp-json\/wp\/v2\/pages\/3973\/revisions"}],"wp:attachment":[{"href":"https:\/\/www.optimal-banking.de\/news\/wp-json\/wp\/v2\/media?parent=3973"}],"curies":[{"name":"wp","href":"https:\/\/api.w.org\/{rel}","templated":true}]}}