{"id":3991,"date":"2013-05-17T10:07:03","date_gmt":"2013-05-17T09:07:03","guid":{"rendered":"http:\/\/www.optimal-banking.de\/news\/?page_id=3991"},"modified":"2013-05-17T10:07:03","modified_gmt":"2013-05-17T09:07:03","slug":"coreal-direct-erfahrung","status":"publish","type":"page","link":"https:\/\/www.optimal-banking.de\/news\/coreal-direct-erfahrung\/","title":{"rendered":"Coreal Direct-Erfahrung \u25ba Kontoauszug doch kostenpflichtig?"},"content":{"rendered":"<p><div id=\"attachment_3987\" style=\"width: 270px\" class=\"wp-caption alignright\"><img loading=\"lazy\" decoding=\"async\" aria-describedby=\"caption-attachment-3987\" src=\"https:\/\/www.optimal-banking.de\/news\/wp-content\/uploads\/sites\/2\/2013\/05\/autor-bb.jpg\" alt=\"Autor vom Erfahrungsbericht zu Coreal Direct\" width=\"260\" height=\"321\" class=\"size-full wp-image-3987\" srcset=\"https:\/\/www.optimal-banking.de\/news\/wp-content\/uploads\/sites\/2\/2013\/05\/autor-bb.jpg 260w, https:\/\/www.optimal-banking.de\/news\/wp-content\/uploads\/sites\/2\/2013\/05\/autor-bb-243x300.jpg 243w\" sizes=\"(max-width: 260px) 100vw, 260px\" \/><p id=\"caption-attachment-3987\" class=\"wp-caption-text\">Benedikt Bahlmann, Autor und Bankkunde.<\/p><\/div><br \/>\n<b>Trotz Niedrigzinsen, dennoch zufrieden<\/b><br \/>\n<em>&#8211; Erfahrungsbericht von Benedikt Bahlmann, 17.5.2013 &#8211;<\/em><br \/>\n<img loading=\"lazy\" decoding=\"async\" src=\"\/x210\/coreal-direkt-100.jpg\" width=\"100\" height=\"32\" alt=\"Coreal Direct\" class=\"alignleft\" \/><br \/>\nDas Tagesgeld der Corealdirect habe ich vor einiger Zeit er\u00f6ffnet, als ich plante, dort ein <a href=\"\/info\/festgeldanlage.php\">Festgeld<\/a> zu er\u00f6ffnen, war dies jedoch nicht verf\u00fcgbar, so dass ich weiterhin das <b>Tagesgeldkonto<\/b> betreibe.<\/p>\n<blockquote><p>Tagesgeldkonto muss als Referenzkonto f\u00fcr\u2019s Festgeld eingerichtet werden.<\/p><\/blockquote>\n<p>Dort gibt es momentan eine magere Verzinsung von 1,25&nbsp;%&nbsp;p.a. und trotzdem liegt dort auch ein kleinerer Anlagebetrag von mir. Da es sich in der momentanen Zinslage nicht lohnt, Gelder umzuschichten, bleibe ich mit dem kleineren Betrag auch noch dort.<br \/>\nBald werden wir wohl \u00fcber 1,25&nbsp;%&nbsp;p.a. im Angesicht der k\u00fcrzlich erfolgten <a href=\"\/data\/tagesgeld-newsletter.php\">Leitzinssenkung<\/a> gl\u00fccklich sein.<\/p>\n<h3>Die Kontoer\u00f6ffnung bei Corealdirect verlief &hellip;<\/h3>\n<p>Die Er\u00f6ffnung absolut zuverl\u00e4ssig, w\u00e4hlte ich den Druck und Gang per Post im Rahmen der <a href=\"\/info\/postident.php\">Post-Ident-Verfahrens<\/a>. Zugangsdaten kamen dann auch recht rasch &quot;angeflattert&quot;.<\/p>\n<h2>Erfahrungen w\u00e4hrend der letzten Monate<\/h2>\n<p>Quartalsweise gibt es dann aus dem Hause Corealdirect eine Abrechnung \u00fcber die Zinsen und entsprechende Gutschrift. Wer <b>Freistellungsauftr\u00e4ge<\/b> stellen kann, sollte das dann tun, so dass der Abzug erfolgt.<br \/>\nEinmal monatlich gibt es von der Bank einen Kontoauszug. Zun\u00e4chst rief ich diese ab und beschwerte mich dann jedoch nach einiger Zeit \u00fcber diese Vorgehensweise und entsprechend <b>nervige Benachrichtigungen<\/b>. Jedoch teilte mir dann die Bank mit, dass man so der <b>Informationspflicht<\/b> nachkommen w\u00fcrde und auch kein kostenpflichtiger Versand erfolgt, wenn der Abruf unterbleibt.<\/p>\n<blockquote><p>Kundenservice: Es gibt in keinem Fall kostenpflichtige Zwangszusendungen!<\/p><\/blockquote>\n<p>Das finde ich kundenfreundlich, da ich von nun an diese Benachrichtigungen einfach l\u00f6sche und mich an der komfortablen, weil auch passiven Verwaltung meines Kontos erfreue.<br \/>\nDer <b>Service von Corealdirect<\/b> ist sehr freundlich und zuvorkommend.<\/p>\n<h3>Festgeld derzeit leider keine Alternative<\/h3>\n<p>Leider sind zwischenzeitlich auch die <a href=\"\/info\/bestes-festgeld.php\">Festgeldzinsen<\/a> angepasst worden, so dass man der Zinssenkung der EZB kein Schnippchen mehr schlagen kann.<\/p>\n<h2>Meine Gesamt-Bewertung zu Coreal-Direct<\/h2>\n<p>Verbleibend als Fazit jedoch ein tadelloser Anbieter und sehr zu empfehlen.<br \/>\nIch bin gespannt, wo wir in einem Jahr mit den <a href=\"\/info\/tagesgeldkonten.php\">Tagesgeldzinsen<\/a> stehen, vielleicht werde ich bei einem entsprechenden Zinssatz auch meine Einlage bei Corealdirect aufstocken.<br \/>\nDie Verwaltung erfolgt \u00fcblich mittels Login-Kennung und PIN. Zus\u00e4tzlich gibts die mTAN aufs Handy. Einfach und bequem also.<\/p>\n<h4>Verwandte Themen<\/h4>\n<ul>\n<li><a href=\"\/bank\/barclays.php\">Barclay Bank &ndash; sicher?<\/a><\/li>\n<li><a href=\"\/news\/rabobank-tagesgeld-erfahrung\/\">Rabobank Tagesgeld \u25ba Erfahrung und Bewertung<\/a><\/li>\n<\/ul>\n<div style='text-align:left' class='yasr-auto-insert-visitor'><\/div>","protected":false},"excerpt":{"rendered":"<p>Trotz Niedrigzinsen, dennoch zufrieden &#8211; Erfahrungsbericht von Benedikt Bahlmann, 17.5.2013 &#8211; Das Tagesgeld der Corealdirect habe ich vor einiger Zeit er\u00f6ffnet, als ich plante, dort ein Festgeld zu er\u00f6ffnen, war dies jedoch nicht verf\u00fcgbar, so dass ich weiterhin das Tagesgeldkonto &hellip; <a href=\"https:\/\/www.optimal-banking.de\/news\/coreal-direct-erfahrung\/\">Weiterlesen <span class=\"meta-nav\">&rarr;<\/span><\/a><\/p>\n","protected":false},"author":4,"featured_media":0,"parent":0,"menu_order":0,"comment_status":"open","ping_status":"closed","template":"","meta":{"yasr_overall_rating":0,"yasr_post_is_review":"","yasr_auto_insert_disabled":"","yasr_review_type":"","footnotes":""},"class_list":["post-3991","page","type-page","status-publish","hentry"],"aioseo_notices":[],"yasr_visitor_votes":{"stars_attributes":{"read_only":false,"span_bottom":false},"number_of_votes":1,"sum_votes":5},"_links":{"self":[{"href":"https:\/\/www.optimal-banking.de\/news\/wp-json\/wp\/v2\/pages\/3991"}],"collection":[{"href":"https:\/\/www.optimal-banking.de\/news\/wp-json\/wp\/v2\/pages"}],"about":[{"href":"https:\/\/www.optimal-banking.de\/news\/wp-json\/wp\/v2\/types\/page"}],"author":[{"embeddable":true,"href":"https:\/\/www.optimal-banking.de\/news\/wp-json\/wp\/v2\/users\/4"}],"replies":[{"embeddable":true,"href":"https:\/\/www.optimal-banking.de\/news\/wp-json\/wp\/v2\/comments?post=3991"}],"version-history":[{"count":0,"href":"https:\/\/www.optimal-banking.de\/news\/wp-json\/wp\/v2\/pages\/3991\/revisions"}],"wp:attachment":[{"href":"https:\/\/www.optimal-banking.de\/news\/wp-json\/wp\/v2\/media?parent=3991"}],"curies":[{"name":"wp","href":"https:\/\/api.w.org\/{rel}","templated":true}]}}