{"id":3997,"date":"2013-05-21T14:38:50","date_gmt":"2013-05-21T13:38:50","guid":{"rendered":"http:\/\/www.optimal-banking.de\/news\/?page_id=3997"},"modified":"2013-05-21T14:38:50","modified_gmt":"2013-05-21T13:38:50","slug":"konten-system-finanzielle-freiheit","status":"publish","type":"page","link":"https:\/\/www.optimal-banking.de\/news\/konten-system-finanzielle-freiheit\/","title":{"rendered":"Konten-System zur finanziellen Freiheit"},"content":{"rendered":"<p><div style=\"width: 270px\" class=\"wp-caption alignright\"><img loading=\"lazy\" decoding=\"async\" src=\"\/x210\/goldene-gans-260.jpg\" width=\"260\" height=\"277\" alt=\"Gans, die monatlich ein goldenes Ei legt.\" class \/><p class=\"wp-caption-text\">Erfahren Sie in diesem Artikel, wie Sie sich <b>automatisch<\/b> eine Gans z\u00fcchten, die jeden Monat ein goldenes Ei legt.<\/p><\/div><br \/>\n<strong>Was haben die bekannten Experten f\u00fcr Themen von Verm\u00f6gens&shy;aufbau bis hin zur finanziellen Freiheit gemeinsam?<\/strong><br \/>\nSie haben alle ein Konten-System genutzt. Und sie empfehlen ihren Seminar- und Coaching&shy;teilnehmern eindringlich ein <strong>Konten-System<\/strong> zu <strong>installieren<\/strong> und zu nutzen.<br \/>\nIn den begleitenden Seminarunterlagen befindet sich h\u00e4ufig eine grobe \u00dcbersicht, wie das Konten-System aussehen soll. Doch all diese \u00dcbersichten haben eine <strong>nat\u00fcrliche Schwachstelle<\/strong>:<br \/>\n<span class=\"gelb\">Sie sagen nicht, welche <strong>Banken besonders geeignet<\/strong> sind und wie man die <strong>Konten optimal aufeinander abstimmt<\/strong><\/span>.<\/p>\n<blockquote><p>Diese L\u00fccke schlie\u00dft diese Seite!<\/p><\/blockquote>\n<p>Sehr gewissenhaft habe ich die Konten-Systeme von Bodo Sch\u00e4fer, Robert Kiyosaki, T. Harv Eker, Kevin Green, Gerald H\u00f6rhan und Harald Psaridis ausgewertet und auf Gemeinsamkeiten untersucht. Erg\u00e4nzend hatte ich die Gelegenheit, mit einigen pers\u00f6nlich \u00fcber ihr Konten-System zu sprechen.<br \/>\nDie Konten-Systeme der Experten unterscheiden sich nur im Detail. Die <strong>\u00dcbereinstimmung aller Experten<\/strong> liegt bei etwa <strong>90 Prozent<\/strong>.<br \/>\nNachfolgende \u00dcbersicht ist die Essenz aus allen Expertenvorschl\u00e4gen, erg\u00e4nzt um konkrete Bankempfehlungen und die ideale Abstimmung der Konten zueinander. Unter der Grafik erhalten Sie erkl\u00e4rende Hinweise und Anleitungen.<br \/>\n<div style=\"width: 670px\" class=\"wp-caption alignleft\"><img loading=\"lazy\" decoding=\"async\" src=\"\/x210\/konten-system-goldene-gans.png\" width=\"660\" height=\"468\" alt=\"Konten-System zur finanziellen Freiheit f\u00fcr Privatpersonen in der Aufbauphase\" class \/><p class=\"wp-caption-text\">So sieht das Konten-System in der Aufbauphase f\u00fcr Privatpersonen aus. Erl\u00e4uterung und Hilfe bei der Wahl der richtigen Bank sowie die Abstimmung der Konten untereinander folgt jetzt\u00a0\u2026<\/p><\/div><br \/>\nIm weiteren Verlauf erfahren Sie, wie sie Ihr Konten-System bei 3 verschiedenen Banken anlegen und ideal aufeinander abstimmen. Angelegt werden:<\/p>\n<ul>\n<li>Wertpapierdepot (Bereich \u201egoldene Gans\u201c)<\/li>\n<li>Tagesgeldkonto (ebenfalls Bereich \u201egoldene Gans\u201c, Ansparkonto f\u00fcr Wertpapiere, Immobilien)<\/li>\n<li>Tagesgeldkonto (Bereich Bildung)<\/li>\n<li>Tagesgeldkonto (Spa\u00df und Tr\u00e4ume)<\/li>\n<\/ul>\n<h2>Privates Girokonto als Zahlungszentrale<\/h2>\n<p>Ausgangspunkt ist das private Girokonto. Seit 2012 gibt es mehr <strong>kostenlose Girokonten<\/strong> als geb\u00fchrenpflichtige. Sollten Sie zur \u201eMinderheit\u201c geh\u00f6ren und noch Geb\u00fchren zahlen, pr\u00fcfen Sie, ob Ihnen die bisherige Gewohnheit die Geb\u00fchren wert ist. Sprechen Sie mit Ihrer Bank, ob eine Umstellung auf geb\u00fchrenfrei m\u00f6glich ist, oder wechseln Sie Ihr Girokonto.<br \/>\n<strong>Mein<\/strong> (Haupt-)<strong>Girokonto<\/strong> habe ich seit 2004 bei der <a href=\"\/bank\/dkb-cash.php\"><b>DKB<\/b><\/a> und habe noch keinen Cent an Geb\u00fchren f\u00fcr Bankdienstleistungen gezahlt. Auch kostenlose Girokonten k\u00f6nnen mit einem sehr guten Service verbunden sein.<br \/>\nIm sp\u00e4teren Verlauf werden Sie von Ihrem privaten Girokonto Dauerauftr\u00e4ge und andere Zahlungen f\u00fcr Ihre finanzielle Freiheit einrichten.<\/p>\n<h2>Goldene-Gans-Konten (GGK)<\/h2>\n<p>Der \u201eGoldene-Gans-Bereich\u201c besteht aus mindestens zwei Konten:<\/p>\n<ul>\n<li>einem Ansparkonto f\u00fcr Investitionen (Tagesgeldkonto)<\/li>\n<li>einem Wertpapierdepot f\u00fcr Sparpl\u00e4ne auf Fonds und Aktien, Einzelaktien<\/li>\n<\/ul>\n<p>Im sp\u00e4teren Verlauf werden diesem Bereich Immobilien und weitere Beteiligungen zugeordnet.<\/p>\n<h2>Anleitung zur Einrichtung der Goldene-Gans-Konten<\/h2>\n<ol>\n<li>\n<h3>Einrichtung eines Tagesgeldkontos<\/h3>\n<p><a href=\"\/go2.php?id=rabo_tagesgeld\" target=\"_blank\" rel=\"nofollow\"><img loading=\"lazy\" decoding=\"async\" src=\"\/x210\/rabodirect-100.png\" width=\"100\" height=\"26\" alt=\"Rabodirect\" class=\"alignleft\" \/><\/a> Dieses Konto w\u00fcrde ich aktuell bei der <a href=\"\/bank\/rabo-tagesgeld.php\"><b>RaboDirect<\/b><\/a> er\u00f6ffnen, weil es sich um eine reine Spar-Bank handelt. Das hei\u00dft, die Bank vergibt keine Kredite, f\u00fchrt keine Girokonten oder sonst was.<br \/>\nSie k\u00f6nnen kaum verleitet werden, andere Produkte \u201ezu kaufen\u201c bzw. ihr angespartes Geld irgendwo anders hinzubuchen (hier richten wir noch eine \u201e<strong>Sperre<\/strong>\u201c ein, wie Sie im weiteren Verlauf sehen werden).<br \/>\nNat\u00fcrlich k\u00f6nnen Sie auch eine andere Tagesgeldbank aus unserem <a href=\"\/info\/tagesgeldkonten.php\">Vergleich<\/a> ausw\u00e4hlen. Jedoch \u00e4ndert sich sowieso h\u00e4ufig der Zins. Das hei\u00dft, das aktuell bestverzinste Angebot kann in ein paar Monaten schon durchschnittlich oder schlecht verzinst sein.<br \/>\nBei diesem Tagesgeldkonto im Bereich \u201e<strong>goldene Gans<\/strong>\u201c kommt es nicht auf den Zinssatz an, sondern, dass es sich ideal ins Konten-System einf\u00fcgt. Gr\u00f6\u00dfere Summen werden hier nicht dauerhaft liegen.<\/li>\n<li>\n<h3>Einrichtung eines Wertpapierdepots<\/h3>\n<p><a href=\"\/go2.php?id=cortal-consors_depot2\" target=\"_blank\" rel=\"nofollow\"><img loading=\"lazy\" decoding=\"async\" src=\"\/thema\/2009\/cortal-consors-100.png\" width=\"100\" height=\"21\" alt=\"Cortal Consors\" class=\"alignleft\" \/><\/a>Es gibt kein f\u00fcr alle Leute optimales Wertpapierdepot. Die besten M\u00f6glichkeiten, g\u00fcnstig in Fonds und einzelne Aktien zu sparen sowie direkt Wertpapiere zu kaufen, sehe ich derzeit bei <a href=\"\/go2.php?id=cortal-consors_depot2\" target=\"_blank\" rel=\"nofollow\"><b>Cortal-Consors<\/b><\/a>. Auch weil der Kundenservice bei den meisten Anliegen sehr gut ist.<br \/>\nAlternativen w\u00e4ren noch die <a href=\"\/bank\/comdirect-online-depot.php\">Comdirect<\/a> (Fondsparpl\u00e4ne ab 25 Euro, aber keine Sparpl\u00e4ne auf einzelne Aktien m\u00f6glich) oder die <a href=\"\/bank\/diba-depot.php\">ING-DiBa<\/a> (Fondsparpl\u00e4ne ab 50 Euro, ab Herbst 2013 auch Sparpl\u00e4ne direkt auf Aktien m\u00f6glich).<\/li>\n<li>\n<h3>Festlegen der Referenzkonten<\/h3>\n<p><div style=\"width: 270px\" class=\"wp-caption alignright\"><img loading=\"lazy\" decoding=\"async\" src=\"\/x210\/referenzkonto-wechselseitig.png\" width=\"260\" height=\"250\" alt=\"Referenzkonto-Verbindungen im Goldene-Gans-System\" class \/><p class=\"wp-caption-text\">Wichtig, damit (noch) kein Geld aus dem Kreislauf &#x201e;goldene Gans&#x201c; abflie\u00dft.<\/p><\/div><br \/>\nAls Referenzkonto wird das Konto bezeichnet, auf das die <strong>Auszahlungen<\/strong> erfolgen sollen. Bei den meisten Tagesgeldbanken ist es nur m\u00f6glich, auf das Referenzkonto auszuzahlen.<br \/>\nNormalerweise wird hier die (Haupt-)Girokontoverbindung hinterlegt.<br \/>\nDas tun wir hier nicht, denn die Goldene-Gans-Konten d\u00fcrfen Sie <strong>nicht anr\u00fchren<\/strong>, bis Sie Ihre finanzielle Unabh\u00e4ngigkeit erreicht haben. Sie werden sp\u00e4ter von den Zinsen, Dividenden oder Mieten aus dem Goldene-Gans-Bereich leben. Aber bis es soweit ist, werden die Ertr\u00e4ge wieder angelegt (<strong>Zinseszins-Effekt<\/strong> nutzen).<br \/>\n<span class=\"gelb\">Bei der Depotbank geben Sie als Referenzkonto Ihre Kontoverbindung zum Tagesgeldkonto an und beim Tagesgeldkonto \u00e4ndern Sie das Referenzkonto auf die Nummer des Verrechnungskontos der Depotbank, sobald es eingerichtet ist<\/span>.<\/p>\n<div>\n<h4>Zwischenfrage:<br \/>Warum dient das Verrechnungskonto der Depotbank nicht als Ansparkonto?<\/h4>\n<p>Weil wir ein sicheres System einrichten wollen, dass Sie automatisch in die finanzielle Freiheit f\u00fchrt. Eine der h\u00e4ufigsten Ursachen, weswegen Menschen nicht die finanzielle Freiheit erreichen, ist, dass sie an Ihre Ersparnisse\/Investments vorzeitig rangehen. Sie schlachten die goldene Gans!<br \/>\nGenau das soll dieses geschlossene Konten-System im Goldene-Gans-Bereich verhindern. Solange Sie die Referenzkonten nicht \u00e4ndern, ist keine Auszahlung aus dem Goldene-Gans-Bereich m\u00f6glich. H\u00e4tten Sie Ansparkonto und Wertpapierdepot bei nur einer Bank, w\u00e4re das Referenzkonto immer au\u00dferhalb des Goldene-Gans-Bereichs. Damit ist die Auszahlungsgefahr in \u201eschwachen\u201c Momenten gr\u00f6\u00dfer als in einem geschlossenen System.<br \/>\nAuch wenn Sie sich f\u00fcr noch so willensstark halten, richten Sie bitte Ihre Goldene-Gans-Konten bei zwei verschiedenen Banken ein und legen die Referenzkontoverbindung wechselseitig fest.<\/p><\/div>\n<\/li>\n<li>\n<h3>Einrichtung des Bildungskontos und des Spa\u00df- und Traumkontos<\/h3>\n<p><div style=\"width: 270px\" class=\"wp-caption alignright\"><img loading=\"lazy\" decoding=\"async\" src=\"\/x210\/bildungskonto.png\" width=\"260\" height=\"90\" alt=\"Bildungskonto. Spa\u00df und Traumkonto.\" class \/><p class=\"wp-caption-text\">Zweckgebundene Konten.<\/p><\/div>Bei den meisten Banken kann man mehrere Tages&shy;geldkonten anlegen. Das hei\u00dft, f\u00fcr Ihr Bildungs&shy;konto und f\u00fcr das Spa\u00df- und Traumkonto ben\u00f6tigen Sie keine zwei Banken.<br \/>\nEs muss aber auf jeden Fall eine andere Tages&shy;geld&shy;bank als beim Konto im Goldene-Gans-Bereich sein, weil Sie gelegentlich Auszahlungen von diesen Konten haben werden. Somit wird die Referenz&shy;konto&shy;verbindung ihr eigenes Girokonto sein.<br \/>\n<a href=\"\/go.php?id=moneyou_tagesgeld\" target=\"_blank\" rel=\"nofollow\"><img loading=\"lazy\" decoding=\"async\" src=\"\/x210\/moneyou-100x26.png\" width=\"100\" height=\"26\" alt=\"MoneYou\" class=\"alignleft\" \/><\/a>Empfehlenswert ist der Anbieter <a href=\"\/bank\/moneyou-tagesgeld.php\"><b>MoneYou<\/b><\/a>, weil die Bank bequem das Anlegen von Unterkonten erlaubt und sogar kostenlos eine <strong>App<\/strong> zur Verf\u00fcgung stellt, mit der man bequem auf seine Ziele hinsparen kann. Sie k\u00f6nnen jedoch auch eine andere Bank aus unserem <a href=\"\/info\/tagesgeldkonten.php\">Tagesgeldvergleich<\/a> ausw\u00e4hlen.<\/p>\n<div>\n<h4>Zwischenruf:<br \/>Wozu ben\u00f6tige ich ein \u201eBildungskonto\u201c sowie ein \u201eSpa\u00df- und Traumkonto\u201c?<\/h4>\n<p>Um gute Entscheidungen beim Investieren zu treffen, bedarf es &ndash; unabh\u00e4ngig von einem Berater &ndash; einer <strong>guten Bildung<\/strong>, Know-how und Erfahrung. \u00c4hnlich wird es auch in den Bereichen sein, in denen Sie bereits jetzt t\u00e4tig sind bzw. in denen Sie k\u00fcnftig t\u00e4tig sein wollen.<br \/>\n<strong>Bildung kostet fast immer Geld<\/strong>. Und gerade die Seminare und Coachings von richtig guten Leuten kosten richtig Geld. Bildung ist eine Investition in sich selbst. Es ist empfehlenswert, pro Quartal mindestens ein Seminar zu besuchen und eine \u201eHandvoll\u201c <a href=\"\/data\/literaturverzeichnis-a.php\">B\u00fccher<\/a> zu lesen.<br \/>\nNur arbeiten und sparen wird wohl kaum ein sch\u00f6nes Leben ergeben. G\u00f6nnen Sie sich zwischendurch ein besonderes Ereignis. Doch schlachten oder teil-schlachten Sie daf\u00fcr niemals Ihre goldene Gans. Deswegen richten Sie sich ein \u201eSpa\u00df- und Traumkonto\u201c ein. Dieses darf geschlachtet werden. Beispielsweise, wenn Sie ein besonders Ziel erreicht haben und sich belohnen wollen. Wie w\u00e4re es mit einem Wochenende in Paris?<\/div>\n<\/li>\n<li>\n<h3>Einrichten der Dauerauftr\u00e4ge<\/h3>\n<p><div style=\"width: 270px\" class=\"wp-caption alignright\"><img loading=\"lazy\" decoding=\"async\" src=\"\/x210\/schema-dauerauftraege.png\" width=\"260\" height=\"142\" alt=\"System der Daueraufr\u00e4ge\" class \/><p class=\"wp-caption-text\">Systematik der Dauerauftr\u00e4ge.<\/p><\/div>Mit der Einrichtung der Konten haben Sie Ihr System zum Aufbau der finanziellen Freiheit errichtet. Jetzt gilt es, dieses <strong>System in Betrieb<\/strong> zu nehmen und so zu <strong>automatisieren<\/strong>, dass sich Ihre Konten wie \u201evon Geisterhand\u201c f\u00fcllen.<br \/>\nDer folgende Schl\u00fcssel<\/p>\n<ul>\n<li>10 % auf das Tagesgeldkonto im Goldene-Gans-Bereich<\/li>\n<li>5 % auf das Bildungskonto<\/li>\n<li>5 % auf das Spa\u00df- und Traumkonto<\/li>\n<\/ul>\n<p>hat sich bew\u00e4hrt. Bitte nutzen Sie ihn. Sollten Sie angenehmerweise so viel Geld verdienen bzw. so sparsam leben, dass Sie bequem mit h\u00f6heren Prozenten arbeiten k\u00f6nnen, dann tun Sie das.<\/p>\n<div>\n<h4>Zwischenruf:<br \/>Warum nicht einfach am Ende des Monats sparen, was \u00fcbrig bleibt?<\/h4>\n<p>Es geht darum, ein System zu installieren, mit dem Sie Ihre finanzielle Freiheit erreichen k\u00f6nnen. Der eingerichtete Automatismus nimmt Ihnen nicht nur regelm\u00e4\u00dfige Arbeit ab, er sorgt auch daf\u00fcr, dass Sie \u201ediszipliniert\u201c bleiben. Denn auch, wenn es in Ihrem speziellen Fall anders sein sollte, bleibt bei den meisten Menschen am Ende des Monats zu wenig \u00fcbrig.<br \/>\nSo ist es am besten, am Tag des Geldeingangs (z.&nbsp;B. Gehaltszahlung) oder in den Folgetagen die Dauerauftr\u00e4ge automatisiert ausf\u00fchren zu lassen. Fast alle Menschen k\u00f6nnen mit 80&nbsp;% Ihres Einkommens auskommen, wenn man die 20&nbsp;% von vornherein abzieht.<br \/>\n<strong>Das Motto lautet<\/strong>: Bezahlen Sie Ihre \u201egoldene Gans\u201c zuerst. Dann erst alle anderen. Einverstanden?<\/div>\n<h4>Beispiel:<\/h4>\n<p>Wenn 2.000 Euro als Gehalt auf Ihrem Girokonto am 25. des Monats eingehen, legen Sie folgende Dauerauftr\u00e4ge an:<\/p>\n<ul>\n<li>200 Euro auf das Tagesgeldkonto \u201egoldene Gans\u201c<\/li>\n<li>100 Euro auf das Tagesgeldkonto \u201eBildung\u201c<\/li>\n<li>100 Euro auf das Tagesgeldkonto \u201eSpa\u00df und Tr\u00e4ume\u201c<\/li>\n<\/ul>\n<p>Ausf\u00fchrungstag w\u00e4re beispielsweise der 28. des Monats, falls Sie \u00fcber ein reines Guthabenkonto verf\u00fcgen. Hintergrund ist, dass abgehende Dauerauftr\u00e4ge meist morgens ausgef\u00fchrt werden. Sollte die Gehaltszahlung erst mittags eingehen, w\u00fcrde die Bank m\u00f6glicherweise den Auftrag nicht ausf\u00fchren.<br \/>\nHaben Sie einen <a href=\"\/bank\/dispo.php\">Disporahmen<\/a> mit Ihrer Bank vereinbart, k\u00f6nnen Sie bedenkenlos die Dauerauftr\u00e4ge zum 25. ausf\u00fchren lassen. Kreditzinsen fallen stets \u201e\u00fcber Nacht\u201c an. Haben Sie morgens den Geldabgang und rutschen deswegen bis zum Nachmittag (Eingang Gehaltszahlung) ins Minus, fallen keine Kreditzinsen an.\n<\/li>\n<li>\n<h3>Einzel\u00fcberweisung bei zus\u00e4tzlichen Einnahmen<\/h3>\n<p><div style=\"width: 270px\" class=\"wp-caption alignright\"><img loading=\"lazy\" decoding=\"async\" src=\"\/x210\/gehaltserhoehung.png\" width=\"260\" height=\"71\" alt=\"50 % jeder Gehaltserh\u00f6hung oder zus\u00e4tzlichen Einnahmen sparen.\" class \/><p class=\"wp-caption-text\">&hellip; wirkt wie ein Turbo.<\/p><\/div>Von allen zus\u00e4tzlichen oder unerwarteten Einnahmen \u2013 das kann zum Beispiel ein Geldgeschenk zum Geburtstag oder der Verkauf von alten Sachen bei eBay sein \u2013 \u00fcberweisen Sie die H\u00e4lfte auf Ihre Sparkonten.<\/p>\n<h4>Beispiel:<\/h4>\n<p>Sie haben 100 Euro zum Geburtstag geschenkt bekommen. Folgende \u00dcberweisungsauftr\u00e4ge sind auszuf\u00fcllen:<\/p>\n<ul>\n<li>40 Euro auf das Tagesgeldkonto \u201egoldene Gans\u201c<\/li>\n<li>5 Euro auf das Tagesgeldkonto \u201eBildung\u201c<\/li>\n<li>5 Euro auf das Tagesgeldkonto \u201eSpa\u00df und Tr\u00e4ume\u201c<\/li>\n<\/ul>\n<p>Mit den \u00fcbrig bleibenden 50 Euro k\u00f6nnen Sie machen, was Sie wollen.<br \/>\nGenauso verfahren Sie mit Gehaltserh\u00f6hungen oder Einnahmen aus einem Nebenjob.<br \/>\nSteigt das Einkommen, steigt der Lebensstandard. So ist das bei den meisten Menschen. Doch da Sie den neuen Lebensstandard noch nicht gew\u00f6hnt sind, wird es Ihnen leicht fallen, wenn der Lebensstandard nur halb so schnell ansteigt. Daf\u00fcr schwillt das Goldene-Gans-Konto um so schneller an.<br \/>\nAllerdings ist es ratsam, f\u00fcr die regelm\u00e4\u00dfigen zus\u00e4tzlichen Einnahmen aus Gehaltserh\u00f6hungen oder Nebenjobs nicht jedes Mal neue \u00dcberweisungen zu starten, sondern einfach die bestehenden monatlichen Dauerauftr\u00e4ge zu erh\u00f6hen.<\/p>\n<h4>Beispiel:<\/h4>\n<p>Sie erhalten eine Gehaltserh\u00f6hung von 400 Euro bzw. verdienen sich dieses Geld durch einen Nebenjob. Die Dauerauftr\u00e4ge sind dann wie folgt zu \u00e4ndern:<\/p>\n<ul>\n<li>200 Euro + 160 Euro = neu 360 Euro auf das Tagesgeldkonto \u201egoldene Gans\u201c<\/li>\n<li>100 Euro + 20 Euro = neu 120 Euro auf das Tagesgeldkonto \u201eBildung\u201c<\/li>\n<li>100 Euro + 20 Euro = neu 120 Euro auf das Tagesgeldkonto \u201eSpa\u00df und Tr\u00e4ume\u201c<\/li>\n<\/ul>\n<p><b>Ausnahme:<\/b> Die Zahlung vom Nebenjob geht an einem anderen Tag, beispielsweise dem 10. des Monats ein. Dann kann es durchaus sinnvoll sein, mit zwei Dauerauftragsserien zu arbeiten.\n<\/li>\n<\/ol>\n<h2>Fertig eingerichtet + Ausblick<\/h2>\n<p>Wenn Sie alle diese Schritte vollzogen haben, ist ihr Konten-System vollst\u00e4ndig eingerichtet. Offen bleibt einzig die Frage, wie Sie das Geld im Bereich \u201egoldene Gans\u201c clever investieren, damit es sich rasch, aber sicher vermehrt. Das besprechen wir in einem weiteren Dokument.<br \/>\n<strong>Vorweg sei schon gesagt:<\/strong> Sollten Sie einen Sparplan (Fonds, Aktien) anlegen, dann lassen Sie die Rate vom Girokonto einziehen (Lastschrift). Um den gleichen Betrag verringern Sie den Dauerauftrag auf das Sparkonto \u201egoldene Gans\u201c.<br \/>\n<strong>Hintergrund:<\/strong> Von einem Tagesgeldkonto k\u00f6nnen leider keine Lastschriften gezogen werden. Auch Dauerauftr\u00e4ge von dort sind nicht m\u00f6glich, aber jederzeit \u00dcberweisungen auf Ihr Depotkonto (Referenzkonto)!<br \/>\n<div style=\"width: 270px\" class=\"wp-caption alignright\"><img loading=\"lazy\" decoding=\"async\" src=\"\/x210\/finanzielle-freiheit-260.jpg\" width=\"260\" height=\"185\" alt=\"Finanzielle Freiheit\" class \/><p class=\"wp-caption-text\">F\u00fcr immer Urlaub machen? Das entscheiden Sie!<br \/>Bodo Sch\u00e4fer r\u00e4t: Machen Sie aus Ihrem Leben ein Meisterst\u00fcck.<\/p><\/div><br \/>\nIst gen\u00fcgend Geld auf dem Tagesgeldkonto angespart, kann es auf das Wertpapierdepot \u00fcberwiesen werden oder zur Anzahlung einer Immobilie oder f\u00fcr andere Investitionen im Goldene-Gans-Bereich genutzt werden.<br \/>\nSobald Sie sich mit Investmentfonds und Aktien besser auskennen, empfiehlt es sich, \u201ezweigleisig\u201c zu fahren. Einen Teil sparen Sie f\u00fcr gr\u00f6\u00dfere Investitionen auf dem Tagesgeldkonto und der andere Teil flie\u00dft automatisiert in ein Sparplan-System.<\/p>\n<h4>Beispiel<\/h4>\n<p>Die bisherigen Beispiele fortf\u00fchrend k\u00f6nnten die Dauerauftr\u00e4ge und Buchungen auf dem Girokonto so aussehen:<\/p>\n<ul>\n<li>2.000 Euro Gehaltseingang<\/li>\n<li>400 Euro Geldeingang vom Nebenjob<\/li>\n<li>160 Euro Dauerauftrag auf das Tagesgeldkonto \u201egoldene Gans\u201c<\/li>\n<li>200 Euro Lastschrift vom Investmentsparplan<\/li>\n<li>120 Euro Dauerauftrag Tagesgeldkonto \u201eBildung\u201c<\/li>\n<li>120 Euro Dauerauftrag Tagesgeldkonto \u201eSpa\u00df und Tr\u00e4ume\u201c<\/li>\n<\/ul>\n<h3>Bleiben noch zwei Fragen offen:<\/h3>\n<ul>\n<li>Warum kann es sinnvoll sein, finanzielle Unabh\u00e4ngigkeit zu erreichen?<\/li>\n<li>Wie lange dauert es, bis ich meine finanzielle Unabh\u00e4ngigkeit erreicht habe?<\/li>\n<\/ul>\n<p>Melden Sie sich bei uns unverbindlich und vollkommen kostenfrei an und Sie werden sofort auf die n\u00e4chste Seite mit den Antworten zu den beiden offenen Fragen weitergeleitet:<\/p>\n<p>Au\u00dferdem erhalten Sie &ndash; wiederum absolut unverbindlich und kostenfrei &ndash; die Information zum Dokument &#x201e;<b>Konten-System zur finanziellen Freiheit f\u00fcr Unternehmer<\/b>&#x201c;, sobald es verf\u00fcgbar ist, sowie weitere unterst\u00fctzende Dokumente und Anleitungen (sobald verf\u00fcgbar).<br \/>\nEine Abmeldung ist jederzeit m\u00f6glich. Dazu finden Sie am Ende jeder Benachrichtigung einen Abmeldelink. Wir setzen auf Fairness, weil sie sich langfristig immer rechnet.<\/p>\n<h2>Gute Nachricht f\u00fcr Sie! <span style=\"font-weight:normal\">(Erg\u00e4nzung 2017)<\/span><\/h2>\n<p>Das PDF, welches Sie hier haben, ist &#8222;erwachsen&#8220; geworden &hellip; und jetzt als Webinar + E-Mail-Kurs verf\u00fcgbar \u25ba <a href=\"https:\/\/www.deutscheskonto.org\/de\/finanzielle-freiheit\/\" target=\"_blank\">alles Infos dazu hier!<\/a><br \/>\n<small>Bildmaterial: jpegwiz &amp; HappyAlex (beide fotolia.com)<\/small><img loading=\"lazy\" decoding=\"async\" src=\"http:\/\/vg09.met.vgwort.de\/na\/51bcf0e15cc54f0c9155625f398b67cc\" width=\"1\" height=\"1\" alt=\"\" \/><\/p>\n<div style='text-align:left' class='yasr-auto-insert-visitor'><\/div>","protected":false},"excerpt":{"rendered":"<p>Was haben die bekannten Experten f\u00fcr Themen von Verm\u00f6gens&shy;aufbau bis hin zur finanziellen Freiheit gemeinsam? Sie haben alle ein Konten-System genutzt. Und sie empfehlen ihren Seminar- und Coaching&shy;teilnehmern eindringlich ein Konten-System zu installieren und zu nutzen. In den begleitenden Seminarunterlagen &hellip; <a href=\"https:\/\/www.optimal-banking.de\/news\/konten-system-finanzielle-freiheit\/\">Weiterlesen <span class=\"meta-nav\">&rarr;<\/span><\/a><\/p>\n","protected":false},"author":2,"featured_media":0,"parent":0,"menu_order":0,"comment_status":"open","ping_status":"open","template":"","meta":{"yasr_overall_rating":0,"yasr_post_is_review":"","yasr_auto_insert_disabled":"","yasr_review_type":"","footnotes":""},"class_list":["post-3997","page","type-page","status-publish","hentry"],"aioseo_notices":[],"yasr_visitor_votes":{"stars_attributes":{"read_only":false,"span_bottom":false},"number_of_votes":30,"sum_votes":95},"_links":{"self":[{"href":"https:\/\/www.optimal-banking.de\/news\/wp-json\/wp\/v2\/pages\/3997"}],"collection":[{"href":"https:\/\/www.optimal-banking.de\/news\/wp-json\/wp\/v2\/pages"}],"about":[{"href":"https:\/\/www.optimal-banking.de\/news\/wp-json\/wp\/v2\/types\/page"}],"author":[{"embeddable":true,"href":"https:\/\/www.optimal-banking.de\/news\/wp-json\/wp\/v2\/users\/2"}],"replies":[{"embeddable":true,"href":"https:\/\/www.optimal-banking.de\/news\/wp-json\/wp\/v2\/comments?post=3997"}],"version-history":[{"count":0,"href":"https:\/\/www.optimal-banking.de\/news\/wp-json\/wp\/v2\/pages\/3997\/revisions"}],"wp:attachment":[{"href":"https:\/\/www.optimal-banking.de\/news\/wp-json\/wp\/v2\/media?parent=3997"}],"curies":[{"name":"wp","href":"https:\/\/api.w.org\/{rel}","templated":true}]}}