{"id":4085,"date":"2013-05-21T05:53:48","date_gmt":"2013-05-21T04:53:48","guid":{"rendered":"http:\/\/www.optimal-banking.de\/news\/?page_id=4085"},"modified":"2013-05-21T05:53:48","modified_gmt":"2013-05-21T04:53:48","slug":"erfahrung-debeka-festgeld","status":"publish","type":"page","link":"https:\/\/www.optimal-banking.de\/news\/erfahrung-debeka-festgeld\/","title":{"rendered":"Erfahrungen mit dem Debeka-Festgeld  \u25ba konservativ und sicher"},"content":{"rendered":"<p><div style=\"width: 270px\" class=\"wp-caption alignright\"><img loading=\"lazy\" decoding=\"async\" src=\"\/x210\/debeka-festgeldanlage.jpg\" width=\"260\" height=\"187\" alt=\"Debeka Festgeldanlage\" class \/><p class=\"wp-caption-text\">Googlen Sie einfach nach &#x201e;Debeka Festgeldanlage&#x201c;.<\/p><\/div><br \/>\n<b>Festgeldkonto bei einer deutschen Versicherung<\/b><br \/>\n<em>&#8211; Erfahrungsbericht von Jochen Dr\u00f6\u00dfiger, 21.5.2013 &#8211;<\/em><br \/>\nDon&#8217;t put all your eggs into one basket, sagt doch bereits der Engl\u00e4nder und so sehe ich das ebenfalls. In dem Zuge habe ich nebst meinem <a href=\"\/news\/fidor-sparbrief-komisch\/\">Fidor Bank Sparbrief<\/a> auch noch ein Festgeld bei einer Versicherung abgeschlossen, genauer die <a href=\"\/finanztest\/debeka-festgeld.php\">Debeka<\/a>.<\/p>\n<blockquote><p>Debeka gilt als besonders solide und konservativ.<\/p><\/blockquote>\n<p>Diese gilt als besonders solide und konservativ in der Anlagestrategie und hat daher wohl auch beste Chancen, die n\u00e4chste Zeit ohne Sorgenfalten zu \u00fcberstehen.<\/p>\n<h3>Einlagensicherung \u00fcber Bausparkassen<\/h3>\n<p>Nat\u00fcrlich gibt es zus\u00e4tzlich auch noch der Einlagensicherungsfonds der Bausparkassen, der hier zus\u00e4tzlich zum Tragen kommt.<\/p>\n<h2>Festgeld-Er\u00f6ffnung beginnt im Internet<\/h2>\n<p>Der Abschluss des Festgeldes ging relativ einfach und flott \u00fcber die B\u00fchne, die Antragsunterlagen kann man sich direkt \u00fcber das Internet ausdrucken und dann entsprechend ausf\u00fcllen. Der Freistellungsauftrag ist fakultativ.<\/p>\n<blockquote><p>Die Legitimation per Post ist der Debeka-Gesch\u00e4ftsstelle vorzuziehen.<\/p><\/blockquote>\n<p>Nun kann man dann zur Legitimation zur <a href=\"\/info\/postident.php\">Deutschen Post<\/a> gehen oder in die <b>Debeka Gesch\u00e4ftsstelle<\/b>. Das w\u00e4hlte ich und wurde nat\u00fcrlich prompt nach meinen Lebensumst\u00e4nden befragt, wenn auch nur beil\u00e4ufig. Ein Gang zur Post ist daher vielleicht angenehmer.<\/p>\n<h3>So geht es mit dem Debeka-Festgeld weiter<\/h3>\n<p>Der Anlagebetrag wird danach auf ein Sammelkonto \u00fcberwiesen und entsprechend zugeordnet, die Anlagebest\u00e4tigung gibt es frei Haus.<br \/>\nKontoausz\u00fcge werden bei Bewegung gezeigt, Verl\u00e4ngerung sollte unterbunden werden, ich habe mir daher bereits im Kalender eine entsprechende Notiz gemacht, um die F\u00e4lligkeit um keinen Fall zu verpassen.<\/p>\n<blockquote><p>F\u00e4lligkeits- bzw. K\u00fcndigungstermin im Kalender eintragen &hellip;<\/p><\/blockquote>\n<p>Einige Tausend Euro Anlage m\u00fcssen es zudem sein, damit die Mindestanlage erf\u00fcllt wird. Die Zinsen sind auch hier nicht riesig, aber der Anlagebetrag ist in guten H\u00e4nden, da die Versicherung sehr verl\u00e4sslich ist.<br \/>\nEinen Teil kann man nat\u00fcrlich etwas spekulativer im europ\u00e4ischen Ausland anlegen, etwa Lettland, so l\u00e4sst sich die Rendite erh\u00f6hen. Grunds\u00e4tzlich kann man sich jedoch im sichereren Umfeld besser f\u00fchlen, auch wenn es weniger Zinsen gibt.<br \/>\nAlso lieber etwas geringere Zinsen, daf\u00fcr aber solide Sicherheit, denn schlie\u00dflich ist es Ihr Geld.<\/p>\n<div style=\"margin-top:40px;margin-bottom:40px;min-width:400px\">\n<h3 class=\"lbo\">&#x201C;Jetzt Festgeld vergleichen&#x201D;<\/h3>\n<div class=\"lb-rand\">\n<p style=\"text-align:center;margin-top:10px\">Unsere 4 <b>besten Anbieter<\/b> im Vergleich:<\/p>\n<div class=\"lb-link\"><a href=\"\/info\/bestes-festgeld.php\">Festgeldvergleich sehen<\/a><\/div>\n<p style=\"text-align:center;margin-top:10px\"><a href=\"\/info\/bestes-festgeld.php\">www.optimal-banking.de\/info\/bestes-festgeld.php<\/a><\/p>\n<\/div>\n<\/div>\n<h4>Verwandte Themen<\/h4>\n<ul>\n<li><a href=\"\/info\/festgeldanlage.php\">Festgeldanlage: Sicherheit contra Rendite?<\/a><\/li>\n<li><a href=\"\/bank\/barclaycard-test.php\">Barclay Card im Test<\/a><\/li>\n<li><a href=\"\/news\/coreal-direct-erfahrung\/\">Coreal Direct-Erfahrung \u25ba Kontoauszug doch kostenpflichtig?<\/a><\/li>\n<\/ul>\n<p><small>Bildmaterial: Debeka<\/small><\/p>\n<div style='text-align:left' class='yasr-auto-insert-visitor'><\/div>","protected":false},"excerpt":{"rendered":"<p>Festgeldkonto bei einer deutschen Versicherung &#8211; Erfahrungsbericht von Jochen Dr\u00f6\u00dfiger, 21.5.2013 &#8211; Don&#8217;t put all your eggs into one basket, sagt doch bereits der Engl\u00e4nder und so sehe ich das ebenfalls. In dem Zuge habe ich nebst meinem Fidor Bank &hellip; <a href=\"https:\/\/www.optimal-banking.de\/news\/erfahrung-debeka-festgeld\/\">Weiterlesen <span class=\"meta-nav\">&rarr;<\/span><\/a><\/p>\n","protected":false},"author":5,"featured_media":0,"parent":0,"menu_order":0,"comment_status":"open","ping_status":"open","template":"","meta":{"yasr_overall_rating":0,"yasr_post_is_review":"","yasr_auto_insert_disabled":"","yasr_review_type":"","footnotes":""},"class_list":["post-4085","page","type-page","status-publish","hentry"],"aioseo_notices":[],"yasr_visitor_votes":{"stars_attributes":{"read_only":false,"span_bottom":false},"number_of_votes":0,"sum_votes":0},"_links":{"self":[{"href":"https:\/\/www.optimal-banking.de\/news\/wp-json\/wp\/v2\/pages\/4085"}],"collection":[{"href":"https:\/\/www.optimal-banking.de\/news\/wp-json\/wp\/v2\/pages"}],"about":[{"href":"https:\/\/www.optimal-banking.de\/news\/wp-json\/wp\/v2\/types\/page"}],"author":[{"embeddable":true,"href":"https:\/\/www.optimal-banking.de\/news\/wp-json\/wp\/v2\/users\/5"}],"replies":[{"embeddable":true,"href":"https:\/\/www.optimal-banking.de\/news\/wp-json\/wp\/v2\/comments?post=4085"}],"version-history":[{"count":0,"href":"https:\/\/www.optimal-banking.de\/news\/wp-json\/wp\/v2\/pages\/4085\/revisions"}],"wp:attachment":[{"href":"https:\/\/www.optimal-banking.de\/news\/wp-json\/wp\/v2\/media?parent=4085"}],"curies":[{"name":"wp","href":"https:\/\/api.w.org\/{rel}","templated":true}]}}