{"id":4156,"date":"2013-05-26T19:41:11","date_gmt":"2013-05-26T18:41:11","guid":{"rendered":"http:\/\/www.optimal-banking.de\/news\/?page_id=4156"},"modified":"2013-05-26T19:41:11","modified_gmt":"2013-05-26T18:41:11","slug":"cortal-consors-girokonto","status":"publish","type":"page","link":"https:\/\/www.optimal-banking.de\/news\/cortal-consors-girokonto\/","title":{"rendered":"Cortal-Consors: Girokonto mit Option zum Geldverdienen \u2714"},"content":{"rendered":"<p><div style=\"width: 270px\" class=\"wp-caption alignright\"><a href=\"\/go.php?id=cortal-consors_giro\" target=\"_blank\" rel=\"nofollow\"><img loading=\"lazy\" decoding=\"async\" src=\"\/x210\/cortal-consors-girokonto-260.jpg\" width=\"260\" height=\"207\" alt=\"Kostenloses Girokonto von Cortal-Consors\" class \/><\/a><p class=\"wp-caption-text\"><a href=\"\/go.php?id=cortal-consors_giro\" target=\"_blank\" rel=\"nofollow\"><b>Hier klicken<\/b><\/a>, um die Seite gr\u00f6\u00dfer anzeigen zu lassen.<\/p><\/div><br \/>\nDas wohl ungew\u00f6hnlichste Feature des neuen Girokontos von Cortal-Consors ist, dass die Bank den Kunden f\u00fcr die Nutzung der VISA Card bezahlt.<\/p>\n<blockquote><p>F\u00fcr jede Zahlung mit der VISA Card gibt es eine 10-Cent-Gutschrift.<\/p><\/blockquote>\n<p><strong>Cortal-Consors<\/strong> m\u00f6chte es seinen Kunden leicht machen, die VISA Card zu nutzen, und schreibt deswegen pro Zahlungsvorgang 10 Cent Bonus auf dem Konto des Kunden gut. Die bisher beliebteste deutsche Bankkarte ist die \u201eGirocard\u201c &ndash; vormals EC-Karte.<br \/>\n<b>Hintergrund<\/b> ist, dass das Bargeldabheben an rund 90 % aller deutschen Geldautomaten unabh\u00e4ngig von der betreibenden Bank (Sparkasse, VR-Bank, Cash-Pool- oder -Group-Banken) nur mit der <b>VISA Card<\/b> kostenlos ist.<\/p>\n<h2>Girokonto-Konditionen im \u00dcberblick<\/h2>\n<ul>\n<li>v\u00f6llig kostenlose <strong>Kontof\u00fchrung<\/strong> ohne Bedingungen<\/li>\n<li>kostenlose <strong>Girocard<\/strong> (ehemals EC-Karte)<\/li>\n<li>kostenlose <strong>VISA Card<\/strong><\/li>\n<li><strong>10-Cent-Gutschrift<\/strong> f\u00fcr Zahlung mit der VISA Card<\/li>\n<li>kostenloses <strong>Bargeld<\/strong> an Fremdautomaten<\/li>\n<li>50 Euro <strong>Startguthaben<\/strong> bei Gehaltseingang<\/li>\n<li>gilt f\u00fcr Neu- und Bestandskunden (Depot, Tagesgeld)<\/li>\n<\/ul>\n<p><b>Weitere Infos: <a href=\"\/go.php?id=cortal-consors-giro\" target=\"_blank\" rel=\"nofollow\">www.cortalconsors.de<\/a><\/b><\/p>\n<h3>Das Video erkl\u00e4rt das neue Konto sehr gut:<\/h3>\n<h2>Details zum Girokonto von Cortal-Consors<\/h2>\n<h3>Bonus f\u00fcr jede Kartenzahlung<\/h3>\n<p>\u00dcberlegen Sie einmal, wo Sie \u00fcberall mit Kreditkarte bereits zahlen oder k\u00fcnftig zahlen werden, wenn Ihnen Cortal-Consors f\u00fcr jede Buchung 10 Cent auf Ihr Girokonto \u00fcberweist!<br \/>\nUnd die VISA Card ist selbstverst\u00e4ndlich auch kostenfrei. \u00d6rtliche Banken verlangen f\u00fcr Kreditkarten immer noch Geb\u00fchren! Durchschnittlich rund 30 Euro pro Jahr und Karte.<br \/>\n<div style=\"width: 270px\" class=\"wp-caption alignright\"><img loading=\"lazy\" decoding=\"async\" src=\"\/x210\/cortal-consors-visa-260.jpg\" width=\"260\" height=\"166\" alt=\"Cortal-Consors VISA Card\" class \/><p class=\"wp-caption-text\">So sieht die VISA Card aus.<\/p><\/div><\/p>\n<h3>Kostenlos Bargeld abheben<\/h3>\n<p>Dank der Cortal-Consors VISA Card k\u00f6nnen Sie an den allermeisten Geldautomaten kostenlos Bargeld abheben. Die Geb\u00fchren daf\u00fcr \u00fcbernimmt die Bank f\u00fcr Sie.<\/p>\n<blockquote><p>Mit dieser Karte holen Sie sich geb\u00fchrenfrei Bargeld aus den Automaten.<\/p><\/blockquote>\n<p>Das hei\u00dft, Sie k\u00f6nnen vermutlich wie gewohnt an Ihrem bisherigen Bankautomaten Geld holen. Lediglich einige vereinzelte Sparkassen und VR-Banken sperren sich dem System (Konkurrenz- und Neidgedanken).<\/p>\n<h3>50 Euro Startguthaben<\/h3>\n<p>Das Startguthaben von 50 Euro ist an einen Gehaltseingang gekn\u00fcpft. Die H\u00f6he spielt keine Rolle, so dass man auch Geld aus einer Nebenbesch\u00e4ftigung auf das neue Konto umleiten kann. Wichtig ist der Textschl\u00fcssel \u201e<a href=\"\/info\/gehaltskonto-selbst-gemacht.php\">Gehaltszahlung<\/a>\u201c beim Geldeingang. Daf\u00fcr verwenden Banken einen speziellen Code. Eigen\u00fcberweisungen werden nicht anerkannt.<br \/>\nDoch auch ohne Gehaltseingang bleibt das Girokonto von Cortal-Consors dauerhaft v\u00f6llig kostenlos.<br \/>\n<div style=\"width: 270px\" class=\"wp-caption alignright\"><img loading=\"lazy\" decoding=\"async\" src=\"\/x210\/cortal-consors-girocard-260.jpg\" width=\"260\" height=\"166\" alt=\"Cortal-Consors Girocard\" class \/><p class=\"wp-caption-text\">So sieht die Girocard (ehemals EC-Karte) aus.<\/p><\/div><br \/>\nDas Startguthaben k\u00f6nnen sich auch Kunden holen, die bereits ein Tagesgeld- oder Depotkonto bei Cortal-Consors haben.<\/p>\n<blockquote><p>Die Girocard nutzen Sie in Gesch\u00e4ften wie Aldi, die keine Kreditkarten akzeptieren.<\/p><\/blockquote>\n<h3>Dispokredit anfangs bis 1.500 Euro<\/h3>\n<p>Der Dispokredit wird bonit\u00e4tsabh\u00e4ngig sofort einger\u00e4umt. In den ersten drei Monaten wird er auf 1.500 Euro limitiert. Anschlie\u00dfend kann er bei regelm\u00e4\u00dfiger Gehaltszahlung auf Kundenwunsch erh\u00f6ht werden.<\/p>\n<h2>Fazit zum neuen Girokonto<\/h2>\n<p>Cortal-Consors bietet ein <strong>ausgereiftes Girokonto<\/strong> mit allem, was man von einer guten Direktbank erwarten kann, an. Obendrauf gibt es noch die M\u00f6glichkeit, mit dem Karteneinsatz etwas Geld zu verdienen.<br \/>\nF\u00fcr jemand, der ein neues Online-Girokonto sucht, ist Cortal-Consors ein genauen Blick wert. Das Konto l\u00e4sst sich auch als <strong>Zweit- oder Drittkonto<\/strong> betreiben.<\/p>\n<div style=\"margin:40px auto 40px auto;width:400px\">\n<h3 class=\"lbo\" style=\"text-align:center\">&#x201C;Jetzt zu Cortal-Consors wechseln&#x201D;<\/h3>\n<div class=\"lb-rand\">\n<p style=\"text-align:center;margin-top:10px\">pro Kartenzahlung <b>10 Cent<\/b> erhalten<\/p>\n<div class=\"lb-link\"><a href=\"\/go.php?id=cortal-consors_giro\" rel=\"nofollow\" target=\"_blank\">Hier geht&#x2019;s zur Bank &raquo;&nbsp;<\/a><\/div>\n<p style=\"text-align:center;margin-top:10px\"><a href=\"\/go.php?id=cortal-consors_giro\" rel=\"nofollow\" target=\"_blank\"><b>www.cortal-consors.de<\/b><\/a><\/p>\n<\/div>\n<\/div>\n<div style='text-align:left' class='yasr-auto-insert-visitor'><\/div>","protected":false},"excerpt":{"rendered":"<p>Das wohl ungew\u00f6hnlichste Feature des neuen Girokontos von Cortal-Consors ist, dass die Bank den Kunden f\u00fcr die Nutzung der VISA Card bezahlt. F\u00fcr jede Zahlung mit der VISA Card gibt es eine 10-Cent-Gutschrift. Cortal-Consors m\u00f6chte es seinen Kunden leicht machen, &hellip; <a href=\"https:\/\/www.optimal-banking.de\/news\/cortal-consors-girokonto\/\">Weiterlesen <span class=\"meta-nav\">&rarr;<\/span><\/a><\/p>\n","protected":false},"author":4,"featured_media":0,"parent":0,"menu_order":0,"comment_status":"open","ping_status":"open","template":"","meta":{"yasr_overall_rating":0,"yasr_post_is_review":"","yasr_auto_insert_disabled":"","yasr_review_type":"","footnotes":""},"class_list":["post-4156","page","type-page","status-publish","hentry"],"aioseo_notices":[],"yasr_visitor_votes":{"stars_attributes":{"read_only":false,"span_bottom":false},"number_of_votes":8,"sum_votes":26},"_links":{"self":[{"href":"https:\/\/www.optimal-banking.de\/news\/wp-json\/wp\/v2\/pages\/4156"}],"collection":[{"href":"https:\/\/www.optimal-banking.de\/news\/wp-json\/wp\/v2\/pages"}],"about":[{"href":"https:\/\/www.optimal-banking.de\/news\/wp-json\/wp\/v2\/types\/page"}],"author":[{"embeddable":true,"href":"https:\/\/www.optimal-banking.de\/news\/wp-json\/wp\/v2\/users\/4"}],"replies":[{"embeddable":true,"href":"https:\/\/www.optimal-banking.de\/news\/wp-json\/wp\/v2\/comments?post=4156"}],"version-history":[{"count":0,"href":"https:\/\/www.optimal-banking.de\/news\/wp-json\/wp\/v2\/pages\/4156\/revisions"}],"wp:attachment":[{"href":"https:\/\/www.optimal-banking.de\/news\/wp-json\/wp\/v2\/media?parent=4156"}],"curies":[{"name":"wp","href":"https:\/\/api.w.org\/{rel}","templated":true}]}}