{"id":4191,"date":"2013-05-27T10:11:06","date_gmt":"2013-05-27T09:11:06","guid":{"rendered":"http:\/\/www.optimal-banking.de\/news\/?page_id=4191"},"modified":"2013-05-27T10:11:06","modified_gmt":"2013-05-27T09:11:06","slug":"cortal-consors-wieder-neukunde","status":"publish","type":"page","link":"https:\/\/www.optimal-banking.de\/news\/cortal-consors-wieder-neukunde\/","title":{"rendered":"Cortal-Consors: Wie ich immer wieder Neukunden-Aktionen nutze \u2714"},"content":{"rendered":"<p><div style=\"width: 110px\" class=\"wp-caption alignright\"><img loading=\"lazy\" decoding=\"async\" src=\"\/x210\/jn_zagreb.jpg\" width=\"100\" height=\"133\" alt=\"Autor und Bankkunde\" class \/><p class=\"wp-caption-text\">Sascha Niedung, Autor und Bankkunde<\/p><\/div><br \/>\n<b>Immer wieder zufrieden mit den aktuellen Angeboten<\/b><br \/>\n<em>&#8211; Erfahrungsbericht von Sascha Niedung, 27.5.2013 &#8211;<\/em><br \/>\n<a href=\"\/bank\/cortal-consors-depot.php\"><img loading=\"lazy\" decoding=\"async\" src=\"\/thema\/2009\/cortal-consors-100.png\" width=\"100\" height=\"21\" class=\"alignleft\" \/><\/a><br \/>\nSeit Jahren bereits werde ich immer wieder Neukunde bei Cortal Consors. <b>Warum?<\/b> Weil ich das Banking als sehr bequem empfinde und die Zinsen meistens auch durch Aktionen gepr\u00e4gt sind.<\/p>\n<blockquote><p>Nach 6 Monaten gilt man wieder als Neukunde.<\/p><\/blockquote>\n<p>Wer gerade sein Konto gel\u00f6scht hat, kann nach einem halben Jahr erneut Kunde werden und sich f\u00fcr eine vorteilhafte Kondition entscheiden.<\/p>\n<h2>Cortal-Consors-Support sehr hilfreich<\/h2>\n<p>Dabei ist auf Nachfrage auch der Support behilflich, wenn man sich nicht mehr genau an das <strong>K\u00fcndigungsdatum<\/strong> erinnert. So konnte ich auf Nachfrage bestimmen, dass ich wieder an einer Neukundenaktion teilnehmen kann, sehr gut!<br \/>\nAlternativ kann man nat\u00fcrlich die Kontoausz\u00fcge sichten, sofern man sich noch ungef\u00e4hr an den Zeitraum der letzten Kontoschlie\u00dfung erinnert.<\/p>\n<h2>Kontoer\u00f6ffnung bei Cortal-Consors<\/h2>\n<p>Die Kontoer\u00f6ffnung geschieht relativ einfach, diese wird \u00fcber das Internet ausgef\u00fchrt und die Bank sendet im Anschluss ein Paket heraus, in dem alle Unterlagen zur Kontoer\u00f6ffnung enthalten sind.<br \/>\nSo hei\u00dft es anschlie\u00dfend: Kontoantrag unterschreiben und ab damit zur Post.<\/p>\n<h3>Freistellungsauftrag<\/h3>\n<p>Wer Freistellungsauftr\u00e4ge stellen m\u00f6chte, findet in der Mappe auch das Formular und kann es bereits nutzen.<\/p>\n<div>Kleiner Tipp: Einen Freiumschlag aufbehalten und besser bei der Post sagen, es h\u00e4tte einer gefehlt. So kann man sich einen Umschlag und das Porto f\u00fcr sp\u00e4tere Adress\u00e4nderung oder K\u00fcndigung sparen.<\/div>\n<p>Der Postbeamte wird die Identit\u00e4t pr\u00fcfen und ein Formular zur Unterschrift vorlegen, welches sich <a href=\"\/info\/postident.php\">PostIdent<\/a> nennt. Einfach unterschreiben und abgeben und das Formular geht an die Bank, die dann s\u00e4mtliche Best\u00e4tigungen und Kennungen zusendet, die man f\u00fcr die Nutzung eines Kontos braucht.<\/p>\n<h3>Referenzkonto und mTAN<\/h3>\n<p>Das erste Referenzkonto wird dann auch \u00fcber das Internet angelegt und dient als Konto f\u00fcr \u00dcberweisungen und Auszahlungen.<br \/>\nW\u00e4hrend ich mich noch immer an TAN-Liste erinnere, hat <b>Cortal Consors<\/b> schon vor einiger Zeit auf das <a href=\"\/info\/tan-verfahren\/\">MTAN-Verfahren<\/a> umgestellt, so dass auch von unterwegs \u00dcberweisungen m\u00f6glich sind. Die TAN geht auf das Handy und der Auftrag kann best\u00e4tigt werden. Das Interface ist einfach zu bedienen und sehr \u00fcbersichtlich.<\/p>\n<h3>Depotkonto wird kostenlos miter\u00f6ffnet<\/h3>\n<p>Wer mag, kann mit dem miter\u00f6ffneten <a href=\"\/erfahrungen\/cortal-consors-online-depot.php\">Depot<\/a> auch noch kurzfristig von Tagesgeld, wo die Zinsen aktuell bei 1,5&nbsp;% liegen, in Wertpapiere umschichten.<br \/>\nEin Feature, das man bei der derzeitigen Aktienrallye nicht unbedingt au\u00dfer Acht lassen sollte. Zudem lassen sich derzeit mit <a href=\"\/news\/dividendenrendite-contra-festgeldzinsen\/\">Dividenden<\/a> nicht unerhebliche Renditen erzielen.<\/p>\n<blockquote><p>Ich werde immer wieder regelm\u00e4\u00dfig Kunde werden<\/p><\/blockquote>\n<p>Wer jedoch sicheren Ertrag w\u00fcnscht, ist mit einem Tagesgeldkonto gut bedient und insbesondere nach meiner Erfahrung bei Cortal Consors. Von der Er\u00f6ffnung bis zur Schlie\u00dfung hatte ich noch nie Probleme dort und werde weiterhin regelm\u00e4\u00dfiger Kunde des Hauses sein.<br \/>\n&rArr; <a href=\"\/erfahrungen\/cortal-consors-tagesgeld.php\">weitere Erfahrungen zum Tagesgeld von Cortal-Consors anzeigen<\/a>.<\/p>\n<div style=\"margin-top:40px;margin-bottom:40px;min-width:400px\">\n<h3 class=\"lbo\">&#x201C;Jetzt Tagesgeld vergleichen&#x201D;<\/h3>\n<div class=\"lb-rand\">\n<p style=\"text-align:center;margin-top:10px\">\u00dcber 40 <b>Tagesgeldkonten<\/b> im Vergleich:<\/p>\n<div class=\"lb-link\"><a href=\"\/info\/tagesgeldkonten.php\">Vergleich ansehen<\/a><\/div>\n<p style=\"text-align:center;margin-top:10px\"><a href=\"\/info\/tagesgeldkonten.php\">www.optimal-banking.de\/info\/tagesgeldkonten.php<\/a><\/p>\n<\/div>\n<\/div>\n<h4>Das k\u00f6nnte Sie auch interessieren<\/h4>\n<ul>\n<li><a href=\"\/news\/cortal-consors-girokonto\/\">Girokonto bei Cortal-Consors (kostenlos) m\u00f6glich<\/a><\/li>\n<li><a href=\"\/bank\/audi-tagesgeld.php\">Audi Bank Tagesgeld<\/a> &ndash; Vorstellung vom Audi-Tagesgeld<\/li>\n<\/ul>\n<p><small>Bildmaterial: Sascha Niedung &#183; Cortal-Consors<\/small><\/p>\n<div style='text-align:left' class='yasr-auto-insert-visitor'><\/div>","protected":false},"excerpt":{"rendered":"<p>Immer wieder zufrieden mit den aktuellen Angeboten &#8211; Erfahrungsbericht von Sascha Niedung, 27.5.2013 &#8211; Seit Jahren bereits werde ich immer wieder Neukunde bei Cortal Consors. Warum? Weil ich das Banking als sehr bequem empfinde und die Zinsen meistens auch durch &hellip; <a href=\"https:\/\/www.optimal-banking.de\/news\/cortal-consors-wieder-neukunde\/\">Weiterlesen <span class=\"meta-nav\">&rarr;<\/span><\/a><\/p>\n","protected":false},"author":4,"featured_media":0,"parent":0,"menu_order":0,"comment_status":"open","ping_status":"closed","template":"","meta":{"yasr_overall_rating":0,"yasr_post_is_review":"","yasr_auto_insert_disabled":"","yasr_review_type":"","footnotes":""},"class_list":["post-4191","page","type-page","status-publish","hentry"],"aioseo_notices":[],"yasr_visitor_votes":{"stars_attributes":{"read_only":false,"span_bottom":false},"number_of_votes":1,"sum_votes":3},"_links":{"self":[{"href":"https:\/\/www.optimal-banking.de\/news\/wp-json\/wp\/v2\/pages\/4191"}],"collection":[{"href":"https:\/\/www.optimal-banking.de\/news\/wp-json\/wp\/v2\/pages"}],"about":[{"href":"https:\/\/www.optimal-banking.de\/news\/wp-json\/wp\/v2\/types\/page"}],"author":[{"embeddable":true,"href":"https:\/\/www.optimal-banking.de\/news\/wp-json\/wp\/v2\/users\/4"}],"replies":[{"embeddable":true,"href":"https:\/\/www.optimal-banking.de\/news\/wp-json\/wp\/v2\/comments?post=4191"}],"version-history":[{"count":0,"href":"https:\/\/www.optimal-banking.de\/news\/wp-json\/wp\/v2\/pages\/4191\/revisions"}],"wp:attachment":[{"href":"https:\/\/www.optimal-banking.de\/news\/wp-json\/wp\/v2\/media?parent=4191"}],"curies":[{"name":"wp","href":"https:\/\/api.w.org\/{rel}","templated":true}]}}