{"id":4265,"date":"2013-06-01T13:27:45","date_gmt":"2013-06-01T12:27:45","guid":{"rendered":"http:\/\/www.optimal-banking.de\/news\/?page_id=4265"},"modified":"2021-02-08T13:23:41","modified_gmt":"2021-02-08T12:23:41","slug":"foerderungsgesellschaft","status":"publish","type":"page","link":"https:\/\/www.optimal-banking.de\/news\/foerderungsgesellschaft\/","title":{"rendered":"Optimal Banking F\u00f6rderungsgesellschaft e.V."},"content":{"rendered":"<p>In Selbstverpflichtung, unsere gemeinsame Welt ein St\u00fcck besser zu machen, haben wir die \u201eOptimal Banking F\u00f6rderungsgesellschaft e.V.\u201c als gemeinn\u00fctzigen Verein gegr\u00fcndet.<\/p>\n<h2>In der Pr\u00e4ambel hei\u00dft es:<\/h2>\n<div>\u201eTheoretisch k\u00f6nnten alle Menschen in Freiheit und \u00dcberfluss leben. Unser Planet bietet s\u00e4mtliche Voraussetzungen daf\u00fcr. Tats\u00e4chlich leben so die Wenigsten. Die Schl\u00fcssel dazu, dass immer mehr Menschen in Freiheit und \u00dcberfluss leben k\u00f6nnen, sind Bildung, Forschung und Zusammenarbeit.<\/p>\n<p>Dies sind Sektoren, auf denen die Optimal Banking F\u00f6rderungsgesellschaft zum nachhaltigen Wohl der Menschen auf Erden t\u00e4tig ist.<\/p>\n<p>Die finanziellen Mittel: \u201aEigentum verpflichtet. Sein Gebrauch soll zugleich dem Wohle der Allgemeinheit dienen.\u2018 Artikel 14 Absatz 2 des Grundgesetzes der Bundesrepublik Deutschland.<\/p>\n<p>Die Optimal Banking Akademie GmbH verpflichtet sich, der F\u00f6rderungsgesellschaft mindestens 10 % der Monats\u00fcbersch\u00fcsse zu spenden.\u201c<\/p><\/div>\n<p>Auch Sie k\u00f6nnen helfen, die Welt ein St\u00fcck besser zu machen, indem Sie unser <strong>Webportal nutzen<\/strong> und <strong>weiterempfehlen<\/strong>. Das kostet Sie keinen einzigen Cent.<br \/>\n<b>Alternativ<\/b> ist es m\u00f6glich, direkt Geld zu spenden. Beispielsweise wenn Ihnen unsere Arbeit gef\u00e4llt oder Sie dank unseren Informationen oder unserer Beratung einen Nutzen erfahren haben.<\/p>\n<form action=\"https:\/\/www.paypal.com\/cgi-bin\/webscr\" method=\"post\" target=\"_top\">\n<p><img loading=\"lazy\" decoding=\"async\" alt=\"\" border=\"0\" src=\"https:\/\/www.paypalobjects.com\/de_DE\/i\/scr\/pixel.gif\" width=\"1\" height=\"1\"><br \/>\n<\/form>\n<h2>Was tut die \u201eOptimal Banking F\u00f6rderungsgesellschaft e.V.\u201c?<\/h2>\n<p>Sie verfolgt ausschlie\u00dflich die Ziele, die in \u00a7 2 der Satzung festgelegt wurden. Dort hei\u00dft es im Absatz 1:<\/p>\n<div>\u201eZiel des Vereins ist die F\u00f6rderung von Bildung. Insbesondere auf dem Gebiet der Finanzen. Daneben sollen auch die Verbraucherberatung und der Verbraucherschutz gef\u00f6rdert werden, da der Wohlstand von vielen Einzelnen den Wohlstand im Allgemeinen bildet.\u201c<\/div>\n<h2>&hellip; und wie tut sie das?<\/h2>\n<p>In Absatz 2 hei\u00dft es weiter:<\/p>\n<div>Der Verein erreicht seine Ziele insbesondere durch:<\/p>\n<p>a. Zurverf\u00fcgungstellung von Bildungsmaterialen<br \/>b. Veranstaltungen<br \/>c. Stipendien sowie andere Ausbildungs- und Weiterbildungsunterst\u00fctzungen<br \/>d. Herausgabe von Publikationen<\/div>\n<p>\u00dcber die Umsetzung werden wir hier berichten bzw. dazu verlinken.<\/p>\n<blockquote><p>Verbraucherberatung \u00fcber die Redaktions-Sprechstunde<\/p><\/blockquote>\n<p>Die Verbraucherberatung wird \u00fcber die <strong>kostenlose<\/strong> Redaktions-Sprechstunde realisiert. Telefonnummer und Sprechzeit erfahren Sie auf der Seite \u201e<a href=\"\/news\/beratung\/\">Beratung erw\u00fcnscht?<\/a>\u201c.<\/p>\n<h3>Abschlie\u00dfende Hinweise<\/h3>\n<p>Die \u201eOptimal Banking F\u00f6rderungsgesellschaft\u201c ist unter der Nummer 200558 im Vereinsregister des Amtsgerichts Memmingen eingetragen. Die Gemeinn\u00fctzigkeit wurde durch das Finanzamt Memmingen, Steuernummer 138\/110\/10582, vorl\u00e4ufig erteilt. Vorl\u00e4ufig deshalb, weil solche Bescheinigungen bis zur amtlichen Nachpr\u00fcfung immer vorl\u00e4ufig sind.<br \/>\nZum Vorstand wurde Gregor Janecke gew\u00e4hlt. Er vertritt die F\u00f6rderungsgesellschaft nach au\u00dfen.<\/p>\n<div style='text-align:left' class='yasr-auto-insert-visitor'><\/div>","protected":false},"excerpt":{"rendered":"<p>In Selbstverpflichtung, unsere gemeinsame Welt ein St\u00fcck besser zu machen, haben wir die \u201eOptimal Banking F\u00f6rderungsgesellschaft e.V.\u201c als gemeinn\u00fctzigen Verein gegr\u00fcndet. In der Pr\u00e4ambel hei\u00dft es: \u201eTheoretisch k\u00f6nnten alle Menschen in Freiheit und \u00dcberfluss leben. Unser Planet bietet s\u00e4mtliche Voraussetzungen &hellip; <a href=\"https:\/\/www.optimal-banking.de\/news\/foerderungsgesellschaft\/\">Weiterlesen <span class=\"meta-nav\">&rarr;<\/span><\/a><\/p>\n","protected":false},"author":4,"featured_media":0,"parent":0,"menu_order":0,"comment_status":"closed","ping_status":"closed","template":"","meta":{"yasr_overall_rating":0,"yasr_post_is_review":"","yasr_auto_insert_disabled":"","yasr_review_type":"BlogPosting","footnotes":""},"class_list":["post-4265","page","type-page","status-publish","hentry"],"aioseo_notices":[],"yasr_visitor_votes":{"stars_attributes":{"read_only":false,"span_bottom":false},"number_of_votes":1,"sum_votes":5},"_links":{"self":[{"href":"https:\/\/www.optimal-banking.de\/news\/wp-json\/wp\/v2\/pages\/4265"}],"collection":[{"href":"https:\/\/www.optimal-banking.de\/news\/wp-json\/wp\/v2\/pages"}],"about":[{"href":"https:\/\/www.optimal-banking.de\/news\/wp-json\/wp\/v2\/types\/page"}],"author":[{"embeddable":true,"href":"https:\/\/www.optimal-banking.de\/news\/wp-json\/wp\/v2\/users\/4"}],"replies":[{"embeddable":true,"href":"https:\/\/www.optimal-banking.de\/news\/wp-json\/wp\/v2\/comments?post=4265"}],"version-history":[{"count":1,"href":"https:\/\/www.optimal-banking.de\/news\/wp-json\/wp\/v2\/pages\/4265\/revisions"}],"predecessor-version":[{"id":4986,"href":"https:\/\/www.optimal-banking.de\/news\/wp-json\/wp\/v2\/pages\/4265\/revisions\/4986"}],"wp:attachment":[{"href":"https:\/\/www.optimal-banking.de\/news\/wp-json\/wp\/v2\/media?parent=4265"}],"curies":[{"name":"wp","href":"https:\/\/api.w.org\/{rel}","templated":true}]}}