{"id":4293,"date":"2013-06-03T12:36:11","date_gmt":"2013-06-03T11:36:11","guid":{"rendered":"http:\/\/www.optimal-banking.de\/news\/?page_id=4293"},"modified":"2013-06-03T12:36:11","modified_gmt":"2013-06-03T11:36:11","slug":"netbank-erfahrung","status":"publish","type":"page","link":"https:\/\/www.optimal-banking.de\/news\/netbank-erfahrung\/","title":{"rendered":"Nutzen Sie meine netbank-Erfahrung f\u00fcr Ihre Entscheidung!"},"content":{"rendered":"<p><div style=\"width: 110px\" class=\"wp-caption alignright\"><img loading=\"lazy\" decoding=\"async\" src=\"\/x210\/gj-100.jpg\" width=\"100\" height=\"132\" class \/><p class=\"wp-caption-text\">Kunde seit 2005<\/p><\/div><br \/>\nEs ist immer wieder eine \u00dcberraschung, wie das Online-Banking aussieht, wenn man ein neues Konto er\u00f6ffnet. Damit es f\u00fcr Sie keine unangenehme \u00dcberraschung wird, zeige ich Ihnen anhand meines Kontos, wie das Online-Banking bei der netbank funktioniert.<\/p>\n<blockquote><p>Sieht das Online-Banking futuristisch aus?<\/p><\/blockquote>\n<p>So k\u00f6nnen Sie vor Kontobeantragung entscheiden, ob Ihnen das Handling der netbank zusagt.<\/p>\n<p>Hier geht es direkt auf die Internetseite der Bank &rArr; <span style=\"font-size:120%\"><a href=\"\/go.php?id=netbank_giro\" target=\"_blank\" rel=\"nofollow\"><b>www.netbank.de<\/b>\/nb\/girokonto<\/a><\/span>.<\/p>\n<h2>Erfahrungen bez\u00fcglich unterschiedlicher Nutzungen<\/h2>\n<h3>Zweitkonto<\/h3>\n<p>Wie Sie im Video erfahren, nutze ich das Konto bei der netbank heute nur noch als Zweitkonto. Das ist kein Problem, da es selbst bei Inaktivit\u00e4t keine Geb\u00fchren kostet.<\/p>\n<h3>Gesch\u00e4ftskonto<\/h3>\n<p>Zwischen 2005 und 2007 habe ich das Konto als Gesch\u00e4ftskonto (Einzelunternehmer im Nebenberuf) genutzt. Zwar bietet die Netbank offiziell keine Gesch\u00e4ftskonten an, aber wenn sich die Nutzung im \u201eunauff\u00e4lligen Rahmen\u201c bewegt, ist das netbank-Konto ein ganz hei\u00dfer Tipp f\u00fcr eine kostenlose L\u00f6sung. Ich habe damit sehr gute Erfahrungen gemacht.<\/p>\n<h3>Gehaltskonto<\/h3>\n<p>Dank Vielfalt und Qualit\u00e4t der angebotenen Leistungen kann man die netbank auch als Hausbank nutzen. Also seine Haupt-Girokontoverbindung dorthin verlagern. Alle erg\u00e4nzenden Bankprodukte sind bei der Bank zu haben: Dispokredit, Giro- und Kreditkarte, Tages- und Festgeldkonten sowie, wenn es sein muss, auch ein Konsumkredit.<\/p>\n<div style=\"float:right;margin-right:0px\">\n<div style=\"background-color:#FFF4EA;border:solid 1px #FFDCB9;padding:5px 15px;float:right;margin:0 0 1px 5px;width:255px\">\n<h5 style=\"margin-bottom:2px\">Navigation netbank<\/h5>\n<ul style=\"margin-bottom:2px;margin-top:0\">\n<li><a href=\"\/bank\/netbank.php\">\u00dcbersicht<\/a><\/li>\n<li><a href=\"\/bank\/netbank-konto.php\/\">Girokonto im Detail<\/a><\/li>\n<li><a href=\"\/bank\/netbank-bargeld-einzahlen.php\">Bargeld einzahlen<\/a><\/li>\n<li>Erfahrungsberichte:\n<ul>\n<li><a href=\"\/bank\/erfahrungsberichte-netbank-girokonto.php\">Girokonto<\/a><\/li>\n<li><a href=\"\/finanztest\/netbank-tagesgeld.php\">Tagesgeld<\/a><\/li>\n<li><a href=\"\/finanztest\/netbank-festgeld.php\">Festgeld<\/a><\/li>\n<li><a href=\"\/finanztest\/netbank-depot.php\">Depot<\/a><\/li>\n<\/ul>\n<\/li>\n<li><a href=\"\/news\/netbank-erfahrung\/\">Fragen stellen &hellip;<\/a><\/li>\n<\/ul><\/div>\n<\/div>\n<blockquote><p>Netbank kann als Hausbank genutzt werden.<\/p><\/blockquote>\n<p>Wer seinen Gehaltseingang auf die netbank umstellt, erh\u00e4lt ein paar Vorteile gegen\u00fcber Kunden, die das nicht tun. So sind die Giro- und die MasterCard dann generell kostenlos.<br \/>\nTipp &rArr; <a href=\"\/info\/gehaltskonto-selbst-gemacht.php\">Anleitung: Gehaltskonto zum selber machen<\/a>.<\/p>\n<h3>Karten zum Konto<\/h3>\n<p>Ohne Gehaltseingang kostet die Girocard ab dem zweiten Jahr 5 Euro j\u00e4hrlich. Man kann sie aber auch abbestellen, wenn man es als reines Online-Konto nutzen m\u00f6chte.<br \/>\nGenauso sieht es mit den Kreditkarten vom Typ MasterCard aus. Bei Gehaltseingang ist die MasterCard Classic im ersten Jahr kostenlos. Ohne Gehaltseingang kann man die Jahresgeb\u00fchr durch Kreditkartenums\u00e4tze erstattet bekommen. Eine Kreditkarte ist in jedem Fall optional.<br \/>\n<div id=\"attachment_3335\" style=\"width: 270px\" class=\"wp-caption alignright\"><img loading=\"lazy\" decoding=\"async\" aria-describedby=\"caption-attachment-3335\" src=\"https:\/\/www.optimal-banking.de\/news\/wp-content\/uploads\/sites\/2\/2013\/02\/fragezeichen.jpg\" alt=\"Nutzen Sie mein Angebot und stellen Sie Ihre Frage \u00fcber die Kommentarfunktion!\" width=\"260\" height=\"260\" class=\"size-full wp-image-3335\" srcset=\"https:\/\/www.optimal-banking.de\/news\/wp-content\/uploads\/sites\/2\/2013\/02\/fragezeichen.jpg 260w, https:\/\/www.optimal-banking.de\/news\/wp-content\/uploads\/sites\/2\/2013\/02\/fragezeichen-150x150.jpg 150w, https:\/\/www.optimal-banking.de\/news\/wp-content\/uploads\/sites\/2\/2013\/02\/fragezeichen-100x100.jpg 100w\" sizes=\"(max-width: 260px) 100vw, 260px\" \/><p id=\"caption-attachment-3335\" class=\"wp-caption-text\">Fragen bitte am Ende der Seite ins Kommentarfeld eintragen.<\/p><\/div><br \/>\nEs besteht die M\u00f6glichkeit, sich eine MasterCard \u201ePlatinum\u201c ausstellen zu lassen. Aus Erfahrung macht das meist nur Sinn, wenn man \u00f6fter verreist oder sich im Ausland aufh\u00e4lt.<\/p>\n<h2>Jetzt Fragen stellen &hellip;<\/h2>\n<p>Zu allen Details des netbank-Kontos k\u00f6nnen Sie mir am Ende der Seite (Kommentarfunktion) Fragen stellen. Ich beantworte Sie gerne und so schnell wie m\u00f6glich.<br \/>\nVielen Dank f\u00fcrs Nutzen von Optimal-Banking.<\/p>\n<div class=\"lb\"><a href=\"\/go.php?id=netbank_giro\" rel=\"nofollow\" target=\"_blank\">Zum netbank-Konto-Angebot &raquo;<\/a><\/div>\n<p><small>Bilder: netbank &#183; ioannis kounadeas<\/small><\/p>\n<div style='text-align:left' class='yasr-auto-insert-visitor'><\/div>","protected":false},"excerpt":{"rendered":"<p>Es ist immer wieder eine \u00dcberraschung, wie das Online-Banking aussieht, wenn man ein neues Konto er\u00f6ffnet. Damit es f\u00fcr Sie keine unangenehme \u00dcberraschung wird, zeige ich Ihnen anhand meines Kontos, wie das Online-Banking bei der netbank funktioniert. Sieht das Online-Banking &hellip; <a href=\"https:\/\/www.optimal-banking.de\/news\/netbank-erfahrung\/\">Weiterlesen <span class=\"meta-nav\">&rarr;<\/span><\/a><\/p>\n","protected":false},"author":2,"featured_media":0,"parent":0,"menu_order":0,"comment_status":"open","ping_status":"open","template":"","meta":{"yasr_overall_rating":0,"yasr_post_is_review":"","yasr_auto_insert_disabled":"","yasr_review_type":"","footnotes":""},"class_list":["post-4293","page","type-page","status-publish","hentry"],"aioseo_notices":[],"yasr_visitor_votes":{"stars_attributes":{"read_only":false,"span_bottom":false},"number_of_votes":3,"sum_votes":7},"_links":{"self":[{"href":"https:\/\/www.optimal-banking.de\/news\/wp-json\/wp\/v2\/pages\/4293"}],"collection":[{"href":"https:\/\/www.optimal-banking.de\/news\/wp-json\/wp\/v2\/pages"}],"about":[{"href":"https:\/\/www.optimal-banking.de\/news\/wp-json\/wp\/v2\/types\/page"}],"author":[{"embeddable":true,"href":"https:\/\/www.optimal-banking.de\/news\/wp-json\/wp\/v2\/users\/2"}],"replies":[{"embeddable":true,"href":"https:\/\/www.optimal-banking.de\/news\/wp-json\/wp\/v2\/comments?post=4293"}],"version-history":[{"count":0,"href":"https:\/\/www.optimal-banking.de\/news\/wp-json\/wp\/v2\/pages\/4293\/revisions"}],"wp:attachment":[{"href":"https:\/\/www.optimal-banking.de\/news\/wp-json\/wp\/v2\/media?parent=4293"}],"curies":[{"name":"wp","href":"https:\/\/api.w.org\/{rel}","templated":true}]}}