{"id":4369,"date":"2013-06-15T12:38:40","date_gmt":"2013-06-15T11:38:40","guid":{"rendered":"http:\/\/www.optimal-banking.de\/news\/?page_id=4369"},"modified":"2013-06-15T12:38:40","modified_gmt":"2013-06-15T11:38:40","slug":"visa-sparen","status":"publish","type":"page","link":"https:\/\/www.optimal-banking.de\/news\/visa-sparen\/","title":{"rendered":"So geht VISA-Sparen bei der DKB"},"content":{"rendered":"<p>In diesem Videoclip lernen Sie eine bisher weitgehend unbekannte, aber praktische Funktion der DKB kennen: das DKB Visa-Sparen. Je nach Ausgabeverhalten erm\u00f6glicht es Ihnen, super leicht Verm\u00f6gen aufzubauen.<\/p>\n<p><span class=\"gelb\">Direkt zur Bank und VISA-Sparen einrichten: <a href=\"\/go.php?id=dkb_giro_navi\" rel=\"nofollow\" target=\"_blank\"><b>www.dkb.de<\/b><\/a> &#x2714;<\/span><\/p>\n<h2>DKB bietet 3 Optionen an<\/h2>\n<ul>\n<li>Sie k\u00f6nnen regelm\u00e4\u00dfig einen festen Betrag vom Girokonto auf das VISA-Sparen umbuchen lassen. So funktioniert ein Dauerauftrag klassisch.<\/li>\n<li>Dar\u00fcber hinaus haben Sie die M\u00f6glichkeit, zu einem bestimmten Tag, beispielsweise genau der Tag vor dem neuen Gehaltseingang, das Restguthaben vom Girokonto komplett auf das Sparkonto (Visa Card) umbuchen zu lassen.<\/li>\n<li>Bei der dritten Variante k\u00f6nnen Sie festlegen, dass ein bestimmter Sockelbetrag auf dem Girokonto, beispielsweise f\u00fcr m\u00f6gliche Lastschriften, zur Sicherheit \u00fcbrig bleibt.<\/li>\n<\/ul>\n<div style=\"width: 650px\" class=\"wp-caption alignleft\"><img loading=\"lazy\" decoding=\"async\" src=\"\/x210\/dkb-visa-sparen.jpg\" width=\"640\" height=\"370\" alt=\"DKB Visa Sparen\" class \/><p class=\"wp-caption-text\">Den aktuellen Zinssatz f\u00fcrs DKB-VISA-Sparen k\u00f6nnen Sie <a href='\/bank\/dkb.php'>hier<\/a> nachlesen.<\/p><\/div>\n<h3>Sofort- und Termin\u00fcberweisung<\/h3>\n<p>Nat\u00fcrlich k\u00f6nnen Sie jeder Zeit Guthaben vom Girokonto auf die VISA Card \u00fcberweisen oder einen terminierten Zahlungsauftrag einrichten.<\/p>\n<h3>R\u00fcck\u00fcberweisung oder Barabhebung<\/h3>\n<p>Guthaben kann jederzeit von der VISA Card mittels einfacher Umbuchung sofort wieder auf das DKB-Girokonto zur\u00fcck\u00fcberwiesen werden. Ebenso m\u00f6glich ist die geb\u00fchrenfreie Abhebung am Bankautomat Ihrer Wahl. <a href=\"\/bank\/dkb-bargeld.php\">Mehr zum DKB-Bargeld hier<\/a>.<\/p>\n<blockquote><p>monatliche Zinsgutschrift<\/p><\/blockquote>\n<div style=\"float:right;margin-right:0px\">\n<div style=\"background-color:#FFF4EA;border:solid 1px #FFDCB9;padding:5px 7px;float:right;margin:0 0 1px 5px;width:200px\">\n<h5 style=\"margin-bottom:2px\">Navigation DKB<\/h5>\n<ul style=\"margin-bottom:2px;margin-top:0\">\n<li><a href=\"\/bank\/dkb-girokonto.php\">Girokonto<\/a><\/li>\n<li><a href=\"\/bank\/dkb-bargeld.php\">Bargeld kostenlos<\/a><\/li>\n<li><a href=\"\/bank\/dkb-2-kreditkarte.php\">2. Visa Card<\/a><\/li>\n<li><a href=\"\/bank\/dkb-dispo.php\">Dispo<\/a><\/li>\n<\/ul><\/div>\n<\/div>\n<p>Kreditzinsen \u2013 das betrifft, wenn Sie das Konto wie von uns empfohlen clever eingerichtet haben, die erste VISA Card \u2013 werden quartalsweise abgerechnet. Die Guthabenzinsen (2. DKB VISA Card) werden monatlich gutgeschrieben.<br \/>\nSo kann man einen kleinen Zinseszins-Effekt sehen, vielen Dank DKB!<\/p>\n<div style=\"margin-top:40px;margin-bottom:40px;min-width:400px\">\n<h3 class=\"lbo\">&#x201C;Jetzt VISA-Sparen einrichten&#x201D;<\/h3>\n<div class=\"lb-rand\">\n<p style=\"text-align:center;margin-top:10px\">&hellip; damit automatisch Verm\u00f6gen aufbauen<\/p>\n<div class=\"lb-link\"><a href=\"\/go.php?id=dkb_tagesgeld\" rel=\"nofollow\" target=\"_blank\">Hier geht&#x2019;s zur Bank &raquo;&nbsp;<\/a><\/div>\n<p style=\"text-align:center;margin-top:10px\"><a href=\"\/go.php?id=dkb_giro_navi\" rel=\"nofollow\" target=\"_blank\"><b>www.dkb.de<\/b>\/privatkunden\/dkb_cash<\/a><\/p>\n<\/div>\n<\/div>\n<h3>Sinn des DKB VISA-Sparens<\/h3>\n<p>Die clevere Idee hinter dieser Funktion ist, dass Geld, welches \u00fcbrig geblieben ist, sofort und automatisch auf ein separates, zinsbringendes Sparkonto umgebucht wird. So flie\u00dft es nicht in \u00fcberfl\u00fcssigen Konsum, sondern steht f\u00fcr den weiteren Verm\u00f6gensaufbau zur Verf\u00fcgung.<br \/>\n<div id=\"attachment_3335\" style=\"width: 270px\" class=\"wp-caption alignright\"><img loading=\"lazy\" decoding=\"async\" aria-describedby=\"caption-attachment-3335\" src=\"https:\/\/www.optimal-banking.de\/news\/wp-content\/uploads\/sites\/2\/2013\/02\/fragezeichen.jpg\" alt=\"Nutzen Sie mein Angebot und stellen Sie Ihre Frage \u00fcber die Kommentarfunktion!\" width=\"260\" height=\"260\" class=\"size-full wp-image-3335\" srcset=\"https:\/\/www.optimal-banking.de\/news\/wp-content\/uploads\/sites\/2\/2013\/02\/fragezeichen.jpg 260w, https:\/\/www.optimal-banking.de\/news\/wp-content\/uploads\/sites\/2\/2013\/02\/fragezeichen-150x150.jpg 150w, https:\/\/www.optimal-banking.de\/news\/wp-content\/uploads\/sites\/2\/2013\/02\/fragezeichen-100x100.jpg 100w\" sizes=\"(max-width: 260px) 100vw, 260px\" \/><p id=\"caption-attachment-3335\" class=\"wp-caption-text\">Stellen Sie mir Ihre Frage als Kommentar direkt unter dem Artikel. Gerne helfe ich mit meiner Erfahrung.<\/p><\/div><\/p>\n<h2>Tipp zum Verm\u00f6gensaufbau<\/h2>\n<p>Damit sich kontinuierlich und konsequent Ihr Verm\u00f6gen mehrt, ist es sinnvoll, einen Dauerauftrag terminiert auf den Tag des Gehaltseingangs einzurichten. So k\u00f6nnen Sie beispielsweise 10 Prozent Ihres Einkommens sofort sparen. Dieses Geld kann nicht mehr ausgegeben werden, da es nicht mehr zum Verbrauch zur Verf\u00fcgung steht.<br \/>\nEs wurde sozusagen auf Ihr pers\u00f6nliches \u201e<a href=\"\/news\/vermogensaufbau-mit-system\/\">Goldene-Gans-Konto<\/a>\u201c gerettet.<br \/>\nWeiterhin \u00fcbrig gebliebenes Geld lassen Sie automatisch mit den hier vorgestellten Funktionen des DKB-VISA-Sparens umbuchen.<br \/>\nMit diesem \u201edoppelten System\u201c, also feste monatliche Sparrate + Umbuchung eines Rests, bauen Sie im Turbogang Ihr Verm\u00f6gen auf.<\/p>\n<h3>Fragen?<\/h3>\n<p>Nutzen Sie das Kommentarfeld zum Fragen \u2013 gerne antworte ich und teile meine Erfahrung mit Ihnen.<br \/>\n<small>Bildmaterial: Unclesam und ioannis kounadeas (beide fotolia.com)<\/small><\/p>\n<div style='text-align:left' class='yasr-auto-insert-visitor'><\/div>","protected":false},"excerpt":{"rendered":"<p>In diesem Videoclip lernen Sie eine bisher weitgehend unbekannte, aber praktische Funktion der DKB kennen: das DKB Visa-Sparen. Je nach Ausgabeverhalten erm\u00f6glicht es Ihnen, super leicht Verm\u00f6gen aufzubauen. Direkt zur Bank und VISA-Sparen einrichten: www.dkb.de &#x2714; DKB bietet 3 Optionen &hellip; <a href=\"https:\/\/www.optimal-banking.de\/news\/visa-sparen\/\">Weiterlesen <span class=\"meta-nav\">&rarr;<\/span><\/a><\/p>\n","protected":false},"author":2,"featured_media":0,"parent":0,"menu_order":0,"comment_status":"open","ping_status":"closed","template":"","meta":{"yasr_overall_rating":0,"yasr_post_is_review":"","yasr_auto_insert_disabled":"","yasr_review_type":"","footnotes":""},"class_list":["post-4369","page","type-page","status-publish","hentry"],"aioseo_notices":[],"yasr_visitor_votes":{"stars_attributes":{"read_only":false,"span_bottom":false},"number_of_votes":4,"sum_votes":14},"_links":{"self":[{"href":"https:\/\/www.optimal-banking.de\/news\/wp-json\/wp\/v2\/pages\/4369"}],"collection":[{"href":"https:\/\/www.optimal-banking.de\/news\/wp-json\/wp\/v2\/pages"}],"about":[{"href":"https:\/\/www.optimal-banking.de\/news\/wp-json\/wp\/v2\/types\/page"}],"author":[{"embeddable":true,"href":"https:\/\/www.optimal-banking.de\/news\/wp-json\/wp\/v2\/users\/2"}],"replies":[{"embeddable":true,"href":"https:\/\/www.optimal-banking.de\/news\/wp-json\/wp\/v2\/comments?post=4369"}],"version-history":[{"count":0,"href":"https:\/\/www.optimal-banking.de\/news\/wp-json\/wp\/v2\/pages\/4369\/revisions"}],"wp:attachment":[{"href":"https:\/\/www.optimal-banking.de\/news\/wp-json\/wp\/v2\/media?parent=4369"}],"curies":[{"name":"wp","href":"https:\/\/api.w.org\/{rel}","templated":true}]}}