{"id":4401,"date":"2013-06-20T16:44:51","date_gmt":"2013-06-20T15:44:51","guid":{"rendered":"http:\/\/www.optimal-banking.de\/news\/?page_id=4401"},"modified":"2013-06-20T16:44:51","modified_gmt":"2013-06-20T15:44:51","slug":"festgeld-lettland-erfahrung","status":"publish","type":"page","link":"https:\/\/www.optimal-banking.de\/news\/festgeld-lettland-erfahrung\/","title":{"rendered":"Hochverzinstes Festgeld in Lettland \u25ba Meine Erfahrungen"},"content":{"rendered":"<p><div style=\"width: 270px\" class=\"wp-caption alignright\"><a href='\/go2.php?id=privatbank_festgeld' target='_blank' rel='nofollow'><img loading=\"lazy\" decoding=\"async\" src=\"\/x210\/privatbank-lettland-festgeld-260.jpg\" width=\"260\" height=\"204\" alt=\"Festgeld der AS Privatbank\" \/><\/a><p class=\"wp-caption-text\">Weitere Infos: <a href='\/go2.php?id=privatbank_festgeld' target='_blank' rel='nofollow'>www.privatbankdirect.eu\/geldanlage\/<\/a><\/p><\/div><br \/>\n<b>Monatliches Taschengeld aus Lettland<\/b><br \/>\n<em>&#8211; Erfahrungsbericht von Joachim M\u00fcller, 20.6.2013 &#8211;<\/em><br \/>\nNachdem der Tagesgeldzins in Deutschland unter 2&nbsp;% fiel, war f\u00fcr mich eine Schmerz&shy;grenze erreicht. Ich entschloss mich das konkurrenzlos verzinste Festgeld&shy;konto der AS PrivatBank aus Lettland abzuschlie\u00dfen.<\/p>\n<blockquote><p>Niedrigzinsphase in Deutschland l\u00e4sst Kapital reisen &hellip;<\/p><\/blockquote>\n<p>Mein Vertrauen in das lettische Bankensystem begr\u00fcndete sich in der Tatsache, dass Lettland ab 2014 den Euro einf\u00fchrt und daher sicher keine Bankenpleite riskieren wird.<\/p>\n<h2>Lettische Bank arbeitet auch mit PostIdent<\/h2>\n<p>Um das Festgeldkonto mit monatlicher Zinszahlung (&quot;Clever Plus&quot;) nutzen zu k\u00f6nnen, musste ich zun\u00e4chst ein Girokonto bei der PrivatBank er\u00f6ffnen. Das ging online und mittels <a href=\"\/info\/postident.php\">PostIdent<\/a>.<br \/>\nBinnen weniger Tage kam per Mail die Aufforderung, einen kleinen Betrag zur &quot;Aktivierung&quot; zu \u00fcberweisen. Nachdem ich online eine entsprechende SEPA-\u00dcberweisung t\u00e4tigte, erhielt ich per Post das &quot;LoginPasswort&quot; und &quot;SignPasswort&quot; (eine Art Unterschriftspasswort).<br \/>\nDanach musste ich zwecks endg\u00fcltiger Freischaltung bei der Bank anrufen. Das klappte reibungslos.<\/p>\n<h2>Tipps zum Anlegen des Festgeldkontos<\/h2>\n<p>Die Anlage des Festgeldkontos musste ich anschlie\u00dfend selbst\u00e4ndig im Onlinebanking t\u00e4tigen. Da tat sich eine erste &quot;Falle&quot; auf: Es gen\u00fcgt n\u00e4mlich nicht, die ausgef\u00fcllte Auftragsmaske nur zu &quot;Speichern&quot;, sondern man muss sie auch &quot;Senden&quot;.<br \/>\nF\u00fcr Betr\u00e4ge bis 2800 EUR reicht daf\u00fcr das &quot;Sign Passwort&quot;, f\u00fcr h\u00f6here Betr\u00e4ge muss man sich eine mobile TAN zuschicken lassen.<br \/>\nNachdem auch diese H\u00fcrde genommen war, wollte ich nach 30 Tagen meine ersten Zinsertr\u00e4ge kassieren. Doch der \u00dcbertrag der Zinsen vom Festgeldkonto aufs <a href=\"\/info\/girokonto.php\">Girokonto<\/a> war erst mal nicht ohne weiteres m\u00f6glich.<\/p>\n<blockquote><p>Bitte beachten Sie meine Tipps.<\/p><\/blockquote>\n<p>Die Hotline riet mir, im Onlinebanking eine &quot;Mitteilung an die Bank&quot; zu verfassen. Tats\u00e4chlich waren die Zinsen am n\u00e4chsten Tag auf mein lettisches Girokonto umgebucht worden.<br \/>\nNun wollte ich das Geld nat\u00fcrlich auch per SEPA auf mein deutsches Konto transferieren. Unerwartet lehnte die Bank die \u00dcberweisung ab. Mein Fehler: Ich hatte keinen Sockelbetrag f\u00fcr die \u00dcberweisungsgeb\u00fchren (1,50 EUR) auf dem Girokonto stehen lassen.<br \/>\nIm zweiten Anlauf klappte die \u00dcberweisung nach Deutschland dann von heute auf morgen.<br \/>\n<b>Hier ein weiterer wichtiger Hinweis<\/b>: Bei R\u00fcck\u00fcberweisungen (&quot;Auslands\u00fcberweisungen&quot;) muss unbedingt die Geb\u00fchrenart &quot;SHA&quot; angeklickt werden, anderenfalls k\u00f6nnen bis zu 30 EUR Geb\u00fchren anfallen.<\/p>\n<h2>Fazit: Etwas umst\u00e4ndlich, aber der Zins zahlt sich aus<\/h2>\n<p>Die Kontof\u00fchrung ist zwar viel umst\u00e4ndlicher als in Deutschland, aber am Ende z\u00e4hlt der Zins, und der ist mir den Aufwand wert.<\/p>\n<div style=\"margin-top:40px;margin-bottom:40px;min-width:400px\">\n<h3 class=\"lbo\">&#x201C;Konditionen jetzt ansehen&#x201D;<\/h3>\n<div class=\"lb-rand\">\n<p style=\"text-align:center;margin-top:10px\">&hellip; ein Teil in Lettland anlegen?<\/p>\n<div class=\"lb-link\"><a href=\"\/go2.php?id=privatbank_festgeld\" rel=\"nofollow\" target=\"_blank\">Hier geht&#x2019;s zur Bank &raquo;&nbsp;<\/a><\/div>\n<p style=\"text-align:center;margin-top:10px\"><a href=\"\/go2.php?id=privatbank_festgeld\" rel=\"nofollow\" target=\"_blank\"><b>www.privatbankdirect.eu<\/b>\/geldanlage\/<\/a><\/p>\n<\/div>\n<\/div>\n<h4>\u00c4hnliche Themen<\/h4>\n<ul>\n<li><a href=\"\/bank\/gefa.php\">GEFA Bank<\/a> &ndash; Zinsen made in Germany<\/li>\n<li><a href=\"\/bank\/privatbank-lettland.php\">AS Privatbank Lettland<\/a> &ndash; grunds\u00e4tzliche Informationen<\/li>\n<\/ul>\n<div style='text-align:left' class='yasr-auto-insert-visitor'><\/div>","protected":false},"excerpt":{"rendered":"<p>Monatliches Taschengeld aus Lettland &#8211; Erfahrungsbericht von Joachim M\u00fcller, 20.6.2013 &#8211; Nachdem der Tagesgeldzins in Deutschland unter 2&nbsp;% fiel, war f\u00fcr mich eine Schmerz&shy;grenze erreicht. Ich entschloss mich das konkurrenzlos verzinste Festgeld&shy;konto der AS PrivatBank aus Lettland abzuschlie\u00dfen. Niedrigzinsphase in &hellip; <a href=\"https:\/\/www.optimal-banking.de\/news\/festgeld-lettland-erfahrung\/\">Weiterlesen <span class=\"meta-nav\">&rarr;<\/span><\/a><\/p>\n","protected":false},"author":5,"featured_media":0,"parent":0,"menu_order":0,"comment_status":"open","ping_status":"open","template":"","meta":{"yasr_overall_rating":0,"yasr_post_is_review":"","yasr_auto_insert_disabled":"","yasr_review_type":"","footnotes":""},"class_list":["post-4401","page","type-page","status-publish","hentry"],"aioseo_notices":[],"yasr_visitor_votes":{"stars_attributes":{"read_only":false,"span_bottom":false},"number_of_votes":0,"sum_votes":0},"_links":{"self":[{"href":"https:\/\/www.optimal-banking.de\/news\/wp-json\/wp\/v2\/pages\/4401"}],"collection":[{"href":"https:\/\/www.optimal-banking.de\/news\/wp-json\/wp\/v2\/pages"}],"about":[{"href":"https:\/\/www.optimal-banking.de\/news\/wp-json\/wp\/v2\/types\/page"}],"author":[{"embeddable":true,"href":"https:\/\/www.optimal-banking.de\/news\/wp-json\/wp\/v2\/users\/5"}],"replies":[{"embeddable":true,"href":"https:\/\/www.optimal-banking.de\/news\/wp-json\/wp\/v2\/comments?post=4401"}],"version-history":[{"count":0,"href":"https:\/\/www.optimal-banking.de\/news\/wp-json\/wp\/v2\/pages\/4401\/revisions"}],"wp:attachment":[{"href":"https:\/\/www.optimal-banking.de\/news\/wp-json\/wp\/v2\/media?parent=4401"}],"curies":[{"name":"wp","href":"https:\/\/api.w.org\/{rel}","templated":true}]}}