{"id":4483,"date":"2013-06-25T16:10:41","date_gmt":"2013-06-25T15:10:41","guid":{"rendered":"http:\/\/www.optimal-banking.de\/news\/?page_id=4483"},"modified":"2013-06-25T16:10:41","modified_gmt":"2013-06-25T15:10:41","slug":"erfahrung-renault-tagesgeld-direkt","status":"publish","type":"page","link":"https:\/\/www.optimal-banking.de\/news\/erfahrung-renault-tagesgeld-direkt\/","title":{"rendered":"Renault Tagesgeld \u279c Erst mit Zins, dann mit Service \u00fcberzeugt"},"content":{"rendered":"<p><div id=\"attachment_3975\" style=\"width: 270px\" class=\"wp-caption alignright\"><img loading=\"lazy\" decoding=\"async\" aria-describedby=\"caption-attachment-3975\" src=\"https:\/\/www.optimal-banking.de\/news\/wp-content\/uploads\/sites\/2\/2013\/05\/autorin-petra-niedung.jpg\" alt=\"Autorin und Bankkunden Petra Niedung\" width=\"260\" height=\"347\" class=\"size-full wp-image-3975\" srcset=\"https:\/\/www.optimal-banking.de\/news\/wp-content\/uploads\/sites\/2\/2013\/05\/autorin-petra-niedung.jpg 260w, https:\/\/www.optimal-banking.de\/news\/wp-content\/uploads\/sites\/2\/2013\/05\/autorin-petra-niedung-225x300.jpg 225w\" sizes=\"(max-width: 260px) 100vw, 260px\" \/><p id=\"caption-attachment-3975\" class=\"wp-caption-text\">Autorin und Bankkundin Petra Niedung<\/p><\/div><br \/>\n<b>Klar positives Statement zur Renault Bank direkt<\/b><br \/>\n<em>&#8211; ein Erfahrungsbericht von Petra Niedung, 24.6.2013 &#8211;<\/em><br \/>\nLeider wird es vom Zinsniveau nicht besser. Mein bislang bestehender &quot;Lichtblick&quot; mit 1,65% p.a. bei der Renault Bank direkt &quot;verdunkelt&quot; sich: Die Bank wird die Zinsen ebenfalls senken und sich dem allgemeinen Trend anpassen.<br \/>\n<a href=\"\/news\/renault-tagesgeldkonto\/\"><img loading=\"lazy\" decoding=\"async\" src=\"\/x210\/renault-bank-direkt-100.jpg\" width=\"100\" height=\"40\" alt=\"Renault Bank Direkt\" class=\"alignleft\" \/><\/a><\/p>\n<h3>Als Bestandskundin kurzfristig h\u00f6here Zinsen<\/h3>\n<p>Gut jedoch, dass ich bereits ein wenig fr\u00fcher bei dieser Bank Kundin geworden bin und so noch einen Zinssatz von 1,85% p.a. erhalte.<br \/>\nOb das letzten Endes ausreicht, den Kaufkraftschwund durch die Inflation auszugleichen, sei einmal in Frage gestellt.<\/p>\n<blockquote><p>Zinseinnahmen schwinden, Einlagen sind aber garantiert!<\/p><\/blockquote>\n<p>Altersvorsorge und Zinseink\u00fcnfte brechen ein und selbst gute Sparer k\u00f6nnen ihre Zinseink\u00fcnfte wohl immer weniger f\u00fcr das Bestreiten des Lebensunterhalts nutzen.<br \/>\nDennoch aber bleibe ich beim Tagesgeld, denn hier gibt es zwar derzeit nur recht knappe Zinsen, aber eben diese auch mit Garantie.<\/p>\n<h3>Franz\u00f6sisches Sicherungssystem f\u00fcr deutsche Einlagen<\/h3>\n<p>Dar\u00fcber hinaus besteht auch bei der Renault Bank direkt die EU-weite Einlagensicherung von 100.000 Euro pro Sparer, wenn auch hier aus franz\u00f6sischer Hand.<br \/>\nDas sollte jedoch nicht weiter beunruhigen: Frankreich ist schlie\u00dflich f\u00fcr Anleger ein sicheres Pflaster.<\/p>\n<h2>So l\u00e4uft die Kontoer\u00f6ffnung bei der Renault ab<\/h2>\n<p>Sehr positiv kann von meiner Seite aus zun\u00e4chst einmal der Kontoer\u00f6ffnungsprozess bewertet werden. Das Formular wird ausgef\u00fcllt und nat\u00fcrlich wieder mittels eines <a href=\"\/info\/postident.php\">Post-Idents<\/a> an die Deutsche Post adressiert, die dann von der Filiale aus die Weitersendung t\u00e4tigt.<br \/>\nDa die Renault Bank direkt auch dem Namen nach keine Filialen oder Niederlassungen unterh\u00e4lt, ist dies auch die einzige M\u00f6glichkeit zur Kontoer\u00f6ffnung.<\/p>\n<h3>Zugangsdaten per E-Mail und SMS<\/h3>\n<p>Die Zugangsdaten gibt es dann geschwind per eMail. Eine zuerst eingesetzte PIN als Passwort muss mittels TAN aufs Handy ge\u00e4ndert werden.<br \/>\nDanach ist man startklar und kann das Girokonto &quot;pl\u00fcndern&quot;. Oder eben ein anderes Tagesgeldkonto. Durch die weiter sinkenden Zinsen bin ich mir sicher, dass auch der Service eine gr\u00f6\u00dfere Rolle im Unterschied und als Wettbewerbsvorteil gelten kann.<\/p>\n<blockquote><p>Renault Direkt bietet einen guten Service.<\/p><\/blockquote>\n<p>Dieser ist bei der Renault Bank direkt sehr gut, da ich bislang immer recht schnell bedient wurde. Ewige Wartezeiten, wie bei der Mercedes Benz Bank erlebt, d\u00fcrfte man hier nicht erfahren.<\/p>\n<h2>Abschlie\u00dfende Bewertung des Tagesgeldangebots<\/h2>\n<p>Abschlie\u00dfend daher ein klar positives Statement zur Bank: Einfaches Online-Banking, schlanke Verwaltung und wenig Formalit\u00e4ten. So w\u00fcnscht man sich das Tagesgeld.<br \/>\nHoffen wir nun als &quot;gl\u00e4ubige&quot; Tagesgeldanleger, dass wir noch einmal steigende Zinsen erleben werden.<br \/>\n<b>&rArr; <a href=\"\/erfahrungen\/renault-direkt-tagesgeld.php\">Weitere Erfahrungen zum Renault-Tagesgeld hier lesen<\/a><\/b>.<\/p>\n<h4>Verwandte Themen<\/h4>\n<ul>\n<li><a href=\"\/bank\/erfahrungsberichte-dab-tagesgeld.php\">DAB Tagesgeldkonte (Erfahrungsberichte)<\/a><\/li>\n<li><a href=\"\/bank\/amex-platinum-auskunft.php\">AMEX Platinum getestet<\/a><\/li>\n<li><a href=\"\/news\/festgeld-lettland-erfahrung\/\">Erfahrung zum Festgeld der AS Privatbank<\/a><\/li>\n<\/ul>\n<p><small>Bildmaterial: Petra Niedung &#183; Renault Bank Direkt<\/small><\/p>\n<div style='text-align:left' class='yasr-auto-insert-visitor'><\/div>","protected":false},"excerpt":{"rendered":"<p>Klar positives Statement zur Renault Bank direkt &#8211; ein Erfahrungsbericht von Petra Niedung, 24.6.2013 &#8211; Leider wird es vom Zinsniveau nicht besser. Mein bislang bestehender &quot;Lichtblick&quot; mit 1,65% p.a. bei der Renault Bank direkt &quot;verdunkelt&quot; sich: Die Bank wird die &hellip; <a href=\"https:\/\/www.optimal-banking.de\/news\/erfahrung-renault-tagesgeld-direkt\/\">Weiterlesen <span class=\"meta-nav\">&rarr;<\/span><\/a><\/p>\n","protected":false},"author":5,"featured_media":0,"parent":0,"menu_order":0,"comment_status":"open","ping_status":"closed","template":"","meta":{"yasr_overall_rating":0,"yasr_post_is_review":"","yasr_auto_insert_disabled":"","yasr_review_type":"","footnotes":""},"class_list":["post-4483","page","type-page","status-publish","hentry"],"aioseo_notices":[],"yasr_visitor_votes":{"stars_attributes":{"read_only":false,"span_bottom":false},"number_of_votes":0,"sum_votes":0},"_links":{"self":[{"href":"https:\/\/www.optimal-banking.de\/news\/wp-json\/wp\/v2\/pages\/4483"}],"collection":[{"href":"https:\/\/www.optimal-banking.de\/news\/wp-json\/wp\/v2\/pages"}],"about":[{"href":"https:\/\/www.optimal-banking.de\/news\/wp-json\/wp\/v2\/types\/page"}],"author":[{"embeddable":true,"href":"https:\/\/www.optimal-banking.de\/news\/wp-json\/wp\/v2\/users\/5"}],"replies":[{"embeddable":true,"href":"https:\/\/www.optimal-banking.de\/news\/wp-json\/wp\/v2\/comments?post=4483"}],"version-history":[{"count":0,"href":"https:\/\/www.optimal-banking.de\/news\/wp-json\/wp\/v2\/pages\/4483\/revisions"}],"wp:attachment":[{"href":"https:\/\/www.optimal-banking.de\/news\/wp-json\/wp\/v2\/media?parent=4483"}],"curies":[{"name":"wp","href":"https:\/\/api.w.org\/{rel}","templated":true}]}}