{"id":4527,"date":"2013-07-03T07:39:09","date_gmt":"2013-07-03T06:39:09","guid":{"rendered":"http:\/\/www.optimal-banking.de\/news\/?page_id=4527"},"modified":"2013-07-03T07:39:09","modified_gmt":"2013-07-03T06:39:09","slug":"barclay-tagesgeld-erfahrung","status":"publish","type":"page","link":"https:\/\/www.optimal-banking.de\/news\/barclay-tagesgeld-erfahrung\/","title":{"rendered":"Barclay-Tagesgeld ist besser als eine deutsche Bank, meine Erfahrung!"},"content":{"rendered":"<p><div id=\"attachment_3975\" style=\"width: 270px\" class=\"wp-caption alignright\"><img loading=\"lazy\" decoding=\"async\" aria-describedby=\"caption-attachment-3975\" src=\"https:\/\/www.optimal-banking.de\/news\/wp-content\/uploads\/sites\/2\/2013\/05\/autorin-petra-niedung.jpg\" alt=\"Autorin und Bankkunden Petra Niedung\" width=\"260\" height=\"347\" class=\"size-full wp-image-3975\" srcset=\"https:\/\/www.optimal-banking.de\/news\/wp-content\/uploads\/sites\/2\/2013\/05\/autorin-petra-niedung.jpg 260w, https:\/\/www.optimal-banking.de\/news\/wp-content\/uploads\/sites\/2\/2013\/05\/autorin-petra-niedung-225x300.jpg 225w\" sizes=\"(max-width: 260px) 100vw, 260px\" \/><p id=\"caption-attachment-3975\" class=\"wp-caption-text\">Autorin und Bankkundin Petra Niedung<\/p><\/div><br \/>\n<b>Die Barclays Bank immer ein bisschen voraus<\/b><br \/>\n<em>&#8211; Erfahrungsbericht von Petra Niedung, 3.7.2013 &#8211;<\/em><br \/>\nDie Barclays Bank kannte ich zuerst nur von der Kreditkarte <a href=\"\/bank\/barclaycard-test.php\">New Visa<\/a> her.<br \/>\nVor einiger Zeit ist die Barclays Bank ebenfalls in die &quot;Tagesgeldlandschaft&quot; eingestiegen; zun\u00e4chst wartete ich jedoch ab, wie sich das Gesch\u00e4ft entwickelte.<br \/>\n<a href=\"\/bank\/barclays-tagesgeld.php\"><img loading=\"lazy\" decoding=\"async\" src=\"\/x210\/barclays-100.jpg\" width=\"100\" height=\"17\" alt=\"Barclays\" class=\"alignleft\" \/><\/a><\/p>\n<h3>TG-Zinssatz an EZB gekoppelt<\/h3>\n<p>Da die Bank in Stufen in den Markt eintrat und die Zinsaufschl\u00e4ge auf den EZB-Satz dann aber auch allm\u00e4hlich senkte, musste ich mich zwar selbst \u00fcber mein Z\u00f6gern \u00e4rgern.<br \/>\nDennoch bin ich heute immer noch recht zufrieden \u00fcber mein Konto bei der Barclays Bank. Mich haben hierbei zun\u00e4chst einige Faktoren \u00fcberzeugt, die das Konto als Funktionen erm\u00f6glicht.<\/p>\n<h2>So ging meine Kontoer\u00f6ffnung<\/h2>\n<p>Das Tagesgeldkonto selbst habe ich abgeschlossen, wie weitere Tagesgeldkonten auch, n\u00e4mlich mit der Er\u00f6ffnung \u00fcber das Internet mit der entsprechenden Legitimation bei der Deutschen Post AG namens <a href=\"\/info\/postident.php\">Post Ident<\/a>. Ich habe auch noch kein Konto erlebt, wo ich das nicht machen musste.<br \/>\nDann ging alles recht flink: Die Zugangsdaten kamen und mein Tagesgeldkonto bei der Barclays Bank war startklar. Ich \u00fcberwies hierzu die erste Einlage auf das Konto und war dann einmal neugierig auf die Kontenverwaltung. Diese finde ich bei der Barclays Bank sehr positiv.<\/p>\n<h2>Konto-Login und Funktionen<\/h2>\n<p>Nach dem &quot;Login&quot; erhalte ich alle wichtigen Hinweise auf mein Konto. Die Rufnummer des Kundenservices ist direkt auch sichtbar, wenn ich Hilfe ben\u00f6tigen sollte. Ein automatischer Z\u00e4hler loggt mich bei Bedarf aus.<\/p>\n<blockquote><p>Die Bankleitzahl muss nicht gesucht werden.<\/p><\/blockquote>\n<p>Wichtige Dinge allerdings macht die Bank richtiger als andere Banken. Etwa die Anzeige der Bankleitzahl im &quot;Login&quot; &ndash; wie oft habe ich diese bereits bei anderen Banken zeitaufw\u00e4ndig suchen m\u00fcssen.<br \/>\nEingehende wie ausgehende <strong>\u00dcberweisungen<\/strong> gehen flott; der Kontostand wird mir sofort angezeigt wie &ndash; auch leider reichlich selten &ndash; der <strong>aktuelle Zinssatz<\/strong> meines Guthabens und der bereits <strong>erzielte Zinsertrag<\/strong>. All das sind Vorz\u00fcge, die mir andere Banken nicht bieten.<br \/>\nDie Postbox ist auch hier elektronisch; ab und zu erhalte ich dann eine eMail \u00fcber neue <strong>Kontoausz\u00fcge<\/strong>. Einmal draufgeklickt gilt dieser als gelesen.<br \/>\nDie Buchung von Ums\u00e4tzen erfolgt \u00fcber das <a href=\"\/news\/tan-verfahren\/\">TAN-Verfahren<\/a> unter Einbeziehung des Mobiltelefons und ist daher auch recht schnell.<\/p>\n<h3>Festgeldkonten k\u00f6nnen vom Kunden individuell angelegt werden<\/h3>\n<p><a href=\"\/bank\/barclays-festgeld.php\">Festgeldkonten<\/a> werden auch \u00fcber das Interface beantragt. Alles auf einen Blick &ndash; das scheint das Motto der Technik der Barclays Bank gewesen zu sein und ich bin daher sehr zufrieden.<br \/>\nDa ich bereits seit einiger Zeit Kunde bei der Barclays Bank bin, ist mein Zinssatz auch etwas besser, der f\u00fcr 3 Jahre garantiert wird (der Zinsaufschlag also).<br \/>\nIch kann daher das Tagesgeldkonto der Barclays Bank absolut empfehlen. In manchen Dingen scheinen uns britische Banken voraus zu sein. Hoffen wir, dass auch Banken aus Deutschland solche Visionen bekommen und ihre Online-Bereiche \u00e4hnlich wie die Barclays Bank \u00fcberarbeiten.<br \/>\n<b>&rArr; <a href=\"\/erfahrungen\/barclays-tagesgeldkonto.php\">Weitere Erfahrungen zum Barclay-Tagesgeld hier lesen<\/a><\/b>.<\/p>\n<h4>Verwandte Themen<\/h4>\n<ul>\n<li><a href=\"\/bank\/pbb-tagesgeld.php\">Pbb direkt Tagesgeld<\/a><\/li>\n<li><a href=\"\/news\/erfahrung-renault-tagesgeld-direkt\/\">Renault Tagesgeld \u279c Erst mit Zins, dann mit Service \u00fcberzeugt<\/a><\/li>\n<li><a href=\"\/news\/ratenkredit-ing-diba-erfahrung\/\">Ersparnisse aufl\u00f6sen oder Ratenkredit der ING-DiBa<\/a><\/li>\n<\/ul>\n<p><span class=\"gelb\" style=\"font-size:200%\">PS:<\/span> Gerne k\u00f6nnen Sie Ihre Erfahrungen als Kommentar posten!<br \/>\n<small>Bildmaterial: Petra Niedung &#183; Barclays Bank<\/small><\/p>\n<div style='text-align:left' class='yasr-auto-insert-visitor'><\/div>","protected":false},"excerpt":{"rendered":"<p>Die Barclays Bank immer ein bisschen voraus &#8211; Erfahrungsbericht von Petra Niedung, 3.7.2013 &#8211; Die Barclays Bank kannte ich zuerst nur von der Kreditkarte New Visa her. Vor einiger Zeit ist die Barclays Bank ebenfalls in die &quot;Tagesgeldlandschaft&quot; eingestiegen; zun\u00e4chst &hellip; <a href=\"https:\/\/www.optimal-banking.de\/news\/barclay-tagesgeld-erfahrung\/\">Weiterlesen <span class=\"meta-nav\">&rarr;<\/span><\/a><\/p>\n","protected":false},"author":4,"featured_media":0,"parent":0,"menu_order":0,"comment_status":"open","ping_status":"open","template":"","meta":{"yasr_overall_rating":0,"yasr_post_is_review":"","yasr_auto_insert_disabled":"","yasr_review_type":"","footnotes":""},"class_list":["post-4527","page","type-page","status-publish","hentry"],"aioseo_notices":[],"yasr_visitor_votes":{"stars_attributes":{"read_only":false,"span_bottom":false},"number_of_votes":0,"sum_votes":0},"_links":{"self":[{"href":"https:\/\/www.optimal-banking.de\/news\/wp-json\/wp\/v2\/pages\/4527"}],"collection":[{"href":"https:\/\/www.optimal-banking.de\/news\/wp-json\/wp\/v2\/pages"}],"about":[{"href":"https:\/\/www.optimal-banking.de\/news\/wp-json\/wp\/v2\/types\/page"}],"author":[{"embeddable":true,"href":"https:\/\/www.optimal-banking.de\/news\/wp-json\/wp\/v2\/users\/4"}],"replies":[{"embeddable":true,"href":"https:\/\/www.optimal-banking.de\/news\/wp-json\/wp\/v2\/comments?post=4527"}],"version-history":[{"count":0,"href":"https:\/\/www.optimal-banking.de\/news\/wp-json\/wp\/v2\/pages\/4527\/revisions"}],"wp:attachment":[{"href":"https:\/\/www.optimal-banking.de\/news\/wp-json\/wp\/v2\/media?parent=4527"}],"curies":[{"name":"wp","href":"https:\/\/api.w.org\/{rel}","templated":true}]}}