{"id":4609,"date":"2013-07-24T15:19:42","date_gmt":"2013-07-24T14:19:42","guid":{"rendered":"http:\/\/www.optimal-banking.de\/news\/?page_id=4609"},"modified":"2013-07-24T15:19:42","modified_gmt":"2013-07-24T14:19:42","slug":"dab-aktion-depotuebertrag","status":"publish","type":"page","link":"https:\/\/www.optimal-banking.de\/news\/dab-aktion-depotuebertrag\/","title":{"rendered":"3,5 % Zinsen aufs Tagesgeld bei Depot\u00fcbertrag"},"content":{"rendered":"<p><div style=\"width: 410px\" class=\"wp-caption alignright\"><img loading=\"lazy\" decoding=\"async\" src=\"\/x210\/dab-bank-aktion-depot-400.jpg\" width=\"400\" height=\"124\" alt=\"DAB Bank Aktion\" class \/><p class=\"wp-caption-text\">Im Erfahrungsbericht beschriebene Aktion der DAB Bank: <a href='\/go.php?id=dab_depot' target='_blank' rel='nofollow'>www.dab-bank.de<\/a><\/p><\/div><br \/>\n<em>&#8211; Erfahrungsbericht von Jochen Dr\u00f6\u00dfiger, 24.7.2013 &#8211;<\/em><br \/>\nWer heute dem Niedrigzins ein Schnippchen schlagen m\u00f6chte und sich dort ein Plus auf die Einlage w\u00fcnscht, hat derzeit wunderbare M\u00f6glichkeiten mit Wertpapieren.<br \/>\nHierbei \u00fcbertr\u00e4gt der Anleger mindestens 5.000 Euro und kann sich bei der DAB Bank aktuell ganze 3,5&nbsp;%&nbsp;p.a. Tagesgeldzinsen f\u00fcr sichern. Ein Zinssatz von dem man ohne solche M\u00f6glichkeiten wohl nur noch tr\u00e4umen kann.<\/p>\n<blockquote><p>Ich nutze h\u00e4ufige Aktionsangebote.<\/p><\/blockquote>\n<p>Maximal begrenzt ist jedoch dort dann die Anlagesumme auf 25.000 Euro, die im Tagesgeld angelegt wird. So verfahre ich h\u00e4ufiger und Banken wie Cortal Consors oder Targobank bieten auch manchmal solche Aktionen an.<br \/>\nAktuell ist es die DAB Bank, die neben dem hervorragenden Zins auch noch einen sehr guten Service anbietet.<\/p>\n<h3>Meine Erfahrung mit der DAB-Aktion<\/h3>\n<p>Kontoer\u00f6ffnung geht sehr schnell und die Mitarbeiter sind kompetent. Der \u00dcbertragungs- und Schlie\u00dfungsauftrag f\u00fcr das Altdepot funktioniert zuverl\u00e4ssig und die Wertpapiere werden dann entsprechend auf meinem neuen Depot eingebucht.<br \/>\nDas einzige was ich dann noch machen muss, ist die rechtzeitige Einzahlung meines Tagesgeldes, damit ich dann auch entsprechend z\u00fcgig vom Superzinssatz profitieren kann. Denn ansonsten ist das Depot nat\u00fcrlich auch sehr komfortabel, da ich an den Wertpapieren jedoch relativ wenig &quot;herumwerkele&quot;, bringt mir der Zinssatz nat\u00fcrlich den meisten Nutzen an der gesamten Aktion.<\/p>\n<h3>Auch wenn Sie (noch) keine Wertpapiere haben &hellip;<\/h3>\n<p>Wer nun \u00fcbrigens flucht, dass die Aktion nur Wertpapierbesitzer betrifft, kann ich nur ermutigen: Werden Sie doch einer. Die Aktion ist n\u00e4mlich in den Bedingungen auch ausdr\u00fccklich f\u00fcr Leute ausgerichtet, die den Aufbau eines Depotsaldos betreiben, etwa mit Fonds oder Aktien &ndash; auch hier werden mindestens 5.000 Euro als Depotwert genannt.<br \/>\nDaher ist die Aktion f\u00fcr alle geeignet, die ein wenig mehr Zinsen erhalten m\u00f6chten, trotz der aktuellen Zinsflaute.<br \/>\nZus\u00e4tzlich lassen sich mit vorhandenen Wertpapieren weitere Renditen dadurch erzielen. Und das DAB Konto funktioniert dar\u00fcber hinaus auch prima, zwei Fliegen mit einer Klappe also.<br \/>\nMein Rat: \u00dcberlegen Sie sich gut, ob Sie solche Aktionen nicht nutzen wollen. Wenn die Zinsen sinken, lohnt es sich, weitere Optionen zu pr\u00fcfen, denn schlie\u00dflich ist es ihr Geld!<\/p>\n<div class=\"lb\"><a href=\"\/go.php?id=dab_depot\" rel=\"nofollow\" target=\"_blank\">Aktion ansehen &raquo;<\/a><\/div>\n<ul>\n<li><a href=\"\/bank\/erfahrungsberichte-dab-tagesgeld.php\">weitere Erfahrungen zur Kombination Tagesgeld-Depot der DAB Bank<\/a><\/li>\n<\/ul>\n<h4>Verwandte Themen<\/h4>\n<ul>\n<li><a href=\"\/bank\/erfahrungsberichte-frankfurter-fondsbank-depot.php\">Frankfurter Fondsbank (Erfahrungsberichte)<\/a><\/li>\n<li><a href=\"\/bank\/fondsvermittlung24.php\">Erfahrungen mit fondsvermittlung24.de<\/a><\/li>\n<\/ul>\n<div style='text-align:left' class='yasr-auto-insert-visitor'><\/div>","protected":false},"excerpt":{"rendered":"<p>&#8211; Erfahrungsbericht von Jochen Dr\u00f6\u00dfiger, 24.7.2013 &#8211; Wer heute dem Niedrigzins ein Schnippchen schlagen m\u00f6chte und sich dort ein Plus auf die Einlage w\u00fcnscht, hat derzeit wunderbare M\u00f6glichkeiten mit Wertpapieren. Hierbei \u00fcbertr\u00e4gt der Anleger mindestens 5.000 Euro und kann sich &hellip; <a href=\"https:\/\/www.optimal-banking.de\/news\/dab-aktion-depotuebertrag\/\">Weiterlesen <span class=\"meta-nav\">&rarr;<\/span><\/a><\/p>\n","protected":false},"author":4,"featured_media":0,"parent":0,"menu_order":0,"comment_status":"open","ping_status":"closed","template":"","meta":{"yasr_overall_rating":0,"yasr_post_is_review":"","yasr_auto_insert_disabled":"","yasr_review_type":"","footnotes":""},"class_list":["post-4609","page","type-page","status-publish","hentry"],"aioseo_notices":[],"yasr_visitor_votes":{"stars_attributes":{"read_only":false,"span_bottom":false},"number_of_votes":0,"sum_votes":0},"_links":{"self":[{"href":"https:\/\/www.optimal-banking.de\/news\/wp-json\/wp\/v2\/pages\/4609"}],"collection":[{"href":"https:\/\/www.optimal-banking.de\/news\/wp-json\/wp\/v2\/pages"}],"about":[{"href":"https:\/\/www.optimal-banking.de\/news\/wp-json\/wp\/v2\/types\/page"}],"author":[{"embeddable":true,"href":"https:\/\/www.optimal-banking.de\/news\/wp-json\/wp\/v2\/users\/4"}],"replies":[{"embeddable":true,"href":"https:\/\/www.optimal-banking.de\/news\/wp-json\/wp\/v2\/comments?post=4609"}],"version-history":[{"count":0,"href":"https:\/\/www.optimal-banking.de\/news\/wp-json\/wp\/v2\/pages\/4609\/revisions"}],"wp:attachment":[{"href":"https:\/\/www.optimal-banking.de\/news\/wp-json\/wp\/v2\/media?parent=4609"}],"curies":[{"name":"wp","href":"https:\/\/api.w.org\/{rel}","templated":true}]}}