{"id":678,"date":"2012-03-26T12:34:01","date_gmt":"2012-03-26T11:34:01","guid":{"rendered":"http:\/\/www.optimal-banking.de\/news\/?page_id=678"},"modified":"2012-03-26T12:34:01","modified_gmt":"2012-03-26T11:34:01","slug":"pi-global-value-fund","status":"publish","type":"page","link":"https:\/\/www.optimal-banking.de\/news\/pi-global-value-fund\/","title":{"rendered":"PI Global Value Fund &#8211; der Investmentfonds von Professor Max Otte"},"content":{"rendered":"<p><div id=\"attachment_792\" style=\"width: 210px\" class=\"wp-caption alignright\"><img loading=\"lazy\" decoding=\"async\" aria-describedby=\"caption-attachment-792\" src=\"https:\/\/www.optimal-banking.de\/news\/wp-content\/uploads\/sites\/2\/2012\/03\/max-otte-buch.jpg\" alt=\"Der Crash kommt - von Prof. Max Otte\" title=\"Der Crash kommt - von Prof. Max Otte\" width=\"200\" height=\"312\" class=\"size-full wp-image-792\" srcset=\"https:\/\/www.optimal-banking.de\/news\/wp-content\/uploads\/sites\/2\/2012\/03\/max-otte-buch.jpg 200w, https:\/\/www.optimal-banking.de\/news\/wp-content\/uploads\/sites\/2\/2012\/03\/max-otte-buch-192x300.jpg 192w\" sizes=\"(max-width: 200px) 100vw, 200px\" \/><p id=\"caption-attachment-792\" class=\"wp-caption-text\">Dieses Buch hat ihn in Deutschland so richtig bekannt gemacht.<\/p><\/div><br \/>\nMit dem Buch \u201e<strong>Der Cash kommt<\/strong>\u201c wurde <strong>Prof. Dr. Max Otte<\/strong> einer breiten \u00d6ffentlichkeit bekannt. Seitdem wird er gerne als aufrichtiger und prinzipentreuen Experte der Finanzm\u00e4rkte in TV-Sendungen und Podiumsdiskussionen eingeladen.<br \/>\n<div id=\"attachment_810\" style=\"width: 110px\" class=\"wp-caption alignleft\"><img loading=\"lazy\" decoding=\"async\" aria-describedby=\"caption-attachment-810\" src=\"https:\/\/www.optimal-banking.de\/news\/wp-content\/uploads\/sites\/2\/2012\/03\/max-otte.jpg\" alt=\"Max Otte\" title=\"Max Otte\" width=\"100\" height=\"133\" class=\"size-full wp-image-810\" \/><p id=\"caption-attachment-810\" class=\"wp-caption-text\">Prof. Otte<\/p><\/div><\/p>\n<h2>Der Fondsmanager Prof. Dr. Max Otte<\/h2>\n<p>Dass Max Otte seit dem 17.3.2008 einen Investmentfonds nach den strengen Kriterien einer patentieren <strong>K\u00f6nigsanalyse\u00ae<\/strong> managend, diese Information durchdringt die Anlegerkreise erst nach und nach.<br \/>\n\u00dcber die Hintergr\u00fcnde kl\u00e4rt diese Seite auf und zeigt ebenso wo man den \u201eProfessor-Otte-Fund\u201c zeichnen kann.<\/p>\n<h3>5 bis 10 % physisches Gold<\/h3>\n<p>Es geh\u00f6rt zum Selbstverst\u00e4ndnis f\u00fcr Prof. Otte, dass man einen geringen Prozentsatz des eigenen Verm\u00f6gens in physischem Gold h\u00e4lt. Man k\u00f6nnte sagen, dass ist die eiserne Reserve oder der Familienschatz. Dieses Prinzip hat er auch von Beginn an in seinem Fonds \u201ePI Global Value Fund\u201c umgesetzt.<\/p>\n<h3>Bisher nicht in Deutschland kaufbar<\/h3>\n<p><div id=\"attachment_799\" style=\"width: 210px\" class=\"wp-caption alignright\"><img loading=\"lazy\" decoding=\"async\" aria-describedby=\"caption-attachment-799\" src=\"https:\/\/www.optimal-banking.de\/news\/wp-content\/uploads\/sites\/2\/2012\/03\/ifve.jpg\" alt=\"Institut f\u00fcr Verm\u00f6gensentwicklung\" title=\"Institut f\u00fcr Verm\u00f6gensentwicklung\" width=\"200\" height=\"285\" class=\"size-full wp-image-799\" \/><p id=\"caption-attachment-799\" class=\"wp-caption-text\">WKN: A0NE9G<br \/>ISIN: LI0034492384<br \/>Weitere Infos bei <a href='https:\/\/www.privatinvestor.de\/html\/index.php?content=piglobalvalue' target='_blank'>www.privatinvestor.de<\/a>.<\/p><\/div><br \/>\nObwohl Gold preislichen Schwankungen unterliegt, gilt es seit Jahrtausenden als einer der sichersten Wertspeicher. Schade, dass unser deutsches Regelwerk f\u00fcr die Zulassung von Investmentfonds das nicht auch so sieht. Das war n\u00e4mlich der Grund, warum der PI Global Value Fund, obwohl er haupts\u00e4chlich in Aktien investiert, nicht in Deutschland zum \u00f6ffentlichen Vertrieb zu gelassen war. Kapitalanlegern war es nicht m\u00f6glich \u00fcber eine deutsche Direktbank den Fonds zu kaufen.<br \/>\n<span style=\"color:gray\">(Ausnahmen best\u00e4tigen die Regel, es gab ja kein staatliches <em>Kaufverbot<\/em> sondern lediglich ein <em>Vertriebsverbot<\/em>. Jedoch f\u00fchrten die meisten Banken den Fonds nicht.)<\/span><\/p>\n<h3>Insider kauften \u00fcber ein Auslandsdepot<\/h3>\n<p>Insider, zu denen auch regelm\u00e4\u00dfig Leser unserer Seite geh\u00f6ren, haben den PI Global Value Fonds \u00fcber ein ausl\u00e4ndisches Depot gekauft. Was auch v\u00f6llig legal war. Sie durften sich \u00fcber eine Wertsteigerung von 44,60&nbsp;% im Jahr 2009 und 30,24&nbsp;% im Jahr 2010 freuen.<\/p>\n<h2>Jetzt auch in Deutschland erh\u00e4ltlich<\/h2>\n<p>Seit Sommer 2011 ist der Investmentfonds f\u00fcr den \u00f6ffentlichen Vertrieb in Deutschland zugelassen. Professor Otte verzichtet seit dem auf die Position physisches Gold im Fonds. Sie wurde inzwischen mit deutlichem Gewinn verkauft. Er steht aber weiterhin zu der Aussage, dass Gold und auch Silber ein empfehlenswertes Basisinvestments sind. Der Anleger muss es jetzt nur selbst umsetzen.<br \/>\n<div id=\"attachment_786\" style=\"width: 210px\" class=\"wp-caption alignright\"><a href=\"\/news\/pi-global-value-fund\/cortal-consors-sparplan\/\"><img loading=\"lazy\" decoding=\"async\" aria-describedby=\"caption-attachment-786\" src=\"https:\/\/www.optimal-banking.de\/news\/wp-content\/uploads\/sites\/2\/2012\/03\/anleitung-sparplan.jpg\" alt=\"Anleitung zum Sparplan bei Cortal Consors\" title=\"Anleitung zum Sparplan bei Cortal Consors\" width=\"200\" height=\"137\" class=\"size-full wp-image-786\" \/><\/a><p id=\"caption-attachment-786\" class=\"wp-caption-text\">Anleitung ansehen.<\/p><\/div><\/p>\n<h3>Cortal-Consors, Comdirect oder ING-DiBa = problemloser Kauf<\/h3>\n<p>Bei den Direktbanken, bei denen wir selbst Kunde sind, kann man den PI Global Value Fund problemlos kaufen. Wie das geht zeigen wir  detailliert mit Beschreibung und Bildern:<\/p>\n<ul>\n<li><strong>Cortal-Consors<\/strong><br \/>Sparplan ab 50 Euro monatlich &#8212; <a href=\"\/news\/pi-global-value-fund\/cortal-consors-sparplan\/\">Anleitung ansehen<\/a><\/li>\n<li><strong>Comdirect Bank<\/strong><br \/>Einmalanlage ab 500 Euro (nur ganze Fondsanteile) &#8212; <a href=\"\/news\/pi-global-value-fund\/comdirect\/\">Anleitung ansehen<\/a><\/li>\n<li><strong>ING-DiBa<\/strong><br \/>Einmalanlage ab 1.000 Euro (nur ganze Fondsanteile) &#8212; ohne Anleitung<\/li>\n<\/ul>\n<h2>Leserfrage: Warum hat mir mein Finanzberater den Otte-Fonds nicht vorgeschlagen?<\/h2>\n<p>Bei der Beantwortung dieser Fragen wollen wir vorsichtig sein und mehr allgemein die Hintergr\u00fcnde beleuchten.<br \/>\nFondsberater bzw. Verk\u00e4ufer haben zwei Stellen, an denen Sie Geld verdienen (sieht man mal von einer Servicegeb\u00fchr oder einem Beratungshonorar ab). Das ist ein Mal der Ausgabeaufschlag und zum anderen die Bestandsprovision (<a href=\"\/wissen\/kickback.php\">Kickbacks<\/a>). Diese Kickbacks erh\u00e4lt der Vermittler, sei es Bank oder freier Berater von der Fondsgesellschaft bezahlt. Nat\u00fcrlich zahlt diese letztendlich der Kunde \u00fcber die Verwaltungsgeb\u00fchr mit.<\/p>\n<h3>So sieht es beim PI Global Value Fund aus<\/h3>\n<p>Professor Max Otte sind vor allem die Privatanleger an Herz gewachsen. Dies spiegelt sich auch in der Geb\u00fchrenstruktur wieder. Die Gesamtkostenquote TER wird mit 1,86&nbsp;% angeben und zwar &ndash; und das ist wichtig &ndash; ohne zus\u00e4tzliche Performance Fee. Es gibt n\u00e4mlich keine. Der Kunde wei\u00df im Vorfeld hoch die Kosten des Managements sind.<br \/>\n<div id=\"attachment_816\" style=\"width: 660px\" class=\"wp-caption alignleft\"><img loading=\"lazy\" decoding=\"async\" aria-describedby=\"caption-attachment-816\" src=\"https:\/\/www.optimal-banking.de\/news\/wp-content\/uploads\/sites\/2\/2012\/03\/otte-fonds-factsheet.jpg\" alt=\"Otte Fonds Factsheet\" title=\"Otte Fonds Factsheet\" width=\"650\" height=\"329\" class=\"size-full wp-image-816\" srcset=\"https:\/\/www.optimal-banking.de\/news\/wp-content\/uploads\/sites\/2\/2012\/03\/otte-fonds-factsheet.jpg 650w, https:\/\/www.optimal-banking.de\/news\/wp-content\/uploads\/sites\/2\/2012\/03\/otte-fonds-factsheet-300x152.jpg 300w\" sizes=\"(max-width: 650px) 100vw, 650px\" \/><p id=\"caption-attachment-816\" class=\"wp-caption-text\">Ausschnitt 1 aus dem Report vom 27.2.2012<\/p><\/div><br \/>\n<div id=\"attachment_817\" style=\"width: 1269px\" class=\"wp-caption alignleft\"><a href=\"https:\/\/www.optimal-banking.de\/news\/wp-content\/uploads\/sites\/2\/2012\/03\/pi-global-value-fund.jpg\"><img loading=\"lazy\" decoding=\"async\" aria-describedby=\"caption-attachment-817\" src=\"https:\/\/www.optimal-banking.de\/news\/wp-content\/uploads\/sites\/2\/2012\/03\/pi-global-value-fund.jpg\" alt=\"PI Global Value Fund P Factsheet\" title=\"PI Global Value Fund P Factsheet\" width=\"1259\" height=\"578\" class=\"size-full wp-image-817\" srcset=\"https:\/\/www.optimal-banking.de\/news\/wp-content\/uploads\/sites\/2\/2012\/03\/pi-global-value-fund.jpg 1259w, https:\/\/www.optimal-banking.de\/news\/wp-content\/uploads\/sites\/2\/2012\/03\/pi-global-value-fund-300x138.jpg 300w, https:\/\/www.optimal-banking.de\/news\/wp-content\/uploads\/sites\/2\/2012\/03\/pi-global-value-fund-768x353.jpg 768w, https:\/\/www.optimal-banking.de\/news\/wp-content\/uploads\/sites\/2\/2012\/03\/pi-global-value-fund-1024x470.jpg 1024w\" sizes=\"(max-width: 1259px) 100vw, 1259px\" \/><\/a><p id=\"caption-attachment-817\" class=\"wp-caption-text\">Ausschnitt 2 aus dem Report vom 27.2.2012 &ndash; <a href='http:\/\/www.ifm.li\/pdf\/PIGLVFD-3.pdf' target='_blank'>Download vom Original-Dokument<\/a>.<\/p><\/div><\/p>\n<h3>Max Otte gibt jedermann Rabatt beim Ausgabeaufschlag<\/h3>\n<p>Der Ausgabeaufschlag unabh\u00e4ngig \u00fcber welches Depot der Kunde den PI Global Value Fund zeichnet wird nie h\u00f6her als 2&nbsp;% sein. Das ist vom Professor Otte extra so festgelegt wurden. Am Ausgabeaufschlag verdient die Fondsgesellschaft nichts. Der Ausgabeaufschlag deckt die Kosten und den Gewinn des Depotanbieters ab.<\/p>\n<h3>Niedrige Kosten durch Verzicht auf Bestandsprovisionen<\/h3>\n<p>Obendrein zahlt der PI Global Value Fund grunds\u00e4tzlich keine Bestandsprovisionen an Banken und Vermittler. Mit diesem Hintergrundwissen f\u00e4llt es einem leicht zu verstehen, das Berater, deren Gesch\u00e4ftsmodell auf Provisionsbasis aufgebaut ist, diesen Fonds nicht schwerpunktm\u00e4\u00dfig empfehlen. Das ist gut verst\u00e4ndlich und es gibt ja auch eine Auswahl von vielen Tausend Investmentfonds in Deutschland.<br \/>\nDer PI Global Value Fund ist schwerpunktm\u00e4\u00dfig f\u00fcr den privaten Anleger konzipiert wurden. Der aufgeschlossene Anleger muss sich selbst f\u00fcr den Kauf des Fonds entscheiden und selbst den Kaufauftrag bei seiner Bank einreichen.<br \/>\nBei immer mehr Banken l\u00e4sst sich der Fonds einfach und bequem zeichnen.<\/p>\n<div class=\"lb\"><a href=\"https:\/\/www.privatinvestor.de\/html\/index.php?content=piglobalvalue\" target=\"_blank\">Mehr \u00fcber den Fonds erfahren &raquo;<\/a><\/div>\n<p>Aktuelle Kursinformationen findet man hier: <a href=\"\/isin.php?id=LI0034492384\" target=\"_blank\" rel=\"nofollow\">LI0034492384 \/ A0NE9G<\/a>.<\/p>\n<h4>Verwandte Themen<\/h4>\n<ul>\n<li><a href=\"\/info\/silberjunge.php\">Silberjunge &#8212; Vorstellung von Thorsten Schulte<\/a><\/li>\n<li><a href=\"\/news\/bullionart\/\">BullionArt &#8212; Kunst statt Barren<\/a><\/li>\n<\/ul>\n<p><img loading=\"lazy\" decoding=\"async\" src=\"http:\/\/vg09.met.vgwort.de\/na\/eb77115c5d8143e39c726192b3ff8851\" width=\"1\" height=\"1\" alt=\"\" \/><br \/>\n<small>Bildmaterial: Ullstein Verlag &#183; Prof. Dr. Max Otte &#183; Institut f\u00fcr Verm\u00f6gensentwicklung (IFVE) &#183; Independent Fund Management AG (IFM)<\/small><\/p>\n<div style='text-align:left' class='yasr-auto-insert-visitor'><\/div>","protected":false},"excerpt":{"rendered":"<p>Mit dem Buch \u201eDer Cash kommt\u201c wurde Prof. Dr. Max Otte einer breiten \u00d6ffentlichkeit bekannt. Seitdem wird er gerne als aufrichtiger und prinzipentreuen Experte der Finanzm\u00e4rkte in TV-Sendungen und Podiumsdiskussionen eingeladen. Der Fondsmanager Prof. Dr. Max Otte Dass Max Otte &hellip; <a href=\"https:\/\/www.optimal-banking.de\/news\/pi-global-value-fund\/\">Weiterlesen <span class=\"meta-nav\">&rarr;<\/span><\/a><\/p>\n","protected":false},"author":4,"featured_media":0,"parent":0,"menu_order":0,"comment_status":"open","ping_status":"closed","template":"","meta":{"yasr_overall_rating":0,"yasr_post_is_review":"","yasr_auto_insert_disabled":"","yasr_review_type":"","footnotes":""},"class_list":["post-678","page","type-page","status-publish","hentry"],"aioseo_notices":[],"yasr_visitor_votes":{"stars_attributes":{"read_only":false,"span_bottom":false},"number_of_votes":8,"sum_votes":37},"_links":{"self":[{"href":"https:\/\/www.optimal-banking.de\/news\/wp-json\/wp\/v2\/pages\/678"}],"collection":[{"href":"https:\/\/www.optimal-banking.de\/news\/wp-json\/wp\/v2\/pages"}],"about":[{"href":"https:\/\/www.optimal-banking.de\/news\/wp-json\/wp\/v2\/types\/page"}],"author":[{"embeddable":true,"href":"https:\/\/www.optimal-banking.de\/news\/wp-json\/wp\/v2\/users\/4"}],"replies":[{"embeddable":true,"href":"https:\/\/www.optimal-banking.de\/news\/wp-json\/wp\/v2\/comments?post=678"}],"version-history":[{"count":0,"href":"https:\/\/www.optimal-banking.de\/news\/wp-json\/wp\/v2\/pages\/678\/revisions"}],"wp:attachment":[{"href":"https:\/\/www.optimal-banking.de\/news\/wp-json\/wp\/v2\/media?parent=678"}],"curies":[{"name":"wp","href":"https:\/\/api.w.org\/{rel}","templated":true}]}}