{"id":762,"date":"2012-03-26T12:36:55","date_gmt":"2012-03-26T11:36:55","guid":{"rendered":"http:\/\/www.optimal-banking.de\/news\/?page_id=762"},"modified":"2012-03-26T12:36:55","modified_gmt":"2012-03-26T11:36:55","slug":"cortal-consors-sparplan","status":"publish","type":"page","link":"https:\/\/www.optimal-banking.de\/news\/pi-global-value-fund\/cortal-consors-sparplan\/","title":{"rendered":"Verm\u00f6gensaufbau mit Prof. Max Otte und Cortal-Consors"},"content":{"rendered":"<p><div id=\"attachment_702\" style=\"width: 210px\" class=\"wp-caption alignright\"><img loading=\"lazy\" decoding=\"async\" aria-describedby=\"caption-attachment-702\" src=\"https:\/\/www.optimal-banking.de\/news\/wp-content\/uploads\/sites\/2\/2012\/03\/professor-max-otte.jpg\" alt=\"Professor Max Otte\" title=\"Professor Max Otte\" width=\"200\" height=\"270\" class=\"size-full wp-image-702\" \/><p id=\"caption-attachment-702\" class=\"wp-caption-text\">Prof. Dr. Max Otte<br \/><a href='\/news\/pi-global-value-fund\/'>Hier mehr zum Fonds<\/a><\/p><\/div><br \/>\nCortal-Consors ist die erste und bisher einzige Bank in Deutschland, bei der der von <strong>Professor Max Otte<\/strong> gemanagte Investmentfonds <strong>PI Global Value Fund<\/strong> als Sparplan m\u00f6glich ist.<br \/>\nAuf dieser Seite zeigen wir, wie man den Sparplan einrichtet und auf welche Besonderheiten zu achten ist. Falls Sie noch kein Depot bei Cortal-Consors haben, finden Sie hier: <a href=\"\/bank\/cortal-consors-depot.php\">Aktionsangebote Depoter\u00f6ffnung<\/a>.<\/p>\n<h3>Sparplan ab 25 Euro m\u00f6glich<\/h3>\n<p>Die Depotf\u00fchrung ist bei Cortal-Consors unabh\u00e4ngig vom Umsatz oder den Verm\u00f6genswerten kostenlos. Ein Sparplan ist schon ab 25 Euro pro Monat m\u00f6glich.<\/p>\n<h2>Einloggen und Sparplan anlegen<\/h2>\n<p>Nach dem erfolgreichen Login w\u00e4hlt man im Bereich \u201eMein Konto &amp; Depot\u201c \u201eSparpl\u00e4ne\u201c aus und klickt sich weiter durch zu \u201eNeuanlage\u201c und dann \u201eGesamt\u00fcbersicht\u201c.<br \/>\n<div id=\"attachment_763\" style=\"width: 660px\" class=\"wp-caption alignleft\"><img loading=\"lazy\" decoding=\"async\" aria-describedby=\"caption-attachment-763\" src=\"https:\/\/www.optimal-banking.de\/news\/wp-content\/uploads\/sites\/2\/2012\/03\/cortal-consors-sparplan-anlegen.jpg\" alt=\"Cortal Consors Sparplan anlegen\" title=\"Cortal Consors Sparplan anlegen\" width=\"650\" height=\"593\" class=\"size-full wp-image-763\" srcset=\"https:\/\/www.optimal-banking.de\/news\/wp-content\/uploads\/sites\/2\/2012\/03\/cortal-consors-sparplan-anlegen.jpg 650w, https:\/\/www.optimal-banking.de\/news\/wp-content\/uploads\/sites\/2\/2012\/03\/cortal-consors-sparplan-anlegen-300x274.jpg 300w\" sizes=\"(max-width: 650px) 100vw, 650px\" \/><p id=\"caption-attachment-763\" class=\"wp-caption-text\">Bei Cortal-Consors ist ein Sparplan mit wenigen Schritten angelegt.<\/p><\/div><br \/>\nEs erscheint eine Liste mit allen Investmentfonds, die \u00fcber Cortal-Consors sparplanf\u00e4hig sind. Die \u00dcbersicht ist alphabetisch aufgebaut. Man scrollt bis zum Buchstaben \u201eP\u201c und findet dort den Otte-Fonds \u201ePI Global Value Fund P\u201c und ebenfalls die Angabe der <a href=\"\/isin.php?id=LI0034492384\" target=\"_blank\" rel=\"nofollow\">WKN A0NE9G<\/a>.<br \/>\n<div id=\"attachment_764\" style=\"width: 660px\" class=\"wp-caption alignleft\"><img loading=\"lazy\" decoding=\"async\" aria-describedby=\"caption-attachment-764\" src=\"https:\/\/www.optimal-banking.de\/news\/wp-content\/uploads\/sites\/2\/2012\/03\/pi-global-value-cortal-auswaehlen.jpg\" alt=\"Den PI Global Value Cortal-Consors ausw\u00e4hlen - \u00dcbersicht\" title=\"Den PI Global Value Cortal-Consors ausw\u00e4hlen.\" width=\"650\" height=\"66\" class=\"size-full wp-image-764\" srcset=\"https:\/\/www.optimal-banking.de\/news\/wp-content\/uploads\/sites\/2\/2012\/03\/pi-global-value-cortal-auswaehlen.jpg 650w, https:\/\/www.optimal-banking.de\/news\/wp-content\/uploads\/sites\/2\/2012\/03\/pi-global-value-cortal-auswaehlen-300x30.jpg 300w\" sizes=\"(max-width: 650px) 100vw, 650px\" \/><p id=\"caption-attachment-764\" class=\"wp-caption-text\">Bis zum Buchstaben P hat man bei der gro\u00dfen Auswahl ein gutes St\u00fcck zu scrollen.<\/p><\/div><\/p>\n<h3>Ausgabeaufschlag in H\u00f6he von 2 Prozent<\/h3>\n<p>Gleich daneben steht der Ausgabeaufschlag in H\u00f6he von 2 %. Das ist fair und g\u00fcnstig. Da der PI Global Value Fund grunds\u00e4tzlich keine Bestandsprovisionen (<a href=\"\/wissen\/kickback.php\">Kickbacks<\/a>) an Vermittler und Depotbanken aussch\u00fcttet, kann die Bank ihre Kosten und ihren Gewinn einzig und allein aus dem Ausgabeaufschlag bestreiten.<\/p>\n<h3>Sparrate ab 25 Euro<\/h3>\n<p>Bespart man den Investmentfonds lediglich mit dem Mindestbetrag von 25 Euro, so f\u00e4llt ein Ausgabeaufschlag von 0,50 Euro an.<\/p>\n<h3>Hinweise f\u00fcr Eltern<\/h3>\n<p>Momentan hat Cortal-Consors den PI Global Value Fund in die h\u00f6chste Risikostufe \u201e5\u201c eingegliedert. In Kenntnis der Person Max Otte und seiner Strategie ist das f\u00fcr uns wenig nachvollziehbar. F\u00fcr den erwachsenen Anleger spielt die Einstufung kaum eine Rolle, wenn er sich selbst vom Fonds und dem Management \u00fcberzeugt hat. Die Anlageentscheidung trifft der Fondsk\u00e4ufer ja beratungsfrei selbst. Auswirkung hat es auf die Junior-Depots bei Cortal-Consors. Im <a href=\"\/bank\/junior-depot.php\">Junior-Depot<\/a> kann man n\u00e4mlich nur Fonds bis zur Risikostufe 4 besparen.<br \/>\nErstaunlicherweise konnte man uns auch bei Cortal-Consors nicht erkl\u00e4ren, wie genau es dazu kam. Viele verschiedene Faktoren scheinen dort eine Rolle zu spielen.<\/p>\n<h3>Sparplan einstellen<\/h3>\n<p><div id=\"attachment_765\" style=\"width: 660px\" class=\"wp-caption alignleft\"><img loading=\"lazy\" decoding=\"async\" aria-describedby=\"caption-attachment-765\" src=\"https:\/\/www.optimal-banking.de\/news\/wp-content\/uploads\/sites\/2\/2012\/03\/sparplan-einstellungen.jpg\" alt=\"Sparplan-Einstellungen\" title=\"So wird der Sparplan bei Cortal-Consors eingerichtet.\" width=\"650\" height=\"444\" class=\"size-full wp-image-765\" srcset=\"https:\/\/www.optimal-banking.de\/news\/wp-content\/uploads\/sites\/2\/2012\/03\/sparplan-einstellungen.jpg 650w, https:\/\/www.optimal-banking.de\/news\/wp-content\/uploads\/sites\/2\/2012\/03\/sparplan-einstellungen-300x205.jpg 300w\" sizes=\"(max-width: 650px) 100vw, 650px\" \/><p id=\"caption-attachment-765\" class=\"wp-caption-text\">Je nach Wunsch kann eine j\u00e4hrliche Dynamik oder ein Auslaufen des Sparplans voreingestellt werden.<\/p><\/div><br \/>\nDas Programmieren des Sparplans ist leicht und selbsterkl\u00e4rend. Wichtig zu wissen ist, dass man den Betrag ab 25 Euro frei w\u00e4hlen kann. Beispielsweise auch 44 Euro. Auch quartalsweise oder halbj\u00e4hrlich ist eine Ausf\u00fchrung m\u00f6glich. Die Ausf\u00fchrung kann zum 1. oder 15. Tag des Monats gew\u00e4hlt werden.<br \/>\nWeiterklickend folgen eine \u00dcbersichtsseite mit allen Angaben zum Sparplan sowie die TAN-Best\u00e4tigung. Hier ohne Bild, da selbsterkl\u00e4rend. Zum Abschluss sieht man den fertig eingerichteten Sparplan:<br \/>\n<div id=\"attachment_766\" style=\"width: 660px\" class=\"wp-caption alignleft\"><img loading=\"lazy\" decoding=\"async\" aria-describedby=\"caption-attachment-766\" src=\"https:\/\/www.optimal-banking.de\/news\/wp-content\/uploads\/sites\/2\/2012\/03\/cortal-consors-sparplan-otte.jpg\" alt=\"Cortal-Consors Sparplan von Max Otte\" title=\"Cortal-Consors Sparplan von Max Otte\" width=\"650\" height=\"62\" class=\"size-full wp-image-766\" srcset=\"https:\/\/www.optimal-banking.de\/news\/wp-content\/uploads\/sites\/2\/2012\/03\/cortal-consors-sparplan-otte.jpg 650w, https:\/\/www.optimal-banking.de\/news\/wp-content\/uploads\/sites\/2\/2012\/03\/cortal-consors-sparplan-otte-300x29.jpg 300w\" sizes=\"(max-width: 650px) 100vw, 650px\" \/><p id=\"caption-attachment-766\" class=\"wp-caption-text\">Jetzt ist der Sparplan fertig eingerichtet.<\/p><\/div><br \/>\nWenn Ihnen unsere Darstellung gefallen hat, empfehlen Sie uns bitte weiter. Vielen Dank \ud83d\ude42<\/p>\n<div class=\"lb\"><a href=\"\/go.php?id=cortal-consors_depot\" rel=\"nofollow\" target=\"_blank\">Cortal-Consors Aktionen &raquo;<\/a><\/div>\n<h4>Verwandte Themen<\/h4>\n<ul>\n<li><a href=\"\/news\/pi-global-value-fund\/comdirect\/\">Otte-Fonds als Einmalanlage bei der Comdirect Bank<\/a><\/li>\n<li><a href=\"\/info\/silber-etf-steuerfrei.php\">Silber-ETF steuerfrei oder nicht?<\/li>\n<\/ul>\n<div style='text-align:left' class='yasr-auto-insert-visitor'><\/div>","protected":false},"excerpt":{"rendered":"<p>Cortal-Consors ist die erste und bisher einzige Bank in Deutschland, bei der der von Professor Max Otte gemanagte Investmentfonds PI Global Value Fund als Sparplan m\u00f6glich ist. Auf dieser Seite zeigen wir, wie man den Sparplan einrichtet und auf welche &hellip; <a href=\"https:\/\/www.optimal-banking.de\/news\/pi-global-value-fund\/cortal-consors-sparplan\/\">Weiterlesen <span class=\"meta-nav\">&rarr;<\/span><\/a><\/p>\n","protected":false},"author":4,"featured_media":0,"parent":678,"menu_order":0,"comment_status":"open","ping_status":"closed","template":"","meta":{"yasr_overall_rating":0,"yasr_post_is_review":"","yasr_auto_insert_disabled":"","yasr_review_type":"","footnotes":""},"class_list":["post-762","page","type-page","status-publish","hentry"],"aioseo_notices":[],"yasr_visitor_votes":{"stars_attributes":{"read_only":false,"span_bottom":false},"number_of_votes":3,"sum_votes":14},"_links":{"self":[{"href":"https:\/\/www.optimal-banking.de\/news\/wp-json\/wp\/v2\/pages\/762"}],"collection":[{"href":"https:\/\/www.optimal-banking.de\/news\/wp-json\/wp\/v2\/pages"}],"about":[{"href":"https:\/\/www.optimal-banking.de\/news\/wp-json\/wp\/v2\/types\/page"}],"author":[{"embeddable":true,"href":"https:\/\/www.optimal-banking.de\/news\/wp-json\/wp\/v2\/users\/4"}],"replies":[{"embeddable":true,"href":"https:\/\/www.optimal-banking.de\/news\/wp-json\/wp\/v2\/comments?post=762"}],"version-history":[{"count":0,"href":"https:\/\/www.optimal-banking.de\/news\/wp-json\/wp\/v2\/pages\/762\/revisions"}],"up":[{"embeddable":true,"href":"https:\/\/www.optimal-banking.de\/news\/wp-json\/wp\/v2\/pages\/678"}],"wp:attachment":[{"href":"https:\/\/www.optimal-banking.de\/news\/wp-json\/wp\/v2\/media?parent=762"}],"curies":[{"name":"wp","href":"https:\/\/api.w.org\/{rel}","templated":true}]}}