{"id":855,"date":"2012-03-27T19:40:04","date_gmt":"2012-03-27T18:40:04","guid":{"rendered":"http:\/\/www.optimal-banking.de\/news\/?page_id=855"},"modified":"2012-03-27T19:40:04","modified_gmt":"2012-03-27T18:40:04","slug":"vorzeitig-kuendigen","status":"publish","type":"page","link":"https:\/\/www.optimal-banking.de\/news\/festgeld\/vorzeitig-kuendigen\/","title":{"rendered":"Festgeld vorzeitig k\u00fcndigen \u2013 so geht das!"},"content":{"rendered":"<p><div id=\"attachment_867\" style=\"width: 210px\" class=\"wp-caption alignright\"><a href=\"\/go.php?id=moneyou_festgeld\" target=\"_blank\" rel=\"nofollow\"><img loading=\"lazy\" decoding=\"async\" aria-describedby=\"caption-attachment-867\" src=\"https:\/\/www.optimal-banking.de\/news\/wp-content\/uploads\/sites\/2\/2012\/03\/moneyou-festgeldvertrag.jpg\" alt=\"Moneyou-Festgeldvertrag\" title=\"Moneyou-Festgeldvertrag\" width=\"200\" height=\"180\" class=\"size-full wp-image-867\" \/><\/a><p id=\"caption-attachment-867\" class=\"wp-caption-text\">Diese Seite zeigt, wie man bei MoneYou einen Festgeldvertrag vorzeitig aufl\u00f6st.<\/p><\/div><br \/>\nFestgeld wird meist besser verzinst als Tagesgeld. Der Grund: <strong>Planungssicherheit<\/strong> der Bank. Sie kann die R\u00fcckz\u00fcge der Kunden planen und muss weniger Liquidit\u00e4t f\u00fcr eventuelle R\u00fcck\u00fcberweisungen des t\u00e4glich verf\u00fcgbaren Tagesgeldes vorhalten.<br \/>\nGeldanleger schlie\u00dfen m\u00f6glichst <strong>Festgeldvertr\u00e4ge<\/strong> ab, wenn sie wissen, dass Sie \u00fcber die gesamte Laufzeit auf das Geld verzichten k\u00f6nnen. Doch was ist, wenn sich die Lebensumst\u00e4nde \u00e4ndern (z.&nbsp;B. eine ungeplante gr\u00f6\u00dfere Anschaffung) und die eigene Liquidit\u00e4tsreserve (Tagesgeldkonto) daf\u00fcr nicht ausreicht?<\/p>\n<h2>Festgeld vorzeitig k\u00fcndigen ist die L\u00f6sung<\/h2>\n<p>Kaum eine Bank ist begeistert, wenn Kunden vorzeitig ein Festgeldkonto aufl\u00f6sen m\u00f6chten. Viele Banken sagen, dass dies nicht gehen w\u00fcrde und sind damit rechtlich auf der sicheren Seite.<br \/>\nUmso wichtiger ist es, diesen Punkt vor Vertragsabschluss zu kl\u00e4ren. Vielleicht w\u00e4hlt man einen Anbieter, der ein <strong>Sonderk\u00fcndigungsrecht<\/strong> einr\u00e4umt. Leicht d\u00fcrfte dem Anleger die Entscheidung fallen, wenn es sogar dort den besten Zinssatz gibt (wie beim <a href=\"\/bank\/moneyou-festgeld.php\">MoneYou Festgeld<\/a> 2012 bei Laufzeiten bis zu einem Jahr).<br \/>\n<div id=\"attachment_869\" style=\"width: 210px\" class=\"wp-caption alignright\"><script type=\"text\/javascript\"><!--\ngoogle_ad_client = \"pub-6379011477030435\";\n\/* 200x200, Erstellt 09.08.09 *\/\ngoogle_ad_slot = \"8497114941\";\ngoogle_ad_width = 200;\ngoogle_ad_height = 200;\n\/\/-->\n<\/script>\n<script type=\"text\/javascript\"\nsrc=\"https:\/\/pagead2.googlesyndication.com\/pagead\/show_ads.js\">\n<\/script>\n<p id=\"caption-attachment-869\" class=\"wp-caption-text\">Werbung. Auch wir m\u00fcssen bisschen Geld verdienen, um unsere Rechnungen bezahlen zu k\u00f6nnen \ud83d\ude42<\/p><\/div><\/p>\n<h3>MoneYou &ndash; vorzeitig k\u00fcndigen ist ein Verbraucherrecht<\/h3>\n<p>Der Anbieter MoneYou gef\u00e4llt uns bei diesem Thema am besten. Er r\u00e4umt den Kunden nicht nur die Option ein, einen Festgeldvertrag vorzeitig aufl\u00f6sen zu lassen. Bei MoneYou kann das der Anleger sogar selbst via Online-Banking machen. Er loggt sich bei der Bank ein, w\u00e4hlt das nicht mehr gew\u00fcnschte Festgeldkonto aus und klickt auf den Button \u201e<strong>Vorzeitig k\u00fcndigen<\/strong>\u201c.<br \/>\nZwar muss sich der Kunde dann mit einem geringeren Zins zufrieden geben, er erh\u00e4lt jedoch v\u00f6llig unkompliziert seine Einlagen sofort zur\u00fcck. Wir finden das sehr fair und nachahmenswert.<br \/>\nWie das vorzeitige K\u00fcndigen von Festgeld genau geht, zeigen wir hier anhand unseres eigenen Festgeldkontos bei MoneYou.<\/p>\n<h2 id=\"moneyou\">Festgeld bei MoneYou vorzeitig aufl\u00f6sen<\/h2>\n<h3>Einloggen und Festgeldvertrag ausw\u00e4hlen<\/h3>\n<p>Nach dem Online-Login klickt man in der rechten Navigation auf \u201eFestgeld\u201c. Das Men\u00fc klappt auf, so dass man nun auf \u201eMein Festgeld\u201c klicken kann. Die folgende \u00dcbersicht erscheint:<br \/>\n<div id=\"attachment_856\" style=\"width: 610px\" class=\"wp-caption alignleft\"><img loading=\"lazy\" decoding=\"async\" aria-describedby=\"caption-attachment-856\" src=\"https:\/\/www.optimal-banking.de\/news\/wp-content\/uploads\/sites\/2\/2012\/03\/festgeld-vorzeitig-kuendigen.jpg\" alt=\"Festgeld vorzeitig k\u00fcndigen &ndash; Bildschirmdruch von MoneYou\" title=\"Festgeld vorzeitig k\u00fcndigen\" width=\"600\" height=\"377\" class=\"size-full wp-image-856\" srcset=\"https:\/\/www.optimal-banking.de\/news\/wp-content\/uploads\/sites\/2\/2012\/03\/festgeld-vorzeitig-kuendigen.jpg 600w, https:\/\/www.optimal-banking.de\/news\/wp-content\/uploads\/sites\/2\/2012\/03\/festgeld-vorzeitig-kuendigen-300x189.jpg 300w\" sizes=\"(max-width: 600px) 100vw, 600px\" \/><p id=\"caption-attachment-856\" class=\"wp-caption-text\">Der zu k\u00fcndigende Festgeldvertrag wird ausgew\u00e4hlt. In unserem Beispiel ist nur ein Festgeldkonto angelegt. Nun auf den Button \u201eVorzeitig k\u00fcndigen\u201c dr\u00fccken. Es erscheint die n\u00e4chste Seite.<\/p><\/div><\/p>\n<h3>Hinweis zum Zinsabschlag<\/h3>\n<div id=\"attachment_860\" style=\"width: 441px\" class=\"wp-caption alignleft\"><img loading=\"lazy\" decoding=\"async\" aria-describedby=\"caption-attachment-860\" src=\"https:\/\/www.optimal-banking.de\/news\/wp-content\/uploads\/sites\/2\/2012\/03\/festgeld-vorzeitige-verfuegung.jpg\" alt=\"Festgeld vorzeitige Verf\u00fcgung\" title=\"Festgeld vorzeitige Verf\u00fcgung\" width=\"431\" height=\"371\" class=\"size-full wp-image-860\" srcset=\"https:\/\/www.optimal-banking.de\/news\/wp-content\/uploads\/sites\/2\/2012\/03\/festgeld-vorzeitige-verfuegung.jpg 431w, https:\/\/www.optimal-banking.de\/news\/wp-content\/uploads\/sites\/2\/2012\/03\/festgeld-vorzeitige-verfuegung-300x258.jpg 300w\" sizes=\"(max-width: 431px) 100vw, 431px\" \/><p id=\"caption-attachment-860\" class=\"wp-caption-text\">MoneYou stellt die Vertragsdaten nochmals zusammen und weist auf den Zinsabschlag hin. Soll die K\u00fcndigung durchgef\u00fchrt werden? Bitte auf \u201eBest\u00e4tigen\u201c dr\u00fccken.<\/p><\/div>\n<h3 style=\"clear:both\">Festgeld vorzeitig beendet &ndash; Buchungs\u00fcbersicht<\/h3>\n<p>Der Festgeldvertrag wird dann am selben Tag vorzeitig beendet. Wir erstellten unser Beispiel am Wochenende, so dass die K\u00fcndigung und R\u00fcck\u00fcberweisung am n\u00e4chsten Banktag (Montag) stattfand.<br \/>\n<div id=\"attachment_861\" style=\"width: 660px\" class=\"wp-caption alignleft\"><img loading=\"lazy\" decoding=\"async\" aria-describedby=\"caption-attachment-861\" src=\"https:\/\/www.optimal-banking.de\/news\/wp-content\/uploads\/sites\/2\/2012\/03\/moneyou-festgeld-gekuendigt.jpg\" alt=\"MoneYou Festgeld gek\u00fcndigt - nachvollziehbare Buchungen\" title=\"MoneYou Festgeld gek\u00fcndigt\" width=\"650\" height=\"269\" class=\"size-full wp-image-861\" srcset=\"https:\/\/www.optimal-banking.de\/news\/wp-content\/uploads\/sites\/2\/2012\/03\/moneyou-festgeld-gekuendigt.jpg 650w, https:\/\/www.optimal-banking.de\/news\/wp-content\/uploads\/sites\/2\/2012\/03\/moneyou-festgeld-gekuendigt-300x124.jpg 300w\" sizes=\"(max-width: 650px) 100vw, 650px\" \/><p id=\"caption-attachment-861\" class=\"wp-caption-text\">In der Buchungs\u00fcbersicht kann man nachvollziehen, was passiert ist.<\/p><\/div><\/p>\n<h2>Fazit zum MoneYou Festgeld<\/h2>\n<p>Wir sind begeistert von der einfachen und verbraucherfreundlichen M\u00f6glichkeit, den Festgeldvertrag vor dem regul\u00e4ren Ablaufdatum zu k\u00fcndigen. Dass man dies sogar selbst durchf\u00fchren kann, spart der Bank Bearbeitungskosten und dem Kunden ein eventuell schlechtes Gef\u00fchl dabei, m\u00f6glichen \u00dcberredungsk\u00fcnsten der Bank auszuweichen.<br \/>\n<span style=\"background-color:yellow\">@MoneYou: wirklich klasse gemacht. Sehr empfehlenswert!<\/span><\/p>\n<div class=\"lb\"><a href=\"\/go.php?id=moneyou_festgeld\" rel=\"nofollow\" target=\"_blank\">Zu MoneYou wechseln  &raquo;<\/a><\/div>\n<p>Hintergrundinfos und Interview mit der <a href=\"\/bank\/moneyou-hintergrund.php\">Deutschland-Chefin von MoneYou<\/a>.<\/p>\n<h4>Verwandte Themen<\/h4>\n<ul>\n<li><a href=\"\/bank\/vtb-festgeld.php\">VTB Festgeld<\/a> &ndash; Anbieter mit gelegentlichen Aktionen f\u00fcr Bestandskunden<\/li>\n<li><a href=\"\/erfahrungen\/moneyou-zinsen.php\">Erfahrungsberichte<\/a> von anderen MoneYou-Kunden<\/li>\n<\/ul>\n<p><small>Bildmaterial: Bildschirmdrucke von MoneYou<\/small><\/p>\n<div style='text-align:left' class='yasr-auto-insert-visitor'><\/div>","protected":false},"excerpt":{"rendered":"<p>Festgeld wird meist besser verzinst als Tagesgeld. Der Grund: Planungssicherheit der Bank. Sie kann die R\u00fcckz\u00fcge der Kunden planen und muss weniger Liquidit\u00e4t f\u00fcr eventuelle R\u00fcck\u00fcberweisungen des t\u00e4glich verf\u00fcgbaren Tagesgeldes vorhalten. Geldanleger schlie\u00dfen m\u00f6glichst Festgeldvertr\u00e4ge ab, wenn sie wissen, dass &hellip; <a href=\"https:\/\/www.optimal-banking.de\/news\/festgeld\/vorzeitig-kuendigen\/\">Weiterlesen <span class=\"meta-nav\">&rarr;<\/span><\/a><\/p>\n","protected":false},"author":4,"featured_media":0,"parent":885,"menu_order":0,"comment_status":"open","ping_status":"closed","template":"","meta":{"yasr_overall_rating":0,"yasr_post_is_review":"","yasr_auto_insert_disabled":"","yasr_review_type":"","footnotes":""},"class_list":["post-855","page","type-page","status-publish","hentry"],"aioseo_notices":[],"yasr_visitor_votes":{"stars_attributes":{"read_only":false,"span_bottom":false},"number_of_votes":4,"sum_votes":16},"_links":{"self":[{"href":"https:\/\/www.optimal-banking.de\/news\/wp-json\/wp\/v2\/pages\/855"}],"collection":[{"href":"https:\/\/www.optimal-banking.de\/news\/wp-json\/wp\/v2\/pages"}],"about":[{"href":"https:\/\/www.optimal-banking.de\/news\/wp-json\/wp\/v2\/types\/page"}],"author":[{"embeddable":true,"href":"https:\/\/www.optimal-banking.de\/news\/wp-json\/wp\/v2\/users\/4"}],"replies":[{"embeddable":true,"href":"https:\/\/www.optimal-banking.de\/news\/wp-json\/wp\/v2\/comments?post=855"}],"version-history":[{"count":0,"href":"https:\/\/www.optimal-banking.de\/news\/wp-json\/wp\/v2\/pages\/855\/revisions"}],"up":[{"embeddable":true,"href":"https:\/\/www.optimal-banking.de\/news\/wp-json\/wp\/v2\/pages\/885"}],"wp:attachment":[{"href":"https:\/\/www.optimal-banking.de\/news\/wp-json\/wp\/v2\/media?parent=855"}],"curies":[{"name":"wp","href":"https:\/\/api.w.org\/{rel}","templated":true}]}}