{"id":885,"date":"2012-03-27T19:39:33","date_gmt":"2012-03-27T18:39:33","guid":{"rendered":"http:\/\/www.optimal-banking.de\/news\/?page_id=885"},"modified":"2012-03-27T19:39:33","modified_gmt":"2012-03-27T18:39:33","slug":"festgeld","status":"publish","type":"page","link":"https:\/\/www.optimal-banking.de\/news\/festgeld\/","title":{"rendered":"Festgeld &#8211; alles Wichtige auf einer Seite!"},"content":{"rendered":"<p><div id=\"attachment_890\" style=\"width: 210px\" class=\"wp-caption alignright\"><a href=\"https:\/\/www.optimal-banking.de\/news\/wp-content\/uploads\/sites\/2\/2012\/03\/festgeldanlage.jpg\"><img loading=\"lazy\" decoding=\"async\" aria-describedby=\"caption-attachment-890\" src=\"https:\/\/www.optimal-banking.de\/news\/wp-content\/uploads\/sites\/2\/2012\/03\/festgeldanlage.jpg\" alt=\"Kalender zur Festgeldanlage\" title=\"Festgeld ist immer eine Geldanlage auf Zeit.\" width=\"200\" height=\"153\" class=\"size-full wp-image-890\" \/><\/a><p id=\"caption-attachment-890\" class=\"wp-caption-text\">Festgeld ist immer eine Geldanlage auf Zeit.<\/p><\/div><br \/>\nAls Festgeldanleger leihe ich meiner Bank des Vertrauens eine bestimme Summe Geld zum vorher <strong>festgelegten Zinssatz<\/strong>. Auch die Leihdauer, genannt <strong>Laufzeit<\/strong>, ist vorab festgelegt. Deswegen hei\u00dft es ja Festgeld.<br \/>\nFestgeld kann man immer nur bei einem Kreditinstitut (umgangs&shy;sprachlich Bank) anlegen. Das geht aus dem Paragraphen 1 des Kreditwesengesetzes hervor.<br \/>\nGelegentlich sieht man Anzeigen wie \u201e8\u00a0% Festgeldzinsen\u201c. Hier ist Vorsicht geboten \u2013 es handelt sich dabei oftmals um eine andere Beteiligungsform, die lediglich plant feste Aussch\u00fcttungen oder Zinsen zu bezahlen. Beispielsweise stille Unternehmens&shy;beteiligungen. Das kann lukrativ sein, hat jedoch nichts mit der Sicherheit einer Festgeldanlage bei einer Bank zu tun.<\/p>\n<h2>Wie sicher ist Festgeld?<\/h2>\n<p>Festgeldanlagen bei deutschen Banken und bei Banken mit Sitz in der Europ\u00e4ischen Union sind bis <strong>100.000 Euro<\/strong> pro Kopf und Institut <strong>gesetzlich zu 100\u00a0% gesch\u00fctzt<\/strong>. Dies regelt die EU-Richtlinie 2009\/14\/EG, die alle Mitgliedstaaten in nationales Recht umgesetzt haben. In Deutschland fanden die EU-Vorgaben im \u201eEinlagensicherungs- und Anlegerentsch\u00e4digungsgesetz\u201c ihren Niederschlag.<br \/>\n<div id=\"attachment_869\" style=\"width: 210px\" class=\"wp-caption alignright\"><script type=\"text\/javascript\"><!--\ngoogle_ad_client = \"pub-6379011477030435\";\n\/* 200x200, Erstellt 09.08.09 *\/\ngoogle_ad_slot = \"8497114941\";\ngoogle_ad_width = 200;\ngoogle_ad_height = 200;\n\/\/-->\n<\/script>\n<script type=\"text\/javascript\"\nsrc=\"https:\/\/pagead2.googlesyndication.com\/pagead\/show_ads.js\">\n<\/script>\n<p id=\"caption-attachment-869\" class=\"wp-caption-text\">Werbung. Damit finanzieren wir das Informationsangebot.<\/p><\/div><\/p>\n<h3>Private und ausl\u00e4ndische Banken<\/h3>\n<p>Dar\u00fcber hinaus haben sich viele inl\u00e4ndische und teilweise sogar ausl\u00e4ndische Banken wie die <a href=\"\/bank\/of-scotland.php\">Bank of Scotland<\/a> oder auch die <a href=\"\/bank\/baclays.php\">Barclays Bank<\/a> zu einem Einlagensicherungssystem zusammengeschlossen. Dieses ist beim Bankenverband in Berlin angesiedelt und bietet jedem Anleger eine zus\u00e4tzliche Sicherheit in Millionenh\u00f6he.<\/p>\n<h3>Sparkasse und VR-Banken<\/h3>\n<p>Die deutschen <a href=\"\/bank\/einlagensicherung-sparkasse.php\">Sparkassen<\/a> und die <a href=\"\/bank\/einlagensicherung-vr.php\">Genossenschaftsbanken<\/a> haben jeweils ihr eigenes Einlagensicherungssystem. Diese garantieren die Sicherheit der Einlagen in unbegrenzter H\u00f6he.<\/p>\n<h3>Fazit zur Sicherheit<\/h3>\n<p>Rechtlich gesehen ist die Einlagensicherung bis 100.000 Euro \u00fcberall in der Europ\u00e4ischen Union gleich. Gef\u00fchlsm\u00e4\u00dfig ist das bei vielen Anlegern noch nicht angekommen. Das ist jedoch mehr als verst\u00e4ndlich bei den vielen krisenbedingten Nachrichten.<br \/>\nBei Anlagen \u00fcber 100.000 Euro sollte man sich das Einlagensicherungssystem der Bank genauer ansehen und die Einlage ggf. auf mehrere gute Anbieter verteilen.<\/p>\n<h2>Ist Festgeld eine lohnende Anlage?<\/h2>\n<p>Die Frage m\u00f6chten wir unter drei Gesichtspunkten beantworten:<\/p>\n<ol>\n<li><b>Rendite<\/b>:<br \/>Die Rendite berechnet man so: Zinssatz &minus; Inflationsrate = Rendite. Der Zinssatz steht bei Vertragsabschluss fest. Die Inflationsrate \u00fcber die gesamte Laufzeit kennt man erst im Nachhinein genau. Hier muss man mit Prognosen bzw. Wahrscheinlichkeiten rechnen. Das Rechenergebnis f\u00fchrt dann zu Punkt 2.<\/li>\n<li><b>Alternativen<\/b>:<br \/>Welche Rendite und Sicherheit bekomme ich bei einem anderen Finanzprodukt? Lege ich mein Geld nicht in Festgeld an, sondern beispielsweise auf das Tagesgeldkonto, in Immobilien, in Aktien usw.? Die Antwort wird je nach pers\u00f6nlichem Anlagestil unterschiedlich ausfallen.<\/li>\n<li><b>Wohlf\u00fchl-Faktor<\/b>:<br \/>F\u00fchlt man sich mit der get\u00e4tigten Anlage \u00fcber die Laufzeit wohl oder schl\u00e4ft man nachts unruhig, weil man sich ums Verm\u00f6gen Sorgen macht? Bei aller Liebe zum Geld, die Lebensqualit\u00e4t sollte nicht vergessen werden.<\/li>\n<\/ol>\n<h3>Ein schlauer Mann sagte einmal&nbsp;&hellip;<\/h3>\n<p>&hellip; mit Festgeld wirst du nicht reich. Aber arm ist davon auch noch niemand geworden.<br \/>\n<div id=\"attachment_896\" style=\"width: 210px\" class=\"wp-caption alignright\"><a href=\"\/info\/festgeld-vergleich.php\"><img loading=\"lazy\" decoding=\"async\" aria-describedby=\"caption-attachment-896\" src=\"https:\/\/www.optimal-banking.de\/news\/wp-content\/uploads\/sites\/2\/2012\/03\/festgeld-vergleich.jpg\" alt=\"Festgeld Vergleich\" title=\"Zum Festgeldvergleich hier klicken\" width=\"200\" height=\"161\" class=\"size-full wp-image-896\" \/><\/a><p id=\"caption-attachment-896\" class=\"wp-caption-text\">Zum Festgeldvergleich auf das Bild klicken.<\/p><\/div><\/p>\n<h2>Wo finde ich die passende Festgeldanlage f\u00fcr mich?<\/h2>\n<p>Es gibt im Internet mehrere sehr gute Portale, die regelm\u00e4\u00dfig \u00fcber die neusten und besten Angebote berichten. Auch bei uns findet man eine F\u00fclle von guten Informationen zur Festgeldanlage. Probieren Sie mal die Suche (ganz oben) aus.<\/p>\n<div class=\"lb\"><a href=\"\/info\/festgeld-vergleich.php\">Festgeldvergleich ansehen &raquo;<\/a><\/div>\n<p>Hier die aus unserer Sicht <a href=\"\/info\/bestes-festgeld.php\">4 interessantesten Anbieter<\/a>.<\/p>\n<h4>Verwandte Themen<\/h4>\n<ul>\n<li>Weitere ausf\u00fchrliche <a href=\"\/info\/festgeld-tipps.php\">Festgeld-Tipps<\/a> von Leserreporter Julian Niedung<\/li>\n<li><a href=\"\/news\/festgeld\/vorzeitig-kuendigen\/\">Festgeld vorzeitig k\u00fcndigen<\/a> &ndash; Beispiel MoneYou<\/li>\n<\/ul>\n<p><small>Bildmaterial: a_korn (fotolia.com)<\/small><\/p>\n<div style='text-align:left' class='yasr-auto-insert-visitor'><\/div>","protected":false},"excerpt":{"rendered":"<p>Als Festgeldanleger leihe ich meiner Bank des Vertrauens eine bestimme Summe Geld zum vorher festgelegten Zinssatz. Auch die Leihdauer, genannt Laufzeit, ist vorab festgelegt. Deswegen hei\u00dft es ja Festgeld. Festgeld kann man immer nur bei einem Kreditinstitut (umgangs&shy;sprachlich Bank) anlegen. &hellip; <a href=\"https:\/\/www.optimal-banking.de\/news\/festgeld\/\">Weiterlesen <span class=\"meta-nav\">&rarr;<\/span><\/a><\/p>\n","protected":false},"author":4,"featured_media":0,"parent":0,"menu_order":0,"comment_status":"open","ping_status":"closed","template":"","meta":{"yasr_overall_rating":0,"yasr_post_is_review":"","yasr_auto_insert_disabled":"","yasr_review_type":"","footnotes":""},"class_list":["post-885","page","type-page","status-publish","hentry"],"aioseo_notices":[],"yasr_visitor_votes":{"stars_attributes":{"read_only":false,"span_bottom":false},"number_of_votes":0,"sum_votes":0},"_links":{"self":[{"href":"https:\/\/www.optimal-banking.de\/news\/wp-json\/wp\/v2\/pages\/885"}],"collection":[{"href":"https:\/\/www.optimal-banking.de\/news\/wp-json\/wp\/v2\/pages"}],"about":[{"href":"https:\/\/www.optimal-banking.de\/news\/wp-json\/wp\/v2\/types\/page"}],"author":[{"embeddable":true,"href":"https:\/\/www.optimal-banking.de\/news\/wp-json\/wp\/v2\/users\/4"}],"replies":[{"embeddable":true,"href":"https:\/\/www.optimal-banking.de\/news\/wp-json\/wp\/v2\/comments?post=885"}],"version-history":[{"count":0,"href":"https:\/\/www.optimal-banking.de\/news\/wp-json\/wp\/v2\/pages\/885\/revisions"}],"wp:attachment":[{"href":"https:\/\/www.optimal-banking.de\/news\/wp-json\/wp\/v2\/media?parent=885"}],"curies":[{"name":"wp","href":"https:\/\/api.w.org\/{rel}","templated":true}]}}