{"id":930,"date":"2012-04-05T07:26:17","date_gmt":"2012-04-05T06:26:17","guid":{"rendered":"http:\/\/www.optimal-banking.de\/news\/?page_id=930"},"modified":"2012-04-05T07:26:17","modified_gmt":"2012-04-05T06:26:17","slug":"barclaycard-dispo","status":"publish","type":"page","link":"https:\/\/www.optimal-banking.de\/news\/barclaycard-dispo\/","title":{"rendered":"Barclaycard Dispo &#8211; wie nutzt man ihn clever?"},"content":{"rendered":"<p><div style=\"width: 110px\" class=\"wp-caption alignright\"><a href=\"\/data\/optimal-banking.php\"><img loading=\"lazy\" decoding=\"async\" alt=\"Chefredakteur\" src=\"\/x210\/gj-100.jpg\" title=\"Chefredakteur\" width=\"100\" height=\"132\" \/><\/a><p class=\"wp-caption-text\">Gregor Janecke<\/p><\/div><br \/>\n<strong>Seit meinem Produkttest \u201e<a href=\"\/bank\/barclaycard-test.php\">Barclaycard New Visa<\/a>\u201c bin ich Kreditkartenkunde von Barclaycard.<\/strong><br \/>\nBarclays bef\u00fcllt unaufgefordert ein bis zwei Mal im Monat meinen Briefkasten mit Kreditangeboten. Fast immer handelt es sich um \u201eg\u00fcnstige\u201c Ratenkredite. Heute bekam ich das Angebot:<\/p>\n<blockquote><p>Barclaycard Dispo &ndash; bis zu 8 Wochen lang keine Zinsen zahlen!<\/p><\/blockquote>\n<p>\u00dcber den Barclaycard Dispo berichte ich, da er <strong>f\u00fcr andere Leser interessant sein k\u00f6nnte, wenn man ihn clever nutzt<\/strong>.<\/p>\n<h2>Barclaycard Dispo &ndash; nicht jeder kann ihn bekommen<\/h2>\n<p><div id=\"attachment_936\" style=\"width: 210px\" class=\"wp-caption alignright\"><img loading=\"lazy\" decoding=\"async\" aria-describedby=\"caption-attachment-936\" src=\"https:\/\/www.optimal-banking.de\/news\/wp-content\/uploads\/sites\/2\/2012\/04\/barclaycard-dispo.jpg\" alt=\"Barclaycard Dispo\" title=\"Barclaycard Dispo\" width=\"200\" height=\"288\" class=\"size-full wp-image-936\" \/><p id=\"caption-attachment-936\" class=\"wp-caption-text\">Diesen Flyer erhielt ich von Barclaycard per Post.<\/p><\/div><br \/>\nGleich vorneweg: Den Barclaycard Dispo k\u00f6nnen nur Menschen erhalten, die bereits eine Barclaycard haben. Haben Sie keine? Dann schauen Sie sich doch die <a href=\"\/bank\/barclaycard.php\">\u00dcbersicht zu den Kreditkarten<\/a> an.<\/p>\n<h3>Meine Recherche bei Barclaycard<\/h3>\n<p>Man kann den Barclaycard Dispo nicht als Neukunde beantragen. Lediglich Bestandskunden haben dazu die M\u00f6glichkeit. Dazu nutzt man das einseitige Formular \u201eBarclaycard Dispo Antrag\u201c, welches dem Kreditangebot beiliegt.<\/p>\n<blockquote><p>99 % der Dispokredite werden genehmigt<\/p><\/blockquote>\n<p>Diese Vorgehensweise hat mehrere Vorteile f\u00fcr Kunde und Kreditkartengesellschaft. Alle Kreditangebote sind bereits vorgepr\u00fcft. Der Kunde erh\u00e4lt also nur ein Angebot, wenn Barclays auch bereit ist diese <strong>zus\u00e4tzliche Kreditlinie<\/strong> einzur\u00e4umen. Die Kreditlinie auf der Kreditkarte bleibt nebenher in vollem Umfang bestehen. In meinem Fall w\u00fcrde sich der Kreditrahmen sogar verdoppeln.<br \/>\nEinziger Wermutstropfen: Als Bestandskunde muss man derzeit abwarten, bis man das Angebot von Barclaycard erh\u00e4lt. Derzeit kann man nicht von sich aus den <strong>zinslosen Dispo<\/strong> beantragen. Hoffentlich \u00e4ndert sich das bald!?<br \/>\nBei telefonischer Nachfrage wird dem Kunden angeboten in die Ratenkreditabteilung durchgestellt zu werden. Das ist nett, jedoch w\u00e4re das dann ein anderes, nicht so flexibles Produkt. Also bleiben wir auf dieser Seite beim Dispo &hellip;<\/p>\n<h2>8 Wochen keine Zinsen zahlen!<\/h2>\n<p>Der Barclaycard Dispo funktioniert analog zu den bew\u00e4hrten Kreditkarten. In den ersten 4,5 Wochen werden die Zahlungen gesammelt, dann wird dem Kunden eine Abrechnung erstellt. Nun hat der Kunde nochmals 3,5 Wochen Zeit, um den Betrag zu begleichen. Gleicht er zum Termin das Kreditkonto aus, werden keine Zinsen berechnet. Der Kunde darf sich \u00fcber einen zinsfreien Kredit freuen.<br \/>\n<div id=\"attachment_933\" style=\"width: 660px\" class=\"wp-caption alignleft\"><img loading=\"lazy\" decoding=\"async\" aria-describedby=\"caption-attachment-933\" src=\"https:\/\/www.optimal-banking.de\/news\/wp-content\/uploads\/sites\/2\/2012\/04\/dispo-kredit-zinsfrei.jpg\" alt=\"Darstellung wie der Fristen f\u00fcr den zinsfreien Dispokredit.\" title=\"So ist der Dispokredit zinsfrei!\" width=\"650\" height=\"168\" class=\"size-full wp-image-933\" srcset=\"https:\/\/www.optimal-banking.de\/news\/wp-content\/uploads\/sites\/2\/2012\/04\/dispo-kredit-zinsfrei.jpg 650w, https:\/\/www.optimal-banking.de\/news\/wp-content\/uploads\/sites\/2\/2012\/04\/dispo-kredit-zinsfrei-300x78.jpg 300w\" sizes=\"(max-width: 650px) 100vw, 650px\" \/><p id=\"caption-attachment-933\" class=\"wp-caption-text\">Diese sch\u00f6ne Darstellung habe ich f\u00fcr Sie aus dem Flyer eingescannt.<\/p><\/div><br \/>\nGenauso funktioniert es beim Barclaycard Dispo. Einmal eingerichtet l\u00e4sst man sich den gew\u00fcnschten Kreditbetrag aufs eigene Girokonto auszahlen. Dazu gen\u00fcgt ein kurzer Telefonanruf mit Legitimation oder ein Brief\/Fax\/PDF via E-Mail.<\/p>\n<h3>Geb\u00fchren<\/h3>\n<p>Lediglich eine Auszahlungsgeb\u00fchr von 0,2 % &ndash; das w\u00e4ren bei einer Auszahlungssumme von 5.000 Euro genau 10 Euro &ndash; fallen an Kosten an.<br \/>\n<div style=\"width: 110px\" class=\"wp-caption alignright\"><img loading=\"lazy\" decoding=\"async\" alt=\"Tipp\" src=\"\/x210\/top-89.png\" title=\"Tipp\" width=\"100\" height=\"89\" \/><p class=\"wp-caption-text\">Tipp!<\/p><\/div><\/p>\n<h3>Tipp aus der Praxis<\/h3>\n<p>Wer mit Barclaycard, es geht auch telefonisch, vereinbart, dass stets der volle Betrag vom Girokonto am F\u00e4lligkeitstag eingezogen wird, der wird niemals Kreditzinsen an Barclays zahlen!<\/p>\n<h3>Womit verdient Barclaycard Geld?<\/h3>\n<p>Es gibt mehrere Positionen, bei denen die Kreditkartengesellschaft verdienen kann.<br \/>\nZuerst fallen einem die vergleichsweise hohen Kreditzinsen auf. Diese werden allen Kunden r\u00fcckwirkend ab dem Tag der Kontobelastung berechnet, wenn nicht bis zum F\u00e4lligkeitstag das Kreditkartenkonto ausgeglichen wird. Es erfolgt dann n\u00e4mlich eine automatische Umwandlung in eine Ratenzahlung.<br \/>\nDie zweite Position, an der Barclays gerne verdienen m\u00f6chte, ist das Angebot der \u201eKontosicherheit\u201c. Dem Kunden wird angeboten \u201ef\u00fcr nur 0,89&nbsp;% des monatlichen Gesamtsaldos\u201c seinen Kredit zu versichern. Ist man beispielsweise durchschnittlich mit 2.500 Euro in der Kreditlinie, kostet das 267 Euro j\u00e4hrlich an Versicherungspr\u00e4mie. Ich pers\u00f6nlich w\u00fcrde darauf verzichten.<br \/>\n<div style=\"width: 110px\" class=\"wp-caption alignright\"><img loading=\"lazy\" decoding=\"async\" alt=\"Verm\u00f6genstreppe\" src=\"\/x210\/tagesgeldanlage-und-zinsen.jpg\" title=\"Verm\u00f6genstreppe\" width=\"100\" height=\"151\" \/><p class=\"wp-caption-text\">Wie macht man aus Geld Geld?<\/p><\/div><\/p>\n<h2>Wie nutzt man dieses Kreditangebot nun clever?<\/h2>\n<p>Man macht ein Zinsdifferenzgesch\u00e4ft. Das ist das Gleiche, was Banken auch jeden Tag machen. Man kauft Geld zu einem g\u00fcnstigen Zinssatz ein und verleiht es teurer weiter. Ist niemand zum Weiterverleihen da, dann legt man das Geld gewinnbringend an.<br \/>\nEs w\u00e4re spannend zu erfahren, welche Ideen Sie dazu entwickeln! Beachten Sie stets, dass solche Gesch\u00e4fte ein Risiko in sich tragen, n\u00e4mlich den (Teil-)Verlust Ihrer Investition. Um nicht in eine \u201eZinsfalle\u201c zu rutschen, sollte man stets in der Lage sein, seine Verbindlichkeiten auch in schwierigen Situationen bedienen zu k\u00f6nnen.<\/p>\n<h3>Wie geht es weiter?<\/h3>\n<p>Als Erstes ben\u00f6tigt man eine Barclaycard Kreditkarte. Ich hatte mich damals f\u00fcr die Barclaycard New Visa entschieden.<\/p>\n<div class=\"lb\"><a href=\"\/bank\/barclaycard-test.php\">Testbericht zur Visa Card lesen &raquo;<\/a><\/div>\n<p><a href=\"\/bank\/barclaycard.php\">Weitere Kreditkarten von Barclaycard anzeigen<\/a>.<\/p>\n<h4>Themenverwandte Seiten<\/h4>\n<ul>\n<li><a href=\"\/bank\/dispo.php\">Girokonto mit Dispo im Vergleich<\/a><\/li>\n<li><a href=\"\/info\/abrufkredit.php\">Abrufkredite, wie ein g\u00fcnstiger Dispo bei einer anderen Bank<\/a><\/li>\n<\/ul>\n<p><small>Bildmaterial: ioannis kounadeas (fotolia.com) &#183; Barclaycard<\/small><\/p>\n<div style='text-align:left' class='yasr-auto-insert-visitor'><\/div>","protected":false},"excerpt":{"rendered":"<p>Seit meinem Produkttest \u201eBarclaycard New Visa\u201c bin ich Kreditkartenkunde von Barclaycard. Barclays bef\u00fcllt unaufgefordert ein bis zwei Mal im Monat meinen Briefkasten mit Kreditangeboten. Fast immer handelt es sich um \u201eg\u00fcnstige\u201c Ratenkredite. Heute bekam ich das Angebot: Barclaycard Dispo &ndash; &hellip; <a href=\"https:\/\/www.optimal-banking.de\/news\/barclaycard-dispo\/\">Weiterlesen <span class=\"meta-nav\">&rarr;<\/span><\/a><\/p>\n","protected":false},"author":2,"featured_media":0,"parent":0,"menu_order":0,"comment_status":"open","ping_status":"closed","template":"","meta":{"yasr_overall_rating":0,"yasr_post_is_review":"","yasr_auto_insert_disabled":"","yasr_review_type":"","footnotes":""},"class_list":["post-930","page","type-page","status-publish","hentry"],"aioseo_notices":[],"yasr_visitor_votes":{"stars_attributes":{"read_only":false,"span_bottom":false},"number_of_votes":40,"sum_votes":139},"_links":{"self":[{"href":"https:\/\/www.optimal-banking.de\/news\/wp-json\/wp\/v2\/pages\/930"}],"collection":[{"href":"https:\/\/www.optimal-banking.de\/news\/wp-json\/wp\/v2\/pages"}],"about":[{"href":"https:\/\/www.optimal-banking.de\/news\/wp-json\/wp\/v2\/types\/page"}],"author":[{"embeddable":true,"href":"https:\/\/www.optimal-banking.de\/news\/wp-json\/wp\/v2\/users\/2"}],"replies":[{"embeddable":true,"href":"https:\/\/www.optimal-banking.de\/news\/wp-json\/wp\/v2\/comments?post=930"}],"version-history":[{"count":0,"href":"https:\/\/www.optimal-banking.de\/news\/wp-json\/wp\/v2\/pages\/930\/revisions"}],"wp:attachment":[{"href":"https:\/\/www.optimal-banking.de\/news\/wp-json\/wp\/v2\/media?parent=930"}],"curies":[{"name":"wp","href":"https:\/\/api.w.org\/{rel}","templated":true}]}}